{"id":20662,"date":"2025-01-24T08:36:18","date_gmt":"2025-01-24T07:36:18","guid":{"rendered":"https:\/\/www.billigtrikotde.com\/?post_type=product&#038;p=20662"},"modified":"2025-03-01T09:14:12","modified_gmt":"2025-03-01T08:14:12","slug":"fc-barcelona-ausweich-trikotsatz-2024-25-fussballtrikots-fuer-kinder","status":"publish","type":"product","link":"https:\/\/www.billigtrikotde.com\/fr\/fc-barcelona-ausweich-trikotsatz-2024-25-fussballtrikots-fuer-kinder\/","title":{"rendered":"FC Barcelone \u00c9vasion Jeu de maillots de football 2024-25 pour enfants"},"content":{"rendered":"<p>Le troisi\u00e8me maillot bon march\u00e9 du Bar\u00e7a 2024-25 se distingue par son sch\u00e9ma de couleurs moderne. Il combine un volt clair avec du bleu pour les logos et les applications. Les couleurs officielles sont \"Barely Volt \/ Old Royal\".Le troisi\u00e8me maillot du Bar\u00e7a 2024-2025 est con\u00e7u avec un symbole de genre f\u00e9minin - un hermaphrodite, un cercle sur une croix.<\/p>\n<p>Comme tous les autres maillots de la saison 2024-2025, le maillot 24-25 de Barcelone comporte un swoosh sur la t\u00eate. L'\u00e9cusson se trouve sur le c\u00f4t\u00e9 gauche dans une version monochrome volt bord\u00e9e de bleu.<\/p>\n<p>Conseils pour l'impression : Si le nom et le num\u00e9ro figurant sur l'image correspondent exactement \u00e0 ce que vous souhaitez, vous ne devez pas les saisir \u00e0 nouveau. Si ce n'est pas le cas, vous devez saisir le nom et le num\u00e9ro que vous souhaitez.<\/p>\n<p>Conseils pour le lavage : Il est recommand\u00e9 de laver les maillots de football \u00e0 la main. Si vous souhaitez utiliser la machine \u00e0 laver, pensez \u00e0 retourner les maillots de football avant de les laver. Remplissez la machine avec de l'eau froide et utilisez un cycle de lavage d\u00e9licat pour mieux prot\u00e9ger les couleurs.<\/p>","protected":false},"excerpt":{"rendered":"<p>Le maillot third Bar\u00e7a 2024-25 \u00e0 petit prix impressionne par un sch\u00e9ma de couleurs moderne. Il associe un jaune clair Volt \u00e0 du Bleu pour les logos et les applications. Officiellement les couleurs sont \u00ab Barely Volt \/ Old Royal \u00bb. Le maillot Bar\u00e7a 2024-2025 troisi\u00e8me est con\u00e7u avec un symbole sexuel f\u00e9minin \u2013 une hermaphrodite, un cercle au-dessus d\u2019une croix. Comme tous les autres maillots de la saison [\u2026]<\/p>","protected":false},"featured_media":20664,"comment_status":"open","ping_status":"closed","template":"","meta":[],"product_brand":[],"product_cat":[146],"product_tag":[20,33,1261,22,24],"class_list":{"0":"post-20662","1":"product","2":"type-product","3":"status-publish","4":"has-post-thumbnail","6":"product_cat-barcelona-kindertrikot","7":"product_tag-coole-fussballtrikots","8":"product_tag-fc-barcelona-trikots","9":"product_tag-fussballtrikot-fuer-kinder","10":"product_tag-fussballtrikot-guenstig-kaufen","11":"product_tag-guenstiges-fussballtrikot","13":"first","14":"instock","15":"shipping-taxable","16":"purchasable","17":"product-type-variable"},"_links":{"self":[{"href":"https:\/\/www.billigtrikotde.com\/fr\/wp-json\/wp\/v2\/product\/20662","targetHints":{"allow":["GET"]}}],"collection":[{"href":"https:\/\/www.billigtrikotde.com\/fr\/wp-json\/wp\/v2\/product"}],"about":[{"href":"https:\/\/www.billigtrikotde.com\/fr\/wp-json\/wp\/v2\/types\/product"}],"replies":[{"embeddable":true,"href":"https:\/\/www.billigtrikotde.com\/fr\/wp-json\/wp\/v2\/comments?post=20662"}],"wp:featuredmedia":[{"embeddable":true,"href":"https:\/\/www.billigtrikotde.com\/fr\/wp-json\/wp\/v2\/media\/20664"}],"wp:attachment":[{"href":"https:\/\/www.billigtrikotde.com\/fr\/wp-json\/wp\/v2\/media?parent=20662"}],"wp:term":[{"taxonomy":"product_brand","embeddable":true,"href":"https:\/\/www.billigtrikotde.com\/fr\/wp-json\/wp\/v2\/product_brand?post=20662"},{"taxonomy":"product_cat","embeddable":true,"href":"https:\/\/www.billigtrikotde.com\/fr\/wp-json\/wp\/v2\/product_cat?post=20662"},{"taxonomy":"product_tag","embeddable":true,"href":"https:\/\/www.billigtrikotde.com\/fr\/wp-json\/wp\/v2\/product_tag?post=20662"}],"curies":[{"name":"wp","href":"https:\/\/api.w.org\/{rel}","templated":true}]}}