{"id":20573,"date":"2025-01-10T14:55:49","date_gmt":"2025-01-10T13:55:49","guid":{"rendered":"https:\/\/www.billigtrikotde.com\/?post_type=product&#038;p=20573"},"modified":"2025-02-01T15:58:52","modified_gmt":"2025-02-01T14:58:52","slug":"fussballtrikots-kaufen-kinder-real-madrid-auswaerts-trikotsatz-2024-2025-personalisierbar","status":"publish","type":"product","link":"https:\/\/www.billigtrikotde.com\/fr\/fussballtrikots-kaufen-kinder-real-madrid-auswaerts-trikotsatz-2024-2025-personalisierbar\/","title":{"rendered":"Maillots de foot Acheter Enfants Real Madrid Ext\u00e9rieur Jeu de Maillots 2024-2025 Personnalisable"},"content":{"rendered":"<p>Le maillot ext\u00e9rieur abordable du Real Madrid 24-25 rappelle par sa couleur le troisi\u00e8me maillot de la saison 2013-2014. Il est principalement d\u2019un orange vif avec des applications noires. Le col est dot\u00e9 de d\u00e9tails blancs. Le maillot ext\u00e9rieur 24-25 du Real Madrid \u00e9voque la couleur du troisi\u00e8me maillot de la saison 2013-2014. Lors de la saison 2013-2014, Madrid a r\u00e9alis\u00e9 son r\u00eave de la Decima, le 10e titre de la Ligue des champions, atteint.<\/p>\n<p>Conseils pour l'impression : Si le nom et le num\u00e9ro figurant sur l'image correspondent exactement \u00e0 ce que vous souhaitez, vous ne devez pas les saisir \u00e0 nouveau. Si ce n'est pas le cas, vous devez saisir le nom et le num\u00e9ro que vous souhaitez.<\/p>\n<p>Conseils pour le lavage : Il est recommand\u00e9 de laver les maillots de football \u00e0 la main. Si vous souhaitez utiliser la machine \u00e0 laver, pensez \u00e0 retourner les maillots de football avant de les laver. Remplissez la machine avec de l'eau froide et utilisez un cycle de lavage d\u00e9licat pour mieux prot\u00e9ger les couleurs.<\/p>","protected":false},"excerpt":{"rendered":"<p>Le maillot ext\u00e9rieur abordable du Real Madrid 24-25 rappelle par sa couleur le troisi\u00e8me maillot de la saison 2013-2014. Il est principalement d\u2019un orange vif avec des applications noires. Le col est dot\u00e9 de d\u00e9tails blancs. Le maillot ext\u00e9rieur 24-25 du Real Madrid \u00e9voque la couleur du troisi\u00e8me maillot de la saison 2013-2014. Lors de la saison 2013-2014, Madrid a r\u00e9alis\u00e9 son r\u00eave de la Decima, le 10e titre de la Ligue des champions, atteint.<\/p>","protected":false},"featured_media":20563,"comment_status":"open","ping_status":"closed","template":"","meta":[],"product_brand":[],"product_cat":[165],"product_tag":[20,574,24,94,879,880,47,166],"class_list":{"0":"post-20573","1":"product","2":"type-product","3":"status-publish","4":"has-post-thumbnail","6":"product_cat-real-madrid-kindertrikot","7":"product_tag-coole-fussballtrikots","8":"product_tag-fussballtrikot-deutschland","9":"product_tag-guenstiges-fussballtrikot","10":"product_tag-kinder-fussball-trikotsatz","11":"product_tag-real-madrid-fussballtrikots-kinder","12":"product_tag-real-madrid-trikot-fuer-kinder","13":"product_tag-real-madrid-trikots","14":"product_tag-real-madrid-trikotsatz-fuer-kinder","16":"first","17":"instock","18":"shipping-taxable","19":"purchasable","20":"product-type-variable"},"_links":{"self":[{"href":"https:\/\/www.billigtrikotde.com\/fr\/wp-json\/wp\/v2\/product\/20573","targetHints":{"allow":["GET"]}}],"collection":[{"href":"https:\/\/www.billigtrikotde.com\/fr\/wp-json\/wp\/v2\/product"}],"about":[{"href":"https:\/\/www.billigtrikotde.com\/fr\/wp-json\/wp\/v2\/types\/product"}],"replies":[{"embeddable":true,"href":"https:\/\/www.billigtrikotde.com\/fr\/wp-json\/wp\/v2\/comments?post=20573"}],"wp:featuredmedia":[{"embeddable":true,"href":"https:\/\/www.billigtrikotde.com\/fr\/wp-json\/wp\/v2\/media\/20563"}],"wp:attachment":[{"href":"https:\/\/www.billigtrikotde.com\/fr\/wp-json\/wp\/v2\/media?parent=20573"}],"wp:term":[{"taxonomy":"product_brand","embeddable":true,"href":"https:\/\/www.billigtrikotde.com\/fr\/wp-json\/wp\/v2\/product_brand?post=20573"},{"taxonomy":"product_cat","embeddable":true,"href":"https:\/\/www.billigtrikotde.com\/fr\/wp-json\/wp\/v2\/product_cat?post=20573"},{"taxonomy":"product_tag","embeddable":true,"href":"https:\/\/www.billigtrikotde.com\/fr\/wp-json\/wp\/v2\/product_tag?post=20573"}],"curies":[{"name":"wp","href":"https:\/\/api.w.org\/{rel}","templated":true}]}}