{"id":20530,"date":"2025-01-07T08:54:57","date_gmt":"2025-01-07T07:54:57","guid":{"rendered":"https:\/\/www.billigtrikotde.com\/?post_type=product&#038;p=20530"},"modified":"2025-02-01T15:57:10","modified_gmt":"2025-02-01T14:57:10","slug":"kinder-rb-leipzig-ausweich-trikotsatz-2024-25-gruen-fussballtrikots-online-kaufen","status":"publish","type":"product","link":"https:\/\/www.billigtrikotde.com\/fr\/kinder-rb-leipzig-ausweich-trikotsatz-2024-25-gruen-fussballtrikots-online-kaufen\/","title":{"rendered":"Enfants RB Leipzig Jeu de maillots d'\u00e9vitement 2024-25 Vert Acheter des maillots de football en ligne"},"content":{"rendered":"<p>Le troisi\u00e8me maillot de football Rasen Ballsport RB Leipzig 2024-25 est principalement bleu fonc\u00e9 avec des graphiques futuristes qui c\u00e9l\u00e8brent l'\u00e9lan vers l'avant et la prochaine g\u00e9n\u00e9ration du club. Le col en V profond et les poignets sont en vert menthe, tandis que le blason du club et RB Leipzig sont en blanc.<\/p>\n<p>Conseils pour l'impression : Si le nom et le num\u00e9ro figurant sur l'image correspondent exactement \u00e0 ce que vous souhaitez, vous ne devez pas les saisir \u00e0 nouveau. Si ce n'est pas le cas, vous devez saisir le nom et le num\u00e9ro que vous souhaitez.<\/p>\n<p>Conseils pour le lavage : Il est recommand\u00e9 de laver les maillots de football \u00e0 la main. Si vous souhaitez utiliser la machine \u00e0 laver, pensez \u00e0 retourner les maillots de football avant de les laver. Remplissez la machine avec de l'eau froide et utilisez un cycle de lavage d\u00e9licat pour mieux prot\u00e9ger les couleurs.<\/p>","protected":false},"excerpt":{"rendered":"<p>Le troisi\u00e8me maillot de football RB Leipzig 2024-25 est majoritairement bleu fonc\u00e9 avec des graphismes futuristes qui c\u00e9l\u00e8brent l'\u00e9lan vers l'avant et la prochaine g\u00e9n\u00e9ration du club. L'encolure en V profonde et les poignets sont de couleur vert menthe, tandis que l'embl\u00e8me du club et RB Leipzig sont blancs. Conseils d'impression : Lorsque le nom et le num\u00e9ro figurent sur l'image [\u2026]<\/p>","protected":false},"featured_media":20532,"comment_status":"open","ping_status":"closed","template":"","meta":[],"product_brand":[],"product_cat":[1330],"product_tag":[20,574,24,94,1331,1332,1333,187,1334],"class_list":{"0":"post-20530","1":"product","2":"type-product","3":"status-publish","4":"has-post-thumbnail","6":"product_cat-rb-leipzig-kindertrikot","7":"product_tag-coole-fussballtrikots","8":"product_tag-fussballtrikot-deutschland","9":"product_tag-guenstiges-fussballtrikot","10":"product_tag-kinder-fussball-trikotsatz","11":"product_tag-rb-leipzig-fussballtrikots-kinder","12":"product_tag-rb-leipzig-kinder-trikot-set","13":"product_tag-rb-leipzig-trikot-fuer-kinder","14":"product_tag-rb-leipzig-trikots","15":"product_tag-rb-leipzig-trikotsatz-fuer-kinder","17":"first","18":"instock","19":"shipping-taxable","20":"purchasable","21":"product-type-variable"},"_links":{"self":[{"href":"https:\/\/www.billigtrikotde.com\/fr\/wp-json\/wp\/v2\/product\/20530","targetHints":{"allow":["GET"]}}],"collection":[{"href":"https:\/\/www.billigtrikotde.com\/fr\/wp-json\/wp\/v2\/product"}],"about":[{"href":"https:\/\/www.billigtrikotde.com\/fr\/wp-json\/wp\/v2\/types\/product"}],"replies":[{"embeddable":true,"href":"https:\/\/www.billigtrikotde.com\/fr\/wp-json\/wp\/v2\/comments?post=20530"}],"wp:featuredmedia":[{"embeddable":true,"href":"https:\/\/www.billigtrikotde.com\/fr\/wp-json\/wp\/v2\/media\/20532"}],"wp:attachment":[{"href":"https:\/\/www.billigtrikotde.com\/fr\/wp-json\/wp\/v2\/media?parent=20530"}],"wp:term":[{"taxonomy":"product_brand","embeddable":true,"href":"https:\/\/www.billigtrikotde.com\/fr\/wp-json\/wp\/v2\/product_brand?post=20530"},{"taxonomy":"product_cat","embeddable":true,"href":"https:\/\/www.billigtrikotde.com\/fr\/wp-json\/wp\/v2\/product_cat?post=20530"},{"taxonomy":"product_tag","embeddable":true,"href":"https:\/\/www.billigtrikotde.com\/fr\/wp-json\/wp\/v2\/product_tag?post=20530"}],"curies":[{"name":"wp","href":"https:\/\/api.w.org\/{rel}","templated":true}]}}