{"id":20524,"date":"2025-01-07T08:11:33","date_gmt":"2025-01-07T07:11:33","guid":{"rendered":"https:\/\/www.billigtrikotde.com\/?post_type=product&#038;p=20524"},"modified":"2025-02-01T15:56:31","modified_gmt":"2025-02-01T14:56:31","slug":"fussballtrikots-sale-kinder-rb-leipzig-auswaertstrikot-2024-25-rot-lutsharel-geertruida-3","status":"publish","type":"product","link":"https:\/\/www.billigtrikotde.com\/fr\/fussballtrikots-sale-kinder-rb-leipzig-auswaertstrikot-2024-25-rot-lutsharel-geertruida-3\/","title":{"rendered":"Maillots de foot Vente Enfants RB Leipzig Maillot Away 2024-25 Rouge Lutsharel Geertruida 3"},"content":{"rendered":"<p>Le maillot ext\u00e9rieur pas cher RB Leipzig 2024-25 a un design styl\u00e9 pour le club d\u00e9tenu par les Red Bulls. Il combine deux tons de rouge dans un design de motif unique avec tous les logos en blanc.Le design du maillot Leipzig 24-25 ext\u00e9rieur symbolise le club \"Unstoppable\".L'\u00e9cusson du club du maillot RB Leipzig 2024-25 ext\u00e9rieur est blanc sur un fond rouge-brun, fabriqu\u00e9 en TPU de haute qualit\u00e9 avec un effet 3D. Le col est rouge clair avec un empi\u00e8cement marron sur le devant.<\/p>\n<p>Conseils pour l'impression : Si le nom et le num\u00e9ro figurant sur l'image correspondent exactement \u00e0 ce que vous souhaitez, vous ne devez pas les saisir \u00e0 nouveau. Si ce n'est pas le cas, vous devez saisir le nom et le num\u00e9ro que vous souhaitez.<\/p>\n<p>Conseils pour le lavage : Il est recommand\u00e9 de laver les maillots de football \u00e0 la main. Si vous souhaitez utiliser la machine \u00e0 laver, pensez \u00e0 retourner les maillots de football avant de les laver. Remplissez la machine avec de l'eau froide et utilisez un cycle de lavage d\u00e9licat pour mieux prot\u00e9ger les couleurs.<\/p>","protected":false},"excerpt":{"rendered":"<p>Das G\u00fcnstige RB Leipzig 2024-25 Ausw\u00e4rtstrikot hat ein stylisches Design f\u00fcr den Verein im Besitz der Roten Bullen. Es kombiniert zwei Rott\u00f6ne in einem einzigartigen Musterdesign mit allen Logos in Wei\u00df.Das Design des Leipzig 24-25 Ausw\u00e4rtstrikots symbolisiert den \u201eUnstoppable\u201c Club.Das Vereinswappen des RB Leipzig 2024-25 Ausw\u00e4rtstrikots ist wei\u00df auf rotbraunem Grund, hergestellt aus hochwertigem TPU [&hellip;]<\/p>","protected":false},"featured_media":20526,"comment_status":"open","ping_status":"closed","template":"","meta":[],"product_brand":[],"product_cat":[1330],"product_tag":[20,574,24,94,1375,1331,1332,1333,187,1334],"class_list":{"0":"post-20524","1":"product","2":"type-product","3":"status-publish","4":"has-post-thumbnail","6":"product_cat-rb-leipzig-kindertrikot","7":"product_tag-coole-fussballtrikots","8":"product_tag-fussballtrikot-deutschland","9":"product_tag-guenstiges-fussballtrikot","10":"product_tag-kinder-fussball-trikotsatz","11":"product_tag-lutsharel-geertruida-trikots","12":"product_tag-rb-leipzig-fussballtrikots-kinder","13":"product_tag-rb-leipzig-kinder-trikot-set","14":"product_tag-rb-leipzig-trikot-fuer-kinder","15":"product_tag-rb-leipzig-trikots","16":"product_tag-rb-leipzig-trikotsatz-fuer-kinder","18":"first","19":"instock","20":"shipping-taxable","21":"purchasable","22":"product-type-variable"},"_links":{"self":[{"href":"https:\/\/www.billigtrikotde.com\/fr\/wp-json\/wp\/v2\/product\/20524","targetHints":{"allow":["GET"]}}],"collection":[{"href":"https:\/\/www.billigtrikotde.com\/fr\/wp-json\/wp\/v2\/product"}],"about":[{"href":"https:\/\/www.billigtrikotde.com\/fr\/wp-json\/wp\/v2\/types\/product"}],"replies":[{"embeddable":true,"href":"https:\/\/www.billigtrikotde.com\/fr\/wp-json\/wp\/v2\/comments?post=20524"}],"wp:featuredmedia":[{"embeddable":true,"href":"https:\/\/www.billigtrikotde.com\/fr\/wp-json\/wp\/v2\/media\/20526"}],"wp:attachment":[{"href":"https:\/\/www.billigtrikotde.com\/fr\/wp-json\/wp\/v2\/media?parent=20524"}],"wp:term":[{"taxonomy":"product_brand","embeddable":true,"href":"https:\/\/www.billigtrikotde.com\/fr\/wp-json\/wp\/v2\/product_brand?post=20524"},{"taxonomy":"product_cat","embeddable":true,"href":"https:\/\/www.billigtrikotde.com\/fr\/wp-json\/wp\/v2\/product_cat?post=20524"},{"taxonomy":"product_tag","embeddable":true,"href":"https:\/\/www.billigtrikotde.com\/fr\/wp-json\/wp\/v2\/product_tag?post=20524"}],"curies":[{"name":"wp","href":"https:\/\/api.w.org\/{rel}","templated":true}]}}