{"id":2046,"date":"2024-10-23T13:57:37","date_gmt":"2024-10-23T11:57:37","guid":{"rendered":"http:\/\/billigtrikots.com\/?post_type=product&#038;p=2046"},"modified":"2024-10-23T13:59:14","modified_gmt":"2024-10-23T11:59:14","slug":"chelsea-f-c-2022-didier-drogba-11-heimtrikot-kurzarm","status":"publish","type":"product","link":"https:\/\/www.billigtrikotde.com\/fr\/chelsea-f-c-2022-didier-drogba-11-heimtrikot-kurzarm\/","title":{"rendered":"Chelsea F.C. 2022 Didier Drogba 11# Maillot domicile manches courtes"},"content":{"rendered":"<p>Le nouveau maillot domicile Chelsea 2021\/22 est enfin disponible ! Le maillot domicile Chelsea 2021\/22 satisfera sans aucun doute les plus grands fans du club londonien ! Bien s\u00fbr, la couleur bleue reste la couleur principale des Blues de Chelsea ! Pour cette saison, Nike a toutefois d\u00e9cid\u00e9 d\u2019oser quelque chose, avec un design tout sauf discret.<\/p>\n<p>De l'\u00e9chiquier au zigzag \u2013 il est clair que le Chelsea Football Club a pris un pari pour cette saison 21\/22. \u00c0 noter, l\u2019apparence sur ce maillot de Chelsea Maillot Domicile 21\/22 comporte la couleur jaune, couleur historique du club. Il faut aussi souligner que le nouveau maillot Chelsea 21\/22 est fabriqu\u00e9 \u00e0 partir de mat\u00e9riaux recyclables, une jolie geste des Blues !<\/p>\n<p>Montrez votre attachement \u00e0 votre club de c\u0153ur et procurez-vous sans h\u00e9siter le nouveau maillot domicile Chelsea 2021\/22 !<\/p>\n<p>Conseils pour l'impression : Si le nom et le num\u00e9ro figurant sur l'image correspondent exactement \u00e0 ce que vous souhaitez, vous ne devez pas les saisir \u00e0 nouveau. Si ce n'est pas le cas, vous devez saisir le nom et le num\u00e9ro que vous souhaitez.<\/p>\n<p>Conseils pour le lavage : Il est recommand\u00e9 de laver les maillots de football \u00e0 la main. Si vous souhaitez utiliser la machine \u00e0 laver, pensez \u00e0 retourner les maillots de football avant de les laver. Remplissez la machine avec de l'eau froide et utilisez un cycle de lavage d\u00e9licat pour mieux prot\u00e9ger les couleurs.<\/p>","protected":false},"excerpt":{"rendered":"<p>Le nouveau maillot domicile Chelsea 2021\/22 est enfin disponible ! Le maillot domicile Chelsea 2021\/22 satisfera sans aucun doute les plus grands fans du club londonien ! Bien s\u00fbr, la couleur bleue reste la couleur principale des Blues de Chelsea ! Pour cette saison, Nike a toutefois d\u00e9cid\u00e9 d\u2019oser quelque chose, avec un design tout sauf discret.<\/p>","protected":false},"featured_media":2080,"comment_status":"open","ping_status":"closed","template":"","meta":[],"product_brand":[],"product_cat":[72],"product_tag":[20,73,21,23,24],"class_list":{"0":"post-2046","1":"product","2":"type-product","3":"status-publish","4":"has-post-thumbnail","6":"product_cat-chelsea","7":"product_tag-coole-fussballtrikots","8":"product_tag-chelsea-trikots","9":"product_tag-fussballtrikot-fuer-herren","10":"product_tag-fussballtrikot-kurzarm","11":"product_tag-guenstiges-fussballtrikot","13":"first","14":"instock","15":"shipping-taxable","16":"purchasable","17":"product-type-variable"},"_links":{"self":[{"href":"https:\/\/www.billigtrikotde.com\/fr\/wp-json\/wp\/v2\/product\/2046","targetHints":{"allow":["GET"]}}],"collection":[{"href":"https:\/\/www.billigtrikotde.com\/fr\/wp-json\/wp\/v2\/product"}],"about":[{"href":"https:\/\/www.billigtrikotde.com\/fr\/wp-json\/wp\/v2\/types\/product"}],"replies":[{"embeddable":true,"href":"https:\/\/www.billigtrikotde.com\/fr\/wp-json\/wp\/v2\/comments?post=2046"}],"wp:featuredmedia":[{"embeddable":true,"href":"https:\/\/www.billigtrikotde.com\/fr\/wp-json\/wp\/v2\/media\/2080"}],"wp:attachment":[{"href":"https:\/\/www.billigtrikotde.com\/fr\/wp-json\/wp\/v2\/media?parent=2046"}],"wp:term":[{"taxonomy":"product_brand","embeddable":true,"href":"https:\/\/www.billigtrikotde.com\/fr\/wp-json\/wp\/v2\/product_brand?post=2046"},{"taxonomy":"product_cat","embeddable":true,"href":"https:\/\/www.billigtrikotde.com\/fr\/wp-json\/wp\/v2\/product_cat?post=2046"},{"taxonomy":"product_tag","embeddable":true,"href":"https:\/\/www.billigtrikotde.com\/fr\/wp-json\/wp\/v2\/product_tag?post=2046"}],"curies":[{"name":"wp","href":"https:\/\/api.w.org\/{rel}","templated":true}]}}