{"id":20406,"date":"2024-12-19T09:07:12","date_gmt":"2024-12-19T08:07:12","guid":{"rendered":"https:\/\/www.gunstigfussballtrikot.de\/?post_type=product&#038;p=20406"},"modified":"2024-12-19T09:07:12","modified_gmt":"2024-12-19T08:07:12","slug":"rb-leipzig-heim-trikotsatz-2024-25-weiss-fussballtrikots-fuer-kinder-lutsharel-geertruida-3","status":"publish","type":"product","link":"https:\/\/www.billigtrikotde.com\/fr\/rb-leipzig-heim-trikotsatz-2024-25-weiss-fussballtrikots-fuer-kinder-lutsharel-geertruida-3\/","title":{"rendered":"RB Leipzig Jeu de maillots domicile 2024-25 blanc maillots de foot pour enfants Lutsharel Geertruida 3"},"content":{"rendered":"<p>Le maillot RB Leipzig 2024-2025 a un design moderne dans les couleurs du club, le blanc et le rouge. Ce qui distingue particuli\u00e8rement le maillot RB Leipzig 2024-2025, c'est son design sur le devant.44. Le maillot Leipzig 24-25 pr\u00e9sente un design graphique rouge unique. Le motif est inspir\u00e9 de l'universit\u00e9 de Leipzig.Tant le col que les poignets du maillot domicile du Rasenballsport Leipzig 24-25 sont rouges.<\/p>\n<p>Conseils pour l'impression : Si le nom et le num\u00e9ro figurant sur l'image correspondent exactement \u00e0 ce que vous souhaitez, vous ne devez pas les saisir \u00e0 nouveau. Si ce n'est pas le cas, vous devez saisir le nom et le num\u00e9ro que vous souhaitez.<\/p>\n<p>Conseils pour le lavage : Il est recommand\u00e9 de laver les maillots de football \u00e0 la main. Si vous souhaitez utiliser la machine \u00e0 laver, pensez \u00e0 retourner les maillots de football avant de les laver. Remplissez la machine avec de l'eau froide et utilisez un cycle de lavage d\u00e9licat pour mieux prot\u00e9ger les couleurs.<\/p>","protected":false},"excerpt":{"rendered":"<p>Le maillot RB Leipzig 2024-2025 a un design moderne dans les couleurs du club, le blanc et le rouge. Ce qui distingue particuli\u00e8rement le maillot RB Leipzig 2024-2025, c'est son design sur le devant.44. Le maillot Leipzig 24-25 a un design graphique rouge unique. Le motif est inspir\u00e9 de l'universit\u00e9 de Leipzig. Le col et les poignets du maillot domicile du Rasenballsport Leipzig 24-25 sont tous deux rouges.<\/p>","protected":false},"featured_media":20408,"comment_status":"open","ping_status":"closed","template":"","meta":[],"product_brand":[],"product_cat":[1330],"product_tag":[20,574,24,94,1375,1331,1332,1333,187,1334],"class_list":{"0":"post-20406","1":"product","2":"type-product","3":"status-publish","4":"has-post-thumbnail","6":"product_cat-rb-leipzig-kindertrikot","7":"product_tag-coole-fussballtrikots","8":"product_tag-fussballtrikot-deutschland","9":"product_tag-guenstiges-fussballtrikot","10":"product_tag-kinder-fussball-trikotsatz","11":"product_tag-lutsharel-geertruida-trikots","12":"product_tag-rb-leipzig-fussballtrikots-kinder","13":"product_tag-rb-leipzig-kinder-trikot-set","14":"product_tag-rb-leipzig-trikot-fuer-kinder","15":"product_tag-rb-leipzig-trikots","16":"product_tag-rb-leipzig-trikotsatz-fuer-kinder","18":"first","19":"instock","20":"shipping-taxable","21":"purchasable","22":"product-type-variable"},"_links":{"self":[{"href":"https:\/\/www.billigtrikotde.com\/fr\/wp-json\/wp\/v2\/product\/20406","targetHints":{"allow":["GET"]}}],"collection":[{"href":"https:\/\/www.billigtrikotde.com\/fr\/wp-json\/wp\/v2\/product"}],"about":[{"href":"https:\/\/www.billigtrikotde.com\/fr\/wp-json\/wp\/v2\/types\/product"}],"replies":[{"embeddable":true,"href":"https:\/\/www.billigtrikotde.com\/fr\/wp-json\/wp\/v2\/comments?post=20406"}],"wp:featuredmedia":[{"embeddable":true,"href":"https:\/\/www.billigtrikotde.com\/fr\/wp-json\/wp\/v2\/media\/20408"}],"wp:attachment":[{"href":"https:\/\/www.billigtrikotde.com\/fr\/wp-json\/wp\/v2\/media?parent=20406"}],"wp:term":[{"taxonomy":"product_brand","embeddable":true,"href":"https:\/\/www.billigtrikotde.com\/fr\/wp-json\/wp\/v2\/product_brand?post=20406"},{"taxonomy":"product_cat","embeddable":true,"href":"https:\/\/www.billigtrikotde.com\/fr\/wp-json\/wp\/v2\/product_cat?post=20406"},{"taxonomy":"product_tag","embeddable":true,"href":"https:\/\/www.billigtrikotde.com\/fr\/wp-json\/wp\/v2\/product_tag?post=20406"}],"curies":[{"name":"wp","href":"https:\/\/api.w.org\/{rel}","templated":true}]}}