{"id":1967,"date":"2024-10-23T13:53:50","date_gmt":"2024-10-23T11:53:50","guid":{"rendered":"http:\/\/billigtrikots.com\/?post_type=product&#038;p=1967"},"modified":"2024-10-23T13:55:51","modified_gmt":"2024-10-23T11:55:51","slug":"herren-chelsea-fc-2022-drittes-trikot-mit-aufdruck-azpilicueta-28","status":"publish","type":"product","link":"https:\/\/www.billigtrikotde.com\/fr\/herren-chelsea-fc-2022-drittes-trikot-mit-aufdruck-azpilicueta-28\/","title":{"rendered":"Hommes Chelsea FC 2022 Troisi\u00e8me maillot imprim\u00e9 Azpilicueta 28"},"content":{"rendered":"<p>Le maillot de remplacement du stade Chelsea FC frappe par ses d\u00e9tails d'\u00e9quipe et assure un confort \u00e0 porter frais et sec, gr\u00e2ce \u00e0 un mat\u00e9riau hautement respirant, sur le terrain ou dans les tribunes pour encourager votre \u00e9quipe.<br \/>\nLa technologie respirante Nike Dri-FIT garantit un confort \u00e0 porter frais et sec.<br \/>\nLe design authentique est bas\u00e9 sur les maillots de jeu des professionnels.<\/p>\n<p>Conseils pour l'impression : Si le nom et le num\u00e9ro figurant sur l'image correspondent exactement \u00e0 ce que vous souhaitez, vous ne devez pas les saisir \u00e0 nouveau. Si ce n'est pas le cas, vous devez saisir le nom et le num\u00e9ro que vous souhaitez.<\/p>\n<p>Conseils de lavage : il est recommand\u00e9 de laver les maillots de football \u00e0 la main. Si vous souhaitez utiliser la machine \u00e0 laver, pensez \u00e0 retourner les maillots de football puis \u00e0 les laver. Remplissez la machine d'eau froide et utilisez un cycle d\u00e9licat pour mieux prot\u00e9ger les couleurs<\/p>","protected":false},"excerpt":{"rendered":"<p>Le maillot d\\'ext\u00e9rieur du Chelsea FC Stadium se distingue par les d\u00e9tails de l\\'\u00e9quipe et procure un confort de port frais et sec sur le terrain ou dans les tribunes pour encourager votre \u00e9quipe, gr\u00e2ce \u00e0 un mat\u00e9riau hautement respirant. La technologie respirante Nike Dri-FIT assure une sensation de fra\u00eecheur et de s\u00e9cheresse lors du port. Le design authentique est bas\u00e9 sur les maillots de jeu des professionnels. Conseils d\\'impression : Lorsque le nom et le num\u00e9ro sur [\u2026]<\/p>","protected":false},"featured_media":2005,"comment_status":"open","ping_status":"closed","template":"","meta":[],"product_brand":[],"product_cat":[72],"product_tag":[20,74,73,21,22,23,24],"class_list":{"0":"post-1967","1":"product","2":"type-product","3":"status-publish","4":"has-post-thumbnail","6":"product_cat-chelsea","7":"product_tag-coole-fussballtrikots","8":"product_tag-chelsea-ausweichtrikot","9":"product_tag-chelsea-trikots","10":"product_tag-fussballtrikot-fuer-herren","11":"product_tag-fussballtrikot-guenstig-kaufen","12":"product_tag-fussballtrikot-kurzarm","13":"product_tag-guenstiges-fussballtrikot","15":"first","16":"instock","17":"shipping-taxable","18":"purchasable","19":"product-type-variable"},"_links":{"self":[{"href":"https:\/\/www.billigtrikotde.com\/fr\/wp-json\/wp\/v2\/product\/1967","targetHints":{"allow":["GET"]}}],"collection":[{"href":"https:\/\/www.billigtrikotde.com\/fr\/wp-json\/wp\/v2\/product"}],"about":[{"href":"https:\/\/www.billigtrikotde.com\/fr\/wp-json\/wp\/v2\/types\/product"}],"replies":[{"embeddable":true,"href":"https:\/\/www.billigtrikotde.com\/fr\/wp-json\/wp\/v2\/comments?post=1967"}],"wp:featuredmedia":[{"embeddable":true,"href":"https:\/\/www.billigtrikotde.com\/fr\/wp-json\/wp\/v2\/media\/2005"}],"wp:attachment":[{"href":"https:\/\/www.billigtrikotde.com\/fr\/wp-json\/wp\/v2\/media?parent=1967"}],"wp:term":[{"taxonomy":"product_brand","embeddable":true,"href":"https:\/\/www.billigtrikotde.com\/fr\/wp-json\/wp\/v2\/product_brand?post=1967"},{"taxonomy":"product_cat","embeddable":true,"href":"https:\/\/www.billigtrikotde.com\/fr\/wp-json\/wp\/v2\/product_cat?post=1967"},{"taxonomy":"product_tag","embeddable":true,"href":"https:\/\/www.billigtrikotde.com\/fr\/wp-json\/wp\/v2\/product_tag?post=1967"}],"curies":[{"name":"wp","href":"https:\/\/api.w.org\/{rel}","templated":true}]}}