{"id":19571,"date":"2024-10-24T11:36:57","date_gmt":"2024-10-24T09:36:57","guid":{"rendered":"http:\/\/billigtrikots.com\/?post_type=product&#038;p=19571"},"modified":"2025-03-13T01:18:58","modified_gmt":"2025-03-13T00:18:58","slug":"herren-fussballtrikot-rb-leipzig-heim-trikotsatz-2024-25-mit-namen-openda-11","status":"publish","type":"product","link":"https:\/\/www.billigtrikotde.com\/fr\/herren-fussballtrikot-rb-leipzig-heim-trikotsatz-2024-25-mit-namen-openda-11\/","title":{"rendered":"Maillot de foot homme RB Leipzig domicile 2024-25 avec nom Openda 11"},"content":{"rendered":"<p>Le maillot RB Leipzig 2024-2025 a un design moderne dans les couleurs du club, le blanc et le rouge. Ce qui distingue particuli\u00e8rement le maillot RB Leipzig 2024-2025, c'est son design sur le devant.44. Le maillot Leipzig 24-25 a un design graphique rouge unique. Le motif est inspir\u00e9 de l'universit\u00e9 de Leipzig. Le col et les poignets du maillot domicile du Rasenballsport Leipzig 24-25 sont tous deux rouges.<\/p>\n<p>Conseils pour l'impression : Si le nom et le num\u00e9ro figurant sur l'image correspondent exactement \u00e0 ce que vous souhaitez, vous ne devez pas les saisir \u00e0 nouveau. Si ce n'est pas le cas, vous devez saisir le nom et le num\u00e9ro que vous souhaitez.<\/p>\n<p>Conseils pour le lavage : Il est recommand\u00e9 de laver les maillots de football \u00e0 la main. Si vous souhaitez utiliser la machine \u00e0 laver, pensez \u00e0 retourner les maillots de football avant de les laver. Remplissez la machine avec de l'eau froide et utilisez un cycle de lavage d\u00e9licat pour mieux prot\u00e9ger les couleurs.<\/p>","protected":false},"excerpt":{"rendered":"<p>Le maillot RB Leipzig 2024-2025 a un design moderne dans les couleurs du club, le blanc et le rouge. Ce qui distingue particuli\u00e8rement le maillot RB Leipzig 2024-2025, c'est son design sur le devant.44. Le maillot Leipzig 24-25 a un design graphique rouge unique. Le motif est inspir\u00e9 de l'universit\u00e9 de Leipzig. Le col et les poignets du maillot domicile du Rasenballsport Leipzig 24-25 sont tous deux rouges.<\/p>","protected":false},"featured_media":19613,"comment_status":"open","ping_status":"closed","template":"","meta":[],"product_brand":[],"product_cat":[185],"product_tag":[20,574,21,22,23,24,94,752,1331,1332,187],"class_list":{"0":"post-19571","1":"product","2":"type-product","3":"status-publish","4":"has-post-thumbnail","6":"product_cat-rb-leipzig","7":"product_tag-coole-fussballtrikots","8":"product_tag-fussballtrikot-deutschland","9":"product_tag-fussballtrikot-fuer-herren","10":"product_tag-fussballtrikot-guenstig-kaufen","11":"product_tag-fussballtrikot-kurzarm","12":"product_tag-guenstiges-fussballtrikot","13":"product_tag-kinder-fussball-trikotsatz","14":"product_tag-rb-leipzig-fussballtrikot","15":"product_tag-rb-leipzig-fussballtrikots-kinder","16":"product_tag-rb-leipzig-kinder-trikot-set","17":"product_tag-rb-leipzig-trikots","19":"first","20":"instock","21":"shipping-taxable","22":"purchasable","23":"product-type-variable"},"_links":{"self":[{"href":"https:\/\/www.billigtrikotde.com\/fr\/wp-json\/wp\/v2\/product\/19571","targetHints":{"allow":["GET"]}}],"collection":[{"href":"https:\/\/www.billigtrikotde.com\/fr\/wp-json\/wp\/v2\/product"}],"about":[{"href":"https:\/\/www.billigtrikotde.com\/fr\/wp-json\/wp\/v2\/types\/product"}],"replies":[{"embeddable":true,"href":"https:\/\/www.billigtrikotde.com\/fr\/wp-json\/wp\/v2\/comments?post=19571"}],"wp:featuredmedia":[{"embeddable":true,"href":"https:\/\/www.billigtrikotde.com\/fr\/wp-json\/wp\/v2\/media\/19613"}],"wp:attachment":[{"href":"https:\/\/www.billigtrikotde.com\/fr\/wp-json\/wp\/v2\/media?parent=19571"}],"wp:term":[{"taxonomy":"product_brand","embeddable":true,"href":"https:\/\/www.billigtrikotde.com\/fr\/wp-json\/wp\/v2\/product_brand?post=19571"},{"taxonomy":"product_cat","embeddable":true,"href":"https:\/\/www.billigtrikotde.com\/fr\/wp-json\/wp\/v2\/product_cat?post=19571"},{"taxonomy":"product_tag","embeddable":true,"href":"https:\/\/www.billigtrikotde.com\/fr\/wp-json\/wp\/v2\/product_tag?post=19571"}],"curies":[{"name":"wp","href":"https:\/\/api.w.org\/{rel}","templated":true}]}}