{"id":19553,"date":"2024-10-24T11:35:48","date_gmt":"2024-10-24T09:35:48","guid":{"rendered":"http:\/\/billigtrikots.com\/?post_type=product&#038;p=19553"},"modified":"2024-10-24T11:38:39","modified_gmt":"2024-10-24T09:38:39","slug":"billige-fussballtrikots-paris-saint-germain-psg-auswaertstrikot-2024-25-manuel-ugarte-4","status":"publish","type":"product","link":"https:\/\/www.billigtrikotde.com\/fr\/billige-fussballtrikots-paris-saint-germain-psg-auswaertstrikot-2024-25-manuel-ugarte-4\/","title":{"rendered":"Maillots de foot pas cher Paris Saint-Germain PSG Maillot Ext\u00e9rieur 2024-25 Manuel Ugarte 4"},"content":{"rendered":"<p>Le maillot ext\u00e9rieur du PSG 2024-2026 est blanc, bleu et rouge. La particularit\u00e9 de ce maillot r\u00e9side dans son design. Le maillot ext\u00e9rieur du PSG 2024-26 est orn\u00e9 d'un graphisme repr\u00e9sentant la Tour Eiffel. C'est un maillot de r\u00e9f\u00e9rence pour les Jeux olympiques de 2024 \u00e0 Paris, mais il est \u00e9galement inspir\u00e9 du maillot ext\u00e9rieur 1990-91.<\/p>\n<p>Conseils pour l'impression : Si le nom et le num\u00e9ro figurant sur l'image correspondent exactement \u00e0 ce que vous souhaitez, vous ne devez pas les saisir \u00e0 nouveau. Si ce n'est pas le cas, vous devez saisir le nom et le num\u00e9ro que vous souhaitez.<\/p>\n<p>Conseils pour le lavage : Il est recommand\u00e9 de laver les maillots de football \u00e0 la main. Si vous souhaitez utiliser la machine \u00e0 laver, pensez \u00e0 retourner les maillots de football avant de les laver. Remplissez la machine avec de l'eau froide et utilisez un cycle de lavage d\u00e9licat pour mieux prot\u00e9ger les couleurs.<\/p>","protected":false},"excerpt":{"rendered":"<p>Le maillot ext\u00e9rieur PSG 2024-2026 est blanc, bleu et rouge. La particularit\u00e9 du maillot r\u00e9side dans le design. Le maillot ext\u00e9rieur PSG 2024-26 pr\u00e9sente un graphique avec la Tour Eiffel. Il s\u2019agit d\u2019un maillot de r\u00e9f\u00e9rence pour les Jeux Olympiques 2024 \u00e0 Paris, mais aussi inspir\u00e9 du maillot ext\u00e9rieur de 1990-91. Conseils d\u2019impression : Si le nom et le num\u00e9ro sur le [\u2026]<\/p>","protected":false},"featured_media":19601,"comment_status":"open","ping_status":"closed","template":"","meta":[],"product_brand":[],"product_cat":[39],"product_tag":[20,535,577,1324,332,1325,1326,1272,1273,41,1274],"class_list":{"0":"post-19553","1":"product","2":"type-product","3":"status-publish","4":"has-post-thumbnail","6":"product_cat-paris-saint-germain","7":"product_tag-coole-fussballtrikots","8":"product_tag-deutschland-trikot","9":"product_tag-fussballtrikots-trikotsatz","10":"product_tag-guenstige-manuel-ugarte-trikot","11":"product_tag-herren-fussball-trikotsatz","12":"product_tag-manuel-ugarte-trikot-kaufen","13":"product_tag-manuel-ugarte-trikots","14":"product_tag-paris-saint-germain-psg-fussballtrikots-herren","15":"product_tag-paris-saint-germain-psg-trikot-fuer-herren","16":"product_tag-paris-saint-germain-trikots","17":"product_tag-psg-trikotsatz-fuer-herren","19":"first","20":"instock","21":"shipping-taxable","22":"purchasable","23":"product-type-variable"},"_links":{"self":[{"href":"https:\/\/www.billigtrikotde.com\/fr\/wp-json\/wp\/v2\/product\/19553","targetHints":{"allow":["GET"]}}],"collection":[{"href":"https:\/\/www.billigtrikotde.com\/fr\/wp-json\/wp\/v2\/product"}],"about":[{"href":"https:\/\/www.billigtrikotde.com\/fr\/wp-json\/wp\/v2\/types\/product"}],"replies":[{"embeddable":true,"href":"https:\/\/www.billigtrikotde.com\/fr\/wp-json\/wp\/v2\/comments?post=19553"}],"wp:featuredmedia":[{"embeddable":true,"href":"https:\/\/www.billigtrikotde.com\/fr\/wp-json\/wp\/v2\/media\/19601"}],"wp:attachment":[{"href":"https:\/\/www.billigtrikotde.com\/fr\/wp-json\/wp\/v2\/media?parent=19553"}],"wp:term":[{"taxonomy":"product_brand","embeddable":true,"href":"https:\/\/www.billigtrikotde.com\/fr\/wp-json\/wp\/v2\/product_brand?post=19553"},{"taxonomy":"product_cat","embeddable":true,"href":"https:\/\/www.billigtrikotde.com\/fr\/wp-json\/wp\/v2\/product_cat?post=19553"},{"taxonomy":"product_tag","embeddable":true,"href":"https:\/\/www.billigtrikotde.com\/fr\/wp-json\/wp\/v2\/product_tag?post=19553"}],"curies":[{"name":"wp","href":"https:\/\/api.w.org\/{rel}","templated":true}]}}