{"id":19543,"date":"2024-10-24T11:35:14","date_gmt":"2024-10-24T09:35:14","guid":{"rendered":"http:\/\/billigtrikots.com\/?post_type=product&#038;p=19543"},"modified":"2024-10-24T11:38:04","modified_gmt":"2024-10-24T09:38:04","slug":"kinder-fussball-trikot-liverpool-2024-25-auswaerts-trikotsatz-personalisierbar","status":"publish","type":"product","link":"https:\/\/www.billigtrikotde.com\/fr\/kinder-fussball-trikot-liverpool-2024-25-auswaerts-trikotsatz-personalisierbar\/","title":{"rendered":"Enfants Football Maillot Liverpool 2024-25 Ext\u00e9rieur Personnalisable"},"content":{"rendered":"<p>Le maillot ext\u00e9rieur Liverpool 2024-2025 combine une couleur de base anthracite fonc\u00e9e (presque noire) avec des applications turquoise clair et anthracite plus clair. Les logos sont de couleur cr\u00e8me. Les couleurs officielles sont \"Night Forest\/Anthracite\/Washed Teal\/Sail\".Du point de vue du design, le maillot ext\u00e9rieur 24-25 du Liverpool Football Club est tr\u00e8s simple. Il ne comporte aucun motif ni graphisme.<\/p>\n<p>Conseils pour l'impression : Si le nom et le num\u00e9ro figurant sur l'image correspondent exactement \u00e0 ce que vous souhaitez, vous ne devez pas les saisir \u00e0 nouveau. Si ce n'est pas le cas, vous devez saisir le nom et le num\u00e9ro que vous souhaitez.<\/p>\n<p>Conseils pour le lavage : Il est recommand\u00e9 de laver les maillots de football \u00e0 la main. Si vous souhaitez utiliser la machine \u00e0 laver, pensez \u00e0 retourner les maillots de football avant de les laver. Remplissez la machine avec de l'eau froide et utilisez un cycle de lavage d\u00e9licat pour mieux prot\u00e9ger les couleurs.<\/p>","protected":false},"excerpt":{"rendered":"<p>Le maillot ext\u00e9rieur de Liverpool 2024-2025 associe une couleur de base gris anthracite sombre (presque noire) avec des applications turquoise clair et plus gris anthracite. Les logos sont de couleur cr\u00e8me. Les couleurs officielles sont \u00ab Night Forest\/Anthracite\/Washed Teal\/Sail \u00bb. En termes de design, le maillot ext\u00e9rieur Liverpool Football Club 24-25 est tr\u00e8s simple. Il n\u2019a pas de motifs ni de graphismes. Conseils d\u2019impression : Si le nom et [\u2026]<\/p>","protected":false},"featured_media":19589,"comment_status":"open","ping_status":"closed","template":"","meta":[],"product_brand":[],"product_cat":[151],"product_tag":[20,574,24,94,865,277,866,153,154],"class_list":{"0":"post-19543","1":"product","2":"type-product","3":"status-publish","4":"has-post-thumbnail","6":"product_cat-liverpool-kindertrikot","7":"product_tag-coole-fussballtrikots","8":"product_tag-fussballtrikot-deutschland","9":"product_tag-guenstiges-fussballtrikot","10":"product_tag-kinder-fussball-trikotsatz","11":"product_tag-liverpool-fussballtrikots-kinder","12":"product_tag-liverpool-kinder-trikot-set","13":"product_tag-liverpool-trikot-fuer-kinder","14":"product_tag-liverpool-trikots","15":"product_tag-liverpool-trikotsatz-fuer-kinder","17":"first","18":"instock","19":"shipping-taxable","20":"purchasable","21":"product-type-variable"},"_links":{"self":[{"href":"https:\/\/www.billigtrikotde.com\/fr\/wp-json\/wp\/v2\/product\/19543","targetHints":{"allow":["GET"]}}],"collection":[{"href":"https:\/\/www.billigtrikotde.com\/fr\/wp-json\/wp\/v2\/product"}],"about":[{"href":"https:\/\/www.billigtrikotde.com\/fr\/wp-json\/wp\/v2\/types\/product"}],"replies":[{"embeddable":true,"href":"https:\/\/www.billigtrikotde.com\/fr\/wp-json\/wp\/v2\/comments?post=19543"}],"wp:featuredmedia":[{"embeddable":true,"href":"https:\/\/www.billigtrikotde.com\/fr\/wp-json\/wp\/v2\/media\/19589"}],"wp:attachment":[{"href":"https:\/\/www.billigtrikotde.com\/fr\/wp-json\/wp\/v2\/media?parent=19543"}],"wp:term":[{"taxonomy":"product_brand","embeddable":true,"href":"https:\/\/www.billigtrikotde.com\/fr\/wp-json\/wp\/v2\/product_brand?post=19543"},{"taxonomy":"product_cat","embeddable":true,"href":"https:\/\/www.billigtrikotde.com\/fr\/wp-json\/wp\/v2\/product_cat?post=19543"},{"taxonomy":"product_tag","embeddable":true,"href":"https:\/\/www.billigtrikotde.com\/fr\/wp-json\/wp\/v2\/product_tag?post=19543"}],"curies":[{"name":"wp","href":"https:\/\/api.w.org\/{rel}","templated":true}]}}