{"id":19530,"date":"2024-10-24T11:34:36","date_gmt":"2024-10-24T09:34:36","guid":{"rendered":"http:\/\/billigtrikots.com\/?post_type=product&#038;p=19530"},"modified":"2024-10-24T11:37:27","modified_gmt":"2024-10-24T09:37:27","slug":"guenstige-kindertrikots-liverpool-heimtrikotsatz-2024-25-dominik-szoboszlai-8","status":"publish","type":"product","link":"https:\/\/www.billigtrikotde.com\/fr\/guenstige-kindertrikots-liverpool-heimtrikotsatz-2024-25-dominik-szoboszlai-8\/","title":{"rendered":"Maillots enfants pas cher Liverpool domicile jeu de maillots 2024-25 Dominik Szoboszlai 8"},"content":{"rendered":"<p>Le maillot du Liverpool Football Club 24-25 est une combinaison de Gym Red, blanc et jaune chrom\u00e9. Le corps est rouge, les logos sont jaunes, et le blanc est utilis\u00e9 pour les logos des sponsors et les d\u00e9tails. Ce qui caract\u00e9rise le maillot 24-25 de Liverpool, c'est le design sur le devant. Il pr\u00e9sente des rayures fines jaunes qui forment un motif YNWA (You\u2019ll Never Walk Alone).<\/p>\n<p>Conseils pour l'impression : Si le nom et le num\u00e9ro figurant sur l'image correspondent exactement \u00e0 ce que vous souhaitez, vous ne devez pas les saisir \u00e0 nouveau. Si ce n'est pas le cas, vous devez saisir le nom et le num\u00e9ro que vous souhaitez.<\/p>\n<p>Conseils pour le lavage : Il est recommand\u00e9 de laver les maillots de football \u00e0 la main. Si vous souhaitez utiliser la machine \u00e0 laver, pensez \u00e0 retourner les maillots de football avant de les laver. Remplissez la machine avec de l'eau froide et utilisez un cycle de lavage d\u00e9licat pour mieux prot\u00e9ger les couleurs.<\/p>","protected":false},"excerpt":{"rendered":"<p>Le maillot du Liverpool Football Club 24-25 est une combinaison de Gym Red, blanc et jaune chrom\u00e9. Le corps est rouge, les logos sont jaunes, et le blanc est utilis\u00e9 pour les logos des sponsors et les d\u00e9tails. Ce qui caract\u00e9rise le maillot 24-25 de Liverpool, c'est le design sur le devant. Il pr\u00e9sente des rayures fines jaunes qui forment un motif YNWA (You\u2019ll Never Walk Alone).<\/p>","protected":false},"featured_media":19578,"comment_status":"open","ping_status":"closed","template":"","meta":[],"product_brand":[],"product_cat":[151],"product_tag":[20,1320,574,24,94,865,277,866,153,154],"class_list":{"0":"post-19530","1":"product","2":"type-product","3":"status-publish","4":"has-post-thumbnail","6":"product_cat-liverpool-kindertrikot","7":"product_tag-coole-fussballtrikots","8":"product_tag-dominik-szoboszlai-trikots","9":"product_tag-fussballtrikot-deutschland","10":"product_tag-guenstiges-fussballtrikot","11":"product_tag-kinder-fussball-trikotsatz","12":"product_tag-liverpool-fussballtrikots-kinder","13":"product_tag-liverpool-kinder-trikot-set","14":"product_tag-liverpool-trikot-fuer-kinder","15":"product_tag-liverpool-trikots","16":"product_tag-liverpool-trikotsatz-fuer-kinder","18":"first","19":"instock","20":"shipping-taxable","21":"purchasable","22":"product-type-variable"},"_links":{"self":[{"href":"https:\/\/www.billigtrikotde.com\/fr\/wp-json\/wp\/v2\/product\/19530","targetHints":{"allow":["GET"]}}],"collection":[{"href":"https:\/\/www.billigtrikotde.com\/fr\/wp-json\/wp\/v2\/product"}],"about":[{"href":"https:\/\/www.billigtrikotde.com\/fr\/wp-json\/wp\/v2\/types\/product"}],"replies":[{"embeddable":true,"href":"https:\/\/www.billigtrikotde.com\/fr\/wp-json\/wp\/v2\/comments?post=19530"}],"wp:featuredmedia":[{"embeddable":true,"href":"https:\/\/www.billigtrikotde.com\/fr\/wp-json\/wp\/v2\/media\/19578"}],"wp:attachment":[{"href":"https:\/\/www.billigtrikotde.com\/fr\/wp-json\/wp\/v2\/media?parent=19530"}],"wp:term":[{"taxonomy":"product_brand","embeddable":true,"href":"https:\/\/www.billigtrikotde.com\/fr\/wp-json\/wp\/v2\/product_brand?post=19530"},{"taxonomy":"product_cat","embeddable":true,"href":"https:\/\/www.billigtrikotde.com\/fr\/wp-json\/wp\/v2\/product_cat?post=19530"},{"taxonomy":"product_tag","embeddable":true,"href":"https:\/\/www.billigtrikotde.com\/fr\/wp-json\/wp\/v2\/product_tag?post=19530"}],"curies":[{"name":"wp","href":"https:\/\/api.w.org\/{rel}","templated":true}]}}