{"id":19482,"date":"2024-10-24T11:31:35","date_gmt":"2024-10-24T09:31:35","guid":{"rendered":"http:\/\/billigtrikots.com\/?post_type=product&#038;p=19482"},"modified":"2025-06-16T16:03:01","modified_gmt":"2025-06-16T14:03:01","slug":"juventus-ausweich-trikotsatz-2024-25-fussballtrikots-guenstig","status":"publish","type":"product","link":"https:\/\/www.billigtrikotde.com\/fr\/juventus-ausweich-trikotsatz-2024-25-fussballtrikots-guenstig\/","title":{"rendered":"Juventus Jeu de maillots d'\u00e9vitement 2024-25 Maillots de foot pas cher"},"content":{"rendered":"<p>Le nouveau troisi\u00e8me maillot de la Juventus FC 24-25 est principalement de couleur anthracite avec des logos dor\u00e9s. La caract\u00e9ristique la plus int\u00e9ressante du troisi\u00e8me maillot de la Juventus FC 24-25 est l'apparition du logo Trefoil et de l'\u00e9cusson z\u00e8bre de la Juventus. Cela apporte du classicisme et de la nostalgie au troisi\u00e8me maillot de la Juventus 24-25, qui utilise un col polo classique pour un sentiment r\u00e9tro encore plus fort. Un motif compos\u00e9 du logo actuel de la Juventus vient compl\u00e9ter le look.<\/p>\n<p>Conseils pour l'impression : Si le nom et le num\u00e9ro figurant sur l'image correspondent exactement \u00e0 ce que vous souhaitez, vous ne devez pas les saisir \u00e0 nouveau. Si ce n'est pas le cas, vous devez saisir le nom et le num\u00e9ro que vous souhaitez.<\/p>\n<p>Conseils pour le lavage : Il est recommand\u00e9 de laver les maillots de football \u00e0 la main. Si vous souhaitez utiliser la machine \u00e0 laver, pensez \u00e0 retourner les maillots de football avant de les laver. Remplissez la machine avec de l'eau froide et utilisez un cycle de lavage d\u00e9licat pour mieux prot\u00e9ger les couleurs.<\/p>","protected":false},"excerpt":{"rendered":"<p>Das neue dritte Trikot von Juventus FC 24-25 ist \u00fcberwiegend anthrazitfarben mit goldenen Logos. Das interessanteste Merkmal des dritten Trikots des Juventus FC 24-25 ist das Auftauchen des Trefoil-Logos und des Juventus-Zebra-Wappens. Das bringt Klassik und Nostalgie in das dritte Trikot von Juventus 24-25. Es verwendet einen klassischen Polokragen f\u00fcr ein noch st\u00e4rkeres Retro-Gef\u00fchl. Ein [&hellip;]<\/p>","protected":false},"featured_media":19525,"comment_status":"open","ping_status":"closed","template":"","meta":[],"product_brand":[],"product_cat":[59],"product_tag":[20,574,21,23,24,617,618,61],"class_list":{"0":"post-19482","1":"product","2":"type-product","3":"status-publish","4":"has-post-thumbnail","6":"product_cat-juventus","7":"product_tag-coole-fussballtrikots","8":"product_tag-fussballtrikot-deutschland","9":"product_tag-fussballtrikot-fuer-herren","10":"product_tag-fussballtrikot-kurzarm","11":"product_tag-guenstiges-fussballtrikot","12":"product_tag-juventus-fussballtrikot","13":"product_tag-juventus-trikot","14":"product_tag-juventus-trikots","16":"first","17":"instock","18":"shipping-taxable","19":"purchasable","20":"product-type-variable"},"_links":{"self":[{"href":"https:\/\/www.billigtrikotde.com\/fr\/wp-json\/wp\/v2\/product\/19482","targetHints":{"allow":["GET"]}}],"collection":[{"href":"https:\/\/www.billigtrikotde.com\/fr\/wp-json\/wp\/v2\/product"}],"about":[{"href":"https:\/\/www.billigtrikotde.com\/fr\/wp-json\/wp\/v2\/types\/product"}],"replies":[{"embeddable":true,"href":"https:\/\/www.billigtrikotde.com\/fr\/wp-json\/wp\/v2\/comments?post=19482"}],"wp:featuredmedia":[{"embeddable":true,"href":"https:\/\/www.billigtrikotde.com\/fr\/wp-json\/wp\/v2\/media\/19525"}],"wp:attachment":[{"href":"https:\/\/www.billigtrikotde.com\/fr\/wp-json\/wp\/v2\/media?parent=19482"}],"wp:term":[{"taxonomy":"product_brand","embeddable":true,"href":"https:\/\/www.billigtrikotde.com\/fr\/wp-json\/wp\/v2\/product_brand?post=19482"},{"taxonomy":"product_cat","embeddable":true,"href":"https:\/\/www.billigtrikotde.com\/fr\/wp-json\/wp\/v2\/product_cat?post=19482"},{"taxonomy":"product_tag","embeddable":true,"href":"https:\/\/www.billigtrikotde.com\/fr\/wp-json\/wp\/v2\/product_tag?post=19482"}],"curies":[{"name":"wp","href":"https:\/\/api.w.org\/{rel}","templated":true}]}}