{"id":19473,"date":"2024-10-24T11:30:59","date_gmt":"2024-10-24T09:30:59","guid":{"rendered":"http:\/\/billigtrikots.com\/?post_type=product&#038;p=19473"},"modified":"2025-06-16T16:03:02","modified_gmt":"2025-06-16T14:03:02","slug":"juventus-auswaerts-trikotsatz-2024-25-fussballtrikots-gleison-bremer-3","status":"publish","type":"product","link":"https:\/\/www.billigtrikotde.com\/fr\/juventus-auswaerts-trikotsatz-2024-25-fussballtrikots-gleison-bremer-3\/","title":{"rendered":"Juventus Ext\u00e9rieur Jeu de maillots 2024-25 Football Gleison Bremer 3"},"content":{"rendered":"<p>Le maillot ext\u00e9rieur Juventus 2024-2025 est le plus moderne de la collection 24-25 des maillots de la Juventus. La couleur principale du maillot ext\u00e9rieur 24-25 de la Juventus est le jaune soleil avec le logo, l\u2019embl\u00e8me de la Juventus et les trois bandes sur les \u00e9paules en gris fonc\u00e9. Le maillot ext\u00e9rieur 24-25 de la Juventus est inspir\u00e9 par les galaxies inexplor\u00e9es de l\u2019espace et arbore un motif ray\u00e9 en hommage \u00e0 la ville de Turin. L\u2019encolure sur le c\u00f4t\u00e9 du maillot est rose clair. Le maillot ext\u00e9rieur 24-25 de la Juventus peut \u00eatre personnalis\u00e9 avec un motif abstrait pour un look unique.<\/p>\n<p>Conseils pour l'impression : Si le nom et le num\u00e9ro figurant sur l'image correspondent exactement \u00e0 ce que vous souhaitez, vous ne devez pas les saisir \u00e0 nouveau. Si ce n'est pas le cas, vous devez saisir le nom et le num\u00e9ro que vous souhaitez.<\/p>\n<p>Conseils pour le lavage : Il est recommand\u00e9 de laver les maillots de football \u00e0 la main. Si vous souhaitez utiliser la machine \u00e0 laver, pensez \u00e0 retourner les maillots de football avant de les laver. Remplissez la machine avec de l'eau froide et utilisez un cycle de lavage d\u00e9licat pour mieux prot\u00e9ger les couleurs.<\/p>","protected":false},"excerpt":{"rendered":"<p>Das Juventus 2024-2025 Ausw\u00e4rtstrikot ist das modernste der Juventus 24-25 Trikotkollektion. Die Hauptfarbe des Juventus 24-25 Ausw\u00e4rtstrikots ist Sonnengelb mit dem Logo, dem Juventus-Wappen und den drei Streifen auf den Schultern in Dunkelgrau.Das Juventus 24-25 Ausw\u00e4rtstrikot ist von den unerforschten Galaxien des Weltraums inspiriert und zeigt ein Streifendesign als Hommage an die Stadt Turin.Der Ausschnitt [&hellip;]<\/p>","protected":false},"featured_media":19515,"comment_status":"open","ping_status":"closed","template":"","meta":[],"product_brand":[],"product_cat":[59],"product_tag":[20,574,21,23,1315,1316,24,617,618,61],"class_list":{"0":"post-19473","1":"product","2":"type-product","3":"status-publish","4":"has-post-thumbnail","6":"product_cat-juventus","7":"product_tag-coole-fussballtrikots","8":"product_tag-fussballtrikot-deutschland","9":"product_tag-fussballtrikot-fuer-herren","10":"product_tag-fussballtrikot-kurzarm","11":"product_tag-gleison-bremer-fussballtrikots","12":"product_tag-gleison-bremer-trikots","13":"product_tag-guenstiges-fussballtrikot","14":"product_tag-juventus-fussballtrikot","15":"product_tag-juventus-trikot","16":"product_tag-juventus-trikots","18":"first","19":"instock","20":"shipping-taxable","21":"purchasable","22":"product-type-variable"},"_links":{"self":[{"href":"https:\/\/www.billigtrikotde.com\/fr\/wp-json\/wp\/v2\/product\/19473","targetHints":{"allow":["GET"]}}],"collection":[{"href":"https:\/\/www.billigtrikotde.com\/fr\/wp-json\/wp\/v2\/product"}],"about":[{"href":"https:\/\/www.billigtrikotde.com\/fr\/wp-json\/wp\/v2\/types\/product"}],"replies":[{"embeddable":true,"href":"https:\/\/www.billigtrikotde.com\/fr\/wp-json\/wp\/v2\/comments?post=19473"}],"wp:featuredmedia":[{"embeddable":true,"href":"https:\/\/www.billigtrikotde.com\/fr\/wp-json\/wp\/v2\/media\/19515"}],"wp:attachment":[{"href":"https:\/\/www.billigtrikotde.com\/fr\/wp-json\/wp\/v2\/media?parent=19473"}],"wp:term":[{"taxonomy":"product_brand","embeddable":true,"href":"https:\/\/www.billigtrikotde.com\/fr\/wp-json\/wp\/v2\/product_brand?post=19473"},{"taxonomy":"product_cat","embeddable":true,"href":"https:\/\/www.billigtrikotde.com\/fr\/wp-json\/wp\/v2\/product_cat?post=19473"},{"taxonomy":"product_tag","embeddable":true,"href":"https:\/\/www.billigtrikotde.com\/fr\/wp-json\/wp\/v2\/product_tag?post=19473"}],"curies":[{"name":"wp","href":"https:\/\/api.w.org\/{rel}","templated":true}]}}