{"id":19444,"date":"2024-10-24T11:29:12","date_gmt":"2024-10-24T09:29:12","guid":{"rendered":"http:\/\/billigtrikots.com\/?post_type=product&#038;p=19444"},"modified":"2025-05-30T16:13:28","modified_gmt":"2025-05-30T14:13:28","slug":"herren-manchester-united-heimtrikot-2024-25-guenstige-fussball-trikotsatz","status":"publish","type":"product","link":"https:\/\/www.billigtrikotde.com\/fr\/herren-manchester-united-heimtrikot-2024-25-guenstige-fussball-trikotsatz\/","title":{"rendered":"Hommes Manchester United Maillot domicile 2024-25 Jeu de maillots de football pas cher"},"content":{"rendered":"<p>Le maillot Manchester United FC 24-25 combine deux nuances de rouge dans un design en d\u00e9grad\u00e9 de couleurs. Ce n'est pas la premi\u00e8re fois qu'un maillot de Manchester United combine deux nuances de rouge. La derni\u00e8re fois remonte \u00e0 la saison 2016-17. La particularit\u00e9 du maillot 24-25 de Manchester United est un motif subtil en d\u00e9grad\u00e9 de rouge sur rouge.<\/p>\n<p>Conseils pour l'impression : Si le nom et le num\u00e9ro figurant sur l'image correspondent exactement \u00e0 ce que vous souhaitez, vous ne devez pas les saisir \u00e0 nouveau. Si ce n'est pas le cas, vous devez saisir le nom et le num\u00e9ro que vous souhaitez.<\/p>\n<p>Conseils pour le lavage : Il est recommand\u00e9 de laver les maillots de football \u00e0 la main. Si vous souhaitez utiliser la machine \u00e0 laver, pensez \u00e0 retourner les maillots de football avant de les laver. Remplissez la machine avec de l'eau froide et utilisez un cycle de lavage d\u00e9licat pour mieux prot\u00e9ger les couleurs.<\/p>","protected":false},"excerpt":{"rendered":"<p>Le maillot Manchester United FC 24-25 associe deux tons de rouge dans un design en d\u00e9grad\u00e9. Ce n\u2019est pas la premi\u00e8re fois qu\u2019un maillot de Manchester United combine deux nuances de rouge. La derni\u00e8re fois que cela s\u2019est produit, c\u2019\u00e9tait lors de la saison 2016-17. La particularit\u00e9 du maillot 24-25 de Manchester United est un subtil motif de d\u00e9grad\u00e9 rouge sur rouge. Astuces d\u2019impression : Si le nom [\u2026]<\/p>","protected":false},"featured_media":19484,"comment_status":"open","ping_status":"closed","template":"","meta":[],"product_brand":[],"product_cat":[50],"product_tag":[20,574,21,23,24,1298,672,673],"class_list":{"0":"post-19444","1":"product","2":"type-product","3":"status-publish","4":"has-post-thumbnail","6":"product_cat-manchester-united","7":"product_tag-coole-fussballtrikots","8":"product_tag-fussballtrikot-deutschland","9":"product_tag-fussballtrikot-fuer-herren","10":"product_tag-fussballtrikot-kurzarm","11":"product_tag-guenstiges-fussballtrikot","12":"product_tag-manchester-united-24-25-auswaertstrikot","13":"product_tag-manchester-united-fussballtrikot","14":"product_tag-manchester-united-trikot","16":"first","17":"instock","18":"shipping-taxable","19":"purchasable","20":"product-type-variable"},"_links":{"self":[{"href":"https:\/\/www.billigtrikotde.com\/fr\/wp-json\/wp\/v2\/product\/19444","targetHints":{"allow":["GET"]}}],"collection":[{"href":"https:\/\/www.billigtrikotde.com\/fr\/wp-json\/wp\/v2\/product"}],"about":[{"href":"https:\/\/www.billigtrikotde.com\/fr\/wp-json\/wp\/v2\/types\/product"}],"replies":[{"embeddable":true,"href":"https:\/\/www.billigtrikotde.com\/fr\/wp-json\/wp\/v2\/comments?post=19444"}],"wp:featuredmedia":[{"embeddable":true,"href":"https:\/\/www.billigtrikotde.com\/fr\/wp-json\/wp\/v2\/media\/19484"}],"wp:attachment":[{"href":"https:\/\/www.billigtrikotde.com\/fr\/wp-json\/wp\/v2\/media?parent=19444"}],"wp:term":[{"taxonomy":"product_brand","embeddable":true,"href":"https:\/\/www.billigtrikotde.com\/fr\/wp-json\/wp\/v2\/product_brand?post=19444"},{"taxonomy":"product_cat","embeddable":true,"href":"https:\/\/www.billigtrikotde.com\/fr\/wp-json\/wp\/v2\/product_cat?post=19444"},{"taxonomy":"product_tag","embeddable":true,"href":"https:\/\/www.billigtrikotde.com\/fr\/wp-json\/wp\/v2\/product_tag?post=19444"}],"curies":[{"name":"wp","href":"https:\/\/api.w.org\/{rel}","templated":true}]}}