{"id":19437,"date":"2024-10-24T11:28:38","date_gmt":"2024-10-24T09:28:38","guid":{"rendered":"http:\/\/billigtrikots.com\/?post_type=product&#038;p=19437"},"modified":"2025-04-26T09:55:28","modified_gmt":"2025-04-26T07:55:28","slug":"billige-borussia-dortmund-bvb-2024-25-heimtrikot-fussballtrikots-set","status":"publish","type":"product","link":"https:\/\/www.billigtrikotde.com\/fr\/billige-borussia-dortmund-bvb-2024-25-heimtrikot-fussballtrikots-set\/","title":{"rendered":"Borussia Dortmund BVB 2024-25 Jeu de maillots de football \u00e0 domicile pas cher"},"content":{"rendered":"<p>Le site <strong>Maillot BVB 24-25<\/strong> a un corps jaune combin\u00e9 \u00e0 des manches noires contrast\u00e9es. Ce sont les couleurs classiques de l'\u00e9quipe allemande. Ce qui rend unique le maillot BVB 24-25, c'est le motif ray\u00e9 sur le devant, inspir\u00e9 du maillot du vainqueur de la Ligue des champions 1996\/97 de Nike. Le dos du maillot n'a des rayures qu'en bas et est principalement monochrome jaune.<\/p>\n<p>Conseils pour l'impression : Si le nom et le num\u00e9ro figurant sur l'image correspondent exactement \u00e0 ce que vous souhaitez, vous ne devez pas les saisir \u00e0 nouveau. Si ce n'est pas le cas, vous devez saisir le nom et le num\u00e9ro que vous souhaitez.<\/p>\n<p>Conseils pour le lavage : Il est recommand\u00e9 de laver les maillots de football \u00e0 la main. Si vous souhaitez utiliser la machine \u00e0 laver, pensez \u00e0 retourner les maillots de football avant de les laver. Remplissez la machine avec de l'eau froide et utilisez un cycle de lavage d\u00e9licat pour mieux prot\u00e9ger les couleurs.<\/p>","protected":false},"excerpt":{"rendered":"<p>a un corps jaune combin\u00e9 \u00e0 des manches noires contrast\u00e9es. Ce sont les couleurs classiques de l'\u00e9quipe allemande. Ce qui rend unique le maillot BVB 24-25, c'est le motif ray\u00e9 sur le devant, inspir\u00e9 du maillot du vainqueur de la Ligue des champions 1996\/97 de Nike. Le dos du maillot n'a des rayures qu'en bas et est principalement monochrome jaune.<\/p>","protected":false},"featured_media":19476,"comment_status":"open","ping_status":"closed","template":"","meta":[],"product_brand":[],"product_cat":[63],"product_tag":[20,65,649,650,66,574,21,23,24],"class_list":{"0":"post-19437","1":"product","2":"type-product","3":"status-publish","4":"has-post-thumbnail","6":"product_cat-borussia-dortmund","7":"product_tag-coole-fussballtrikots","8":"product_tag-borussia-dortmund-trikots","9":"product_tag-bvb-borussia-dortmund-fussballtrikot","10":"product_tag-bvb-borussia-dortmund-trikot","11":"product_tag-bvb-trikots","12":"product_tag-fussballtrikot-deutschland","13":"product_tag-fussballtrikot-fuer-herren","14":"product_tag-fussballtrikot-kurzarm","15":"product_tag-guenstiges-fussballtrikot","17":"first","18":"instock","19":"shipping-taxable","20":"purchasable","21":"product-type-variable"},"_links":{"self":[{"href":"https:\/\/www.billigtrikotde.com\/fr\/wp-json\/wp\/v2\/product\/19437","targetHints":{"allow":["GET"]}}],"collection":[{"href":"https:\/\/www.billigtrikotde.com\/fr\/wp-json\/wp\/v2\/product"}],"about":[{"href":"https:\/\/www.billigtrikotde.com\/fr\/wp-json\/wp\/v2\/types\/product"}],"replies":[{"embeddable":true,"href":"https:\/\/www.billigtrikotde.com\/fr\/wp-json\/wp\/v2\/comments?post=19437"}],"wp:featuredmedia":[{"embeddable":true,"href":"https:\/\/www.billigtrikotde.com\/fr\/wp-json\/wp\/v2\/media\/19476"}],"wp:attachment":[{"href":"https:\/\/www.billigtrikotde.com\/fr\/wp-json\/wp\/v2\/media?parent=19437"}],"wp:term":[{"taxonomy":"product_brand","embeddable":true,"href":"https:\/\/www.billigtrikotde.com\/fr\/wp-json\/wp\/v2\/product_brand?post=19437"},{"taxonomy":"product_cat","embeddable":true,"href":"https:\/\/www.billigtrikotde.com\/fr\/wp-json\/wp\/v2\/product_cat?post=19437"},{"taxonomy":"product_tag","embeddable":true,"href":"https:\/\/www.billigtrikotde.com\/fr\/wp-json\/wp\/v2\/product_tag?post=19437"}],"curies":[{"name":"wp","href":"https:\/\/api.w.org\/{rel}","templated":true}]}}