{"id":19426,"date":"2024-10-24T11:28:02","date_gmt":"2024-10-24T09:28:02","guid":{"rendered":"http:\/\/billigtrikots.com\/?post_type=product&#038;p=19426"},"modified":"2025-10-16T16:01:45","modified_gmt":"2025-10-16T14:01:45","slug":"fussballtrikot-fuer-herren-set-real-madrid-2024-25-drittes-trikot-toni-kroos-8","status":"publish","type":"product","link":"https:\/\/www.billigtrikotde.com\/fr\/fussballtrikot-fuer-herren-set-real-madrid-2024-25-drittes-trikot-toni-kroos-8\/","title":{"rendered":"Maillot de football pour hommes Set Real Madrid 2024-25 Troisi\u00e8me maillot Toni Kroos 8"},"content":{"rendered":"<p>Le troisi\u00e8me maillot du Real Madrid 2024-25 a une couleur principale anthracite (Charcoal), combin\u00e9e avec une gravure \u00ab RMCF \u00bb sur tout le maillot, ce qui lui conf\u00e8re un look unique. Le troisi\u00e8me maillot de football de Madrid 24-25 poss\u00e8de un col polo et des poignets avec des d\u00e9tails en rose clair (Putty Mauve)\/gris fonc\u00e9.<\/p>\n<p>Conseils pour l'impression : Si le nom et le num\u00e9ro figurant sur l'image correspondent exactement \u00e0 ce que vous souhaitez, vous ne devez pas les saisir \u00e0 nouveau. Si ce n'est pas le cas, vous devez saisir le nom et le num\u00e9ro que vous souhaitez.<\/p>\n<p>Conseils pour le lavage : Il est recommand\u00e9 de laver les maillots de football \u00e0 la main. Si vous souhaitez utiliser la machine \u00e0 laver, pensez \u00e0 retourner les maillots de football avant de les laver. Remplissez la machine avec de l'eau froide et utilisez un cycle de lavage d\u00e9licat pour mieux prot\u00e9ger les couleurs.<\/p>","protected":false},"excerpt":{"rendered":"<p>Le troisi\u00e8me maillot du Real Madrid 2024-25 a une couleur principale anthracite (Charcoal), qui est associ\u00e9e \u00e0 une gravure \u00ab RMCF \u00bb sur l\u2019ensemble du maillot et offre un look unique. Le troisi\u00e8me maillot de football de Madrid 24-25 pr\u00e9sente une collerette polo et des poignets de manches avec des habillages rose clair (Putty Mauve)\/gris fonc\u00e9. Conseils d'impression : lorsque le nom et le num\u00e9ro sur le [\u2026]<\/p>","protected":false},"featured_media":19466,"comment_status":"open","ping_status":"closed","template":"","meta":[],"product_brand":[],"product_cat":[45],"product_tag":[574,21,228,24,1191,489,490,979,47,1308],"class_list":{"0":"post-19426","1":"product","2":"type-product","3":"status-publish","4":"has-post-thumbnail","6":"product_cat-real-madrid","7":"product_tag-fussballtrikot-deutschland","8":"product_tag-fussballtrikot-fuer-herren","9":"product_tag-guenstige-fussballtrikot","10":"product_tag-guenstiges-fussballtrikot","11":"product_tag-real-madrid-club-de-futbol-2024-25-trikot","12":"product_tag-real-madrid-fussballtrikot","13":"product_tag-real-madrid-trikot","14":"product_tag-real-madrid-trikot-2024","15":"product_tag-real-madrid-trikots","16":"product_tag-toni-kroos-trikots","18":"first","19":"instock","20":"shipping-taxable","21":"purchasable","22":"product-type-variable"},"_links":{"self":[{"href":"https:\/\/www.billigtrikotde.com\/fr\/wp-json\/wp\/v2\/product\/19426","targetHints":{"allow":["GET"]}}],"collection":[{"href":"https:\/\/www.billigtrikotde.com\/fr\/wp-json\/wp\/v2\/product"}],"about":[{"href":"https:\/\/www.billigtrikotde.com\/fr\/wp-json\/wp\/v2\/types\/product"}],"replies":[{"embeddable":true,"href":"https:\/\/www.billigtrikotde.com\/fr\/wp-json\/wp\/v2\/comments?post=19426"}],"wp:featuredmedia":[{"embeddable":true,"href":"https:\/\/www.billigtrikotde.com\/fr\/wp-json\/wp\/v2\/media\/19466"}],"wp:attachment":[{"href":"https:\/\/www.billigtrikotde.com\/fr\/wp-json\/wp\/v2\/media?parent=19426"}],"wp:term":[{"taxonomy":"product_brand","embeddable":true,"href":"https:\/\/www.billigtrikotde.com\/fr\/wp-json\/wp\/v2\/product_brand?post=19426"},{"taxonomy":"product_cat","embeddable":true,"href":"https:\/\/www.billigtrikotde.com\/fr\/wp-json\/wp\/v2\/product_cat?post=19426"},{"taxonomy":"product_tag","embeddable":true,"href":"https:\/\/www.billigtrikotde.com\/fr\/wp-json\/wp\/v2\/product_tag?post=19426"}],"curies":[{"name":"wp","href":"https:\/\/api.w.org\/{rel}","templated":true}]}}