{"id":1938,"date":"2024-10-23T13:52:39","date_gmt":"2024-10-23T11:52:39","guid":{"rendered":"http:\/\/billigtrikots.com\/?post_type=product&#038;p=1938"},"modified":"2024-10-23T13:54:14","modified_gmt":"2024-10-23T11:54:14","slug":"wolverhampton-wanderers-gelb-trikot-2022-heim-mit-aufdruck-boly-15","status":"publish","type":"product","link":"https:\/\/www.billigtrikotde.com\/fr\/wolverhampton-wanderers-gelb-trikot-2022-heim-mit-aufdruck-boly-15\/","title":{"rendered":"Wolverhampton Wanderers Maillot jaune 2022 domicile avec impression BOLY 15"},"content":{"rendered":"<p>Pr\u00e9parez-vous et montrez votre soutien avec ce maillot domicile pour hommes du Wolverhampton Wanderers FC 2021\/22 de Castore. Ce t-shirt \u00e0 coupe standard de couleur or est fabriqu\u00e9 en tissu polyester l\u00e9ger, qui vous garde au frais et \u00e0 l'aise sur le terrain. Il poss\u00e8de un col en V, des manches courtes et des inserts et poignets contrast\u00e9s en noir. Avec le branding caract\u00e9ristique de Castore, ce maillot est dot\u00e9 du blason embl\u00e9matique des Wolves sur la poitrine. Lavable en machine.<\/p>\n<p>Conseils pour l'impression : Si le nom et le num\u00e9ro figurant sur l'image correspondent exactement \u00e0 ce que vous souhaitez, vous ne devez pas les saisir \u00e0 nouveau. Si ce n'est pas le cas, vous devez saisir le nom et le num\u00e9ro que vous souhaitez.<\/p>\n<p>Conseils pour le lavage : Il est recommand\u00e9 de laver les maillots de football \u00e0 la main. Si vous souhaitez utiliser la machine \u00e0 laver, pensez \u00e0 retourner les maillots de football avant de les laver. Remplissez la machine avec de l'eau froide et utilisez un cycle de lavage d\u00e9licat pour mieux prot\u00e9ger les couleurs.<\/p>","protected":false},"excerpt":{"rendered":"<p>Mach dich bereit und zeige deine Unterst\u00fctzung in diesem Herren Wolverhampton Wanderers FC 2021\/22 Heimtrikot von Castore. Dieses Standard-Fit-Shirt in der Farbe Gold ist aus leichtem Polyestergewebe gefertigt, das dich auf dem Platz k\u00fchl und bequem h\u00e4lt. Es hat einen V-Ausschnitt, kurze \u00c4rmel und kontrastierende schwarze Eins\u00e4tze und B\u00fcndchen. Mit dem charakteristischen Castore-Branding ist dieses [&hellip;]<\/p>","protected":false},"featured_media":1970,"comment_status":"open","ping_status":"closed","template":"","meta":[],"product_brand":[],"product_cat":[69],"product_tag":[20,70,21,22,23,24,71],"class_list":{"0":"post-1938","1":"product","2":"type-product","3":"status-publish","4":"has-post-thumbnail","6":"product_cat-wolverhampton-wanderers","7":"product_tag-coole-fussballtrikots","8":"product_tag-castore-wolves-heimtrikot","9":"product_tag-fussballtrikot-fuer-herren","10":"product_tag-fussballtrikot-guenstig-kaufen","11":"product_tag-fussballtrikot-kurzarm","12":"product_tag-guenstiges-fussballtrikot","13":"product_tag-wolverhampton-wanderers-trikots","15":"first","16":"instock","17":"shipping-taxable","18":"purchasable","19":"product-type-variable"},"_links":{"self":[{"href":"https:\/\/www.billigtrikotde.com\/fr\/wp-json\/wp\/v2\/product\/1938","targetHints":{"allow":["GET"]}}],"collection":[{"href":"https:\/\/www.billigtrikotde.com\/fr\/wp-json\/wp\/v2\/product"}],"about":[{"href":"https:\/\/www.billigtrikotde.com\/fr\/wp-json\/wp\/v2\/types\/product"}],"replies":[{"embeddable":true,"href":"https:\/\/www.billigtrikotde.com\/fr\/wp-json\/wp\/v2\/comments?post=1938"}],"wp:featuredmedia":[{"embeddable":true,"href":"https:\/\/www.billigtrikotde.com\/fr\/wp-json\/wp\/v2\/media\/1970"}],"wp:attachment":[{"href":"https:\/\/www.billigtrikotde.com\/fr\/wp-json\/wp\/v2\/media?parent=1938"}],"wp:term":[{"taxonomy":"product_brand","embeddable":true,"href":"https:\/\/www.billigtrikotde.com\/fr\/wp-json\/wp\/v2\/product_brand?post=1938"},{"taxonomy":"product_cat","embeddable":true,"href":"https:\/\/www.billigtrikotde.com\/fr\/wp-json\/wp\/v2\/product_cat?post=1938"},{"taxonomy":"product_tag","embeddable":true,"href":"https:\/\/www.billigtrikotde.com\/fr\/wp-json\/wp\/v2\/product_tag?post=1938"}],"curies":[{"name":"wp","href":"https:\/\/api.w.org\/{rel}","templated":true}]}}