{"id":19378,"date":"2024-10-24T11:24:58","date_gmt":"2024-10-24T09:24:58","guid":{"rendered":"http:\/\/billigtrikots.com\/?post_type=product&#038;p=19378"},"modified":"2025-10-16T16:01:49","modified_gmt":"2025-10-16T14:01:49","slug":"fussballtrikots-herren-set-real-madrid-2024-25-auswaertstrikot-eder-militao-3","status":"publish","type":"product","link":"https:\/\/www.billigtrikotde.com\/fr\/fussballtrikots-herren-set-real-madrid-2024-25-auswaertstrikot-eder-militao-3\/","title":{"rendered":"Maillots de football hommes Set Real Madrid 2024-25 Maillot ext\u00e9rieur Eder Militao 3"},"content":{"rendered":"<p>Les couleurs du nouveau maillot ext\u00e9rieur 24-25 du Real Madrid rappellent celles du troisi\u00e8me maillot de 2013-2014, avec une dominante orange vif et des applications noires. Le col est orn\u00e9 de d\u00e9tails blancs.Le maillot ext\u00e9rieur du Real Madrid pour la saison 2024\/25 s'inspire des \u00e9toiles dans le ciel lors des matchs \u00e0 l'ext\u00e9rieur et associe toujours le club au Santiago Bernabeu. Le maillot orange pr\u00e9sente un graphisme abstrait astral qui parcourt l'ensemble du maillot, avec des nuances de Glow Blue, Black-Blue Metallic et Night Navy que l'on retrouve partout, notamment au niveau du col. Un maillot qui relie les Madridistas \u00e0 leur pays.<\/p>\n<p>Conseils pour l'impression : Si le nom et le num\u00e9ro figurant sur l'image correspondent exactement \u00e0 ce que vous souhaitez, vous ne devez pas les saisir \u00e0 nouveau. Si ce n'est pas le cas, vous devez saisir le nom et le num\u00e9ro que vous souhaitez.<\/p>\n<p>Conseils pour le lavage : Il est recommand\u00e9 de laver les maillots de football \u00e0 la main. Si vous souhaitez utiliser la machine \u00e0 laver, pensez \u00e0 retourner les maillots de football avant de les laver. Remplissez la machine avec de l'eau froide et utilisez un cycle de lavage d\u00e9licat pour mieux prot\u00e9ger les couleurs.<\/p>","protected":false},"excerpt":{"rendered":"<p>Das neue Real Madrid 24-25 Ausw\u00e4rtstrikot erinnert farblich an das dritte Trikot von 2013-2014. Es ist \u00fcberwiegend leuchtend orange mit schwarzen Applikationen. Der Kragen ist mit wei\u00dfen Details versehen. Das Ausw\u00e4rtstrikot von Real Madrid f\u00fcr die Saison 2024\/25 ist von den Sternen am Himmel w\u00e4hrend der Ausw\u00e4rtsspiele inspiriert und verbindet den Verein immer mit dem [&hellip;]<\/p>","protected":false},"featured_media":19420,"comment_status":"open","ping_status":"closed","template":"","meta":[],"product_brand":[],"product_cat":[45],"product_tag":[1305,574,21,228,24,1191,489,490,979,47],"class_list":{"0":"post-19378","1":"product","2":"type-product","3":"status-publish","4":"has-post-thumbnail","6":"product_cat-real-madrid","7":"product_tag-eder-militao-trikots","8":"product_tag-fussballtrikot-deutschland","9":"product_tag-fussballtrikot-fuer-herren","10":"product_tag-guenstige-fussballtrikot","11":"product_tag-guenstiges-fussballtrikot","12":"product_tag-real-madrid-club-de-futbol-2024-25-trikot","13":"product_tag-real-madrid-fussballtrikot","14":"product_tag-real-madrid-trikot","15":"product_tag-real-madrid-trikot-2024","16":"product_tag-real-madrid-trikots","18":"first","19":"instock","20":"shipping-taxable","21":"purchasable","22":"product-type-variable"},"_links":{"self":[{"href":"https:\/\/www.billigtrikotde.com\/fr\/wp-json\/wp\/v2\/product\/19378","targetHints":{"allow":["GET"]}}],"collection":[{"href":"https:\/\/www.billigtrikotde.com\/fr\/wp-json\/wp\/v2\/product"}],"about":[{"href":"https:\/\/www.billigtrikotde.com\/fr\/wp-json\/wp\/v2\/types\/product"}],"replies":[{"embeddable":true,"href":"https:\/\/www.billigtrikotde.com\/fr\/wp-json\/wp\/v2\/comments?post=19378"}],"wp:featuredmedia":[{"embeddable":true,"href":"https:\/\/www.billigtrikotde.com\/fr\/wp-json\/wp\/v2\/media\/19420"}],"wp:attachment":[{"href":"https:\/\/www.billigtrikotde.com\/fr\/wp-json\/wp\/v2\/media?parent=19378"}],"wp:term":[{"taxonomy":"product_brand","embeddable":true,"href":"https:\/\/www.billigtrikotde.com\/fr\/wp-json\/wp\/v2\/product_brand?post=19378"},{"taxonomy":"product_cat","embeddable":true,"href":"https:\/\/www.billigtrikotde.com\/fr\/wp-json\/wp\/v2\/product_cat?post=19378"},{"taxonomy":"product_tag","embeddable":true,"href":"https:\/\/www.billigtrikotde.com\/fr\/wp-json\/wp\/v2\/product_tag?post=19378"}],"curies":[{"name":"wp","href":"https:\/\/api.w.org\/{rel}","templated":true}]}}