{"id":19318,"date":"2024-10-24T11:21:31","date_gmt":"2024-10-24T09:21:31","guid":{"rendered":"http:\/\/billigtrikots.com\/?post_type=product&#038;p=19318"},"modified":"2024-10-24T11:24:49","modified_gmt":"2024-10-24T09:24:49","slug":"benfica-auswaertstrikot-2024-25-kurzarm-fuer-herren-joao-neves-87","status":"publish","type":"product","link":"https:\/\/www.billigtrikotde.com\/fr\/benfica-auswaertstrikot-2024-25-kurzarm-fuer-herren-joao-neves-87\/","title":{"rendered":"Benfica Maillot Ext\u00e9rieur 2024-25 Manches Courtes Hommes Joao Neves 87"},"content":{"rendered":"<p>Le maillot ext\u00e9rieur du Benfica 24-25 est principalement noir avec des touches de rouge tr\u00e8s visibles. Les trois bandes, le logo et l'\u00e9cusson du Benfica sont tous d'un rouge saisissant.<\/p>\n<p>Conseils pour l'impression : Si le nom et le num\u00e9ro figurant sur l'image correspondent exactement \u00e0 ce que vous souhaitez, vous ne devez pas les saisir \u00e0 nouveau. Si ce n'est pas le cas, vous devez saisir le nom et le num\u00e9ro que vous souhaitez.<\/p>\n<p>Conseils pour le lavage : Il est recommand\u00e9 de laver les maillots de football \u00e0 la main. Si vous souhaitez utiliser la machine \u00e0 laver, pensez \u00e0 retourner les maillots de football avant de les laver. Remplissez la machine avec de l'eau froide et utilisez un cycle de lavage d\u00e9licat pour mieux prot\u00e9ger les couleurs.<\/p>","protected":false},"excerpt":{"rendered":"<p>Le maillot ext\u00e9rieur Benfica 24-25 est majoritairement noir avec des accents rouges marquants. Les trois bandes, le logo et l'\u00e9cusson de Benfica sont tous d'un rouge saisissant. Conseils d'impression : si le nom et le num\u00e9ro sur l'image correspondent exactement \u00e0 vos souhaits, vous n'avez pas besoin de les saisir \u00e0 nouveau. Sinon, vous devriez indiquer le nom et le num\u00e9ro que vous d\u00e9sirez [\u2026]<\/p>","protected":false},"featured_media":19366,"comment_status":"open","ping_status":"closed","template":"","meta":[],"product_brand":[],"product_cat":[188],"product_tag":[729,730,190,20,574,21,22,23,24,1300],"class_list":{"0":"post-19318","1":"product","2":"type-product","3":"status-publish","4":"has-post-thumbnail","6":"product_cat-sl-benfica","7":"product_tag-benfica-fussballtrikot","8":"product_tag-benfica-trikot","9":"product_tag-benfica-trikots","10":"product_tag-coole-fussballtrikots","11":"product_tag-fussballtrikot-deutschland","12":"product_tag-fussballtrikot-fuer-herren","13":"product_tag-fussballtrikot-guenstig-kaufen","14":"product_tag-fussballtrikot-kurzarm","15":"product_tag-guenstiges-fussballtrikot","16":"product_tag-joao-neves-trikots","18":"first","19":"instock","20":"shipping-taxable","21":"purchasable","22":"product-type-variable"},"_links":{"self":[{"href":"https:\/\/www.billigtrikotde.com\/fr\/wp-json\/wp\/v2\/product\/19318","targetHints":{"allow":["GET"]}}],"collection":[{"href":"https:\/\/www.billigtrikotde.com\/fr\/wp-json\/wp\/v2\/product"}],"about":[{"href":"https:\/\/www.billigtrikotde.com\/fr\/wp-json\/wp\/v2\/types\/product"}],"replies":[{"embeddable":true,"href":"https:\/\/www.billigtrikotde.com\/fr\/wp-json\/wp\/v2\/comments?post=19318"}],"wp:featuredmedia":[{"embeddable":true,"href":"https:\/\/www.billigtrikotde.com\/fr\/wp-json\/wp\/v2\/media\/19366"}],"wp:attachment":[{"href":"https:\/\/www.billigtrikotde.com\/fr\/wp-json\/wp\/v2\/media?parent=19318"}],"wp:term":[{"taxonomy":"product_brand","embeddable":true,"href":"https:\/\/www.billigtrikotde.com\/fr\/wp-json\/wp\/v2\/product_brand?post=19318"},{"taxonomy":"product_cat","embeddable":true,"href":"https:\/\/www.billigtrikotde.com\/fr\/wp-json\/wp\/v2\/product_cat?post=19318"},{"taxonomy":"product_tag","embeddable":true,"href":"https:\/\/www.billigtrikotde.com\/fr\/wp-json\/wp\/v2\/product_tag?post=19318"}],"curies":[{"name":"wp","href":"https:\/\/api.w.org\/{rel}","templated":true}]}}