{"id":19314,"date":"2024-10-24T11:21:27","date_gmt":"2024-10-24T09:21:27","guid":{"rendered":"http:\/\/billigtrikots.com\/?post_type=product&#038;p=19314"},"modified":"2024-10-24T11:24:15","modified_gmt":"2024-10-24T09:24:15","slug":"fussballtrikots-benfica-heimtrikot-2024-25-fuer-herren-joao-neves-87","status":"publish","type":"product","link":"https:\/\/www.billigtrikotde.com\/fr\/fussballtrikots-benfica-heimtrikot-2024-25-fuer-herren-joao-neves-87\/","title":{"rendered":"Maillots de football Benfica domicile 2024-25 pour hommes Joao Neves 87"},"content":{"rendered":"<p>Le nouveau maillot est un hommage \u00e0 la riche histoire du club et poss\u00e8de un col en V classique. Le design s'inspire du maillot domicile de la saison 1974\/75, lorsque Benfica a remport\u00e9 un titre en Primeira Liga, \u00e9voquant un sentiment de nostalgie. Le SL Benfica a explor\u00e9 les racines de l'histoire du club et a con\u00e7u un maillot avec un col blanc marqu\u00e9 et un graphique r\u00e9p\u00e9tant le V de mani\u00e8re continue.<\/p>\n<p>Le maillot pr\u00e9sente un motif vif dans des tons de rouge, orn\u00e9 \u00e0 l'avant de motifs ton sur ton en forme de V. Le nouveau logo est brod\u00e9 sur le c\u00f4t\u00e9 droit de la poitrine, tandis que l'embl\u00e8me embl\u00e9matique du SL Benfica, orn\u00e9 de trois \u00e9toiles, repr\u00e9sentant les dix championnats remport\u00e9s par le club, est plac\u00e9 sur le c\u00f4t\u00e9 gauche.<\/p>\n<p>Conseils pour l'impression : Si le nom et le num\u00e9ro figurant sur l'image correspondent exactement \u00e0 ce que vous souhaitez, vous ne devez pas les saisir \u00e0 nouveau. Si ce n'est pas le cas, vous devez saisir le nom et le num\u00e9ro que vous souhaitez.<\/p>\n<p>Conseils pour le lavage : Il est recommand\u00e9 de laver les maillots de football \u00e0 la main. Si vous souhaitez utiliser la machine \u00e0 laver, pensez \u00e0 retourner les maillots de football avant de les laver. Remplissez la machine avec de l'eau froide et utilisez un cycle de lavage d\u00e9licat pour mieux prot\u00e9ger les couleurs.<\/p>","protected":false},"excerpt":{"rendered":"<p>Das neue Trikot ist eine Hommage an die reiche Vereinsgeschichte und hat einen klassischen V-Ausschnitt. Das Design ist vom Heimtrikot der Saison 1974\/75 inspiriert, als Benfica einen Titel in der Primeira Liga gewann, und weckt ein Gef\u00fchl von Nostalgie. SL Benfica hat sich mit den Wurzeln der Vereinsgeschichte befasst und ein Trikot mit einem markanten [&hellip;]<\/p>","protected":false},"featured_media":19363,"comment_status":"open","ping_status":"closed","template":"","meta":[],"product_brand":[],"product_cat":[188],"product_tag":[729,730,190,20,574,21,22,23,24,191,1300],"class_list":{"0":"post-19314","1":"product","2":"type-product","3":"status-publish","4":"has-post-thumbnail","6":"product_cat-sl-benfica","7":"product_tag-benfica-fussballtrikot","8":"product_tag-benfica-trikot","9":"product_tag-benfica-trikots","10":"product_tag-coole-fussballtrikots","11":"product_tag-fussballtrikot-deutschland","12":"product_tag-fussballtrikot-fuer-herren","13":"product_tag-fussballtrikot-guenstig-kaufen","14":"product_tag-fussballtrikot-kurzarm","15":"product_tag-guenstiges-fussballtrikot","16":"product_tag-heimtrikot-benfica","17":"product_tag-joao-neves-trikots","19":"first","20":"instock","21":"shipping-taxable","22":"purchasable","23":"product-type-variable"},"_links":{"self":[{"href":"https:\/\/www.billigtrikotde.com\/fr\/wp-json\/wp\/v2\/product\/19314","targetHints":{"allow":["GET"]}}],"collection":[{"href":"https:\/\/www.billigtrikotde.com\/fr\/wp-json\/wp\/v2\/product"}],"about":[{"href":"https:\/\/www.billigtrikotde.com\/fr\/wp-json\/wp\/v2\/types\/product"}],"replies":[{"embeddable":true,"href":"https:\/\/www.billigtrikotde.com\/fr\/wp-json\/wp\/v2\/comments?post=19314"}],"wp:featuredmedia":[{"embeddable":true,"href":"https:\/\/www.billigtrikotde.com\/fr\/wp-json\/wp\/v2\/media\/19363"}],"wp:attachment":[{"href":"https:\/\/www.billigtrikotde.com\/fr\/wp-json\/wp\/v2\/media?parent=19314"}],"wp:term":[{"taxonomy":"product_brand","embeddable":true,"href":"https:\/\/www.billigtrikotde.com\/fr\/wp-json\/wp\/v2\/product_brand?post=19314"},{"taxonomy":"product_cat","embeddable":true,"href":"https:\/\/www.billigtrikotde.com\/fr\/wp-json\/wp\/v2\/product_cat?post=19314"},{"taxonomy":"product_tag","embeddable":true,"href":"https:\/\/www.billigtrikotde.com\/fr\/wp-json\/wp\/v2\/product_tag?post=19314"}],"curies":[{"name":"wp","href":"https:\/\/api.w.org\/{rel}","templated":true}]}}