{"id":19301,"date":"2024-10-24T11:20:45","date_gmt":"2024-10-24T09:20:45","guid":{"rendered":"http:\/\/billigtrikots.com\/?post_type=product&#038;p=19301"},"modified":"2025-03-13T00:48:54","modified_gmt":"2025-03-12T23:48:54","slug":"kaufen-inter-miami-mls-2024-25-drittes-trikot-kurzarm-lionel-messi-10","status":"publish","type":"product","link":"https:\/\/www.billigtrikotde.com\/fr\/kaufen-inter-miami-mls-2024-25-drittes-trikot-kurzarm-lionel-messi-10\/","title":{"rendered":"Acheter Inter Miami MLS 2024-25 Troisi\u00e8me maillot manches courtes Lionel Messi 10"},"content":{"rendered":"<p>Le nouveau troisi\u00e8me maillot d'Inter Miami 2024 est aquatyrisque avec des accents orange et blancs. Le logo et l'\u00e9cusson Inter Miami sont blancs. Les poignets et le col sur le c\u00f4t\u00e9 du maillot sont blancs et orange. Le point fort du troisi\u00e8me maillot d'Inter Miami 2024 est que le mot Miami appara\u00eet sur la poitrine dans une police de style \u00ab Miami Vice \u00bb \u00e0 la place du logo du sponsor de Royal Caribbean.<\/p>\n<p>Conseils pour l'impression : Si le nom et le num\u00e9ro figurant sur l'image correspondent exactement \u00e0 ce que vous souhaitez, vous ne devez pas les saisir \u00e0 nouveau. Si ce n'est pas le cas, vous devez saisir le nom et le num\u00e9ro que vous souhaitez.<\/p>\n<p>Conseils pour le lavage : Il est recommand\u00e9 de laver les maillots de football \u00e0 la main. Si vous souhaitez utiliser la machine \u00e0 laver, pensez \u00e0 retourner les maillots de football avant de les laver. Remplissez la machine avec de l'eau froide et utilisez un cycle de lavage d\u00e9licat pour mieux prot\u00e9ger les couleurs.<\/p>","protected":false},"excerpt":{"rendered":"<p>Das neue dritte Trikot von Inter Miami 2024 ist aquat\u00fcrkis mit orangefarbenen und wei\u00dfen Akzenten. Das Logo und das Inter Miami-Wappen sind wei\u00df. Die Manschetten und der Kragen an der Seite des Trikots sind wei\u00df und orange. Das Highlight des dritten Trikots von Inter Miami 2024 ist, dass das Wort Miami in einer \u201eMiami Vice\u201c-Schriftart [&hellip;]<\/p>","protected":false},"featured_media":19344,"comment_status":"open","ping_status":"closed","template":"","meta":[],"product_brand":[],"product_cat":[557],"product_tag":[20,21,22,24,633,1299],"class_list":{"0":"post-19301","1":"product","2":"type-product","3":"status-publish","4":"has-post-thumbnail","6":"product_cat-inter-miami","7":"product_tag-coole-fussballtrikots","8":"product_tag-fussballtrikot-fuer-herren","9":"product_tag-fussballtrikot-guenstig-kaufen","10":"product_tag-guenstiges-fussballtrikot","11":"product_tag-inter-miami-fussballtrikot","12":"product_tag-lionel-messi-trikots","14":"first","15":"instock","16":"shipping-taxable","17":"purchasable","18":"product-type-variable"},"_links":{"self":[{"href":"https:\/\/www.billigtrikotde.com\/fr\/wp-json\/wp\/v2\/product\/19301","targetHints":{"allow":["GET"]}}],"collection":[{"href":"https:\/\/www.billigtrikotde.com\/fr\/wp-json\/wp\/v2\/product"}],"about":[{"href":"https:\/\/www.billigtrikotde.com\/fr\/wp-json\/wp\/v2\/types\/product"}],"replies":[{"embeddable":true,"href":"https:\/\/www.billigtrikotde.com\/fr\/wp-json\/wp\/v2\/comments?post=19301"}],"wp:featuredmedia":[{"embeddable":true,"href":"https:\/\/www.billigtrikotde.com\/fr\/wp-json\/wp\/v2\/media\/19344"}],"wp:attachment":[{"href":"https:\/\/www.billigtrikotde.com\/fr\/wp-json\/wp\/v2\/media?parent=19301"}],"wp:term":[{"taxonomy":"product_brand","embeddable":true,"href":"https:\/\/www.billigtrikotde.com\/fr\/wp-json\/wp\/v2\/product_brand?post=19301"},{"taxonomy":"product_cat","embeddable":true,"href":"https:\/\/www.billigtrikotde.com\/fr\/wp-json\/wp\/v2\/product_cat?post=19301"},{"taxonomy":"product_tag","embeddable":true,"href":"https:\/\/www.billigtrikotde.com\/fr\/wp-json\/wp\/v2\/product_tag?post=19301"}],"curies":[{"name":"wp","href":"https:\/\/api.w.org\/{rel}","templated":true}]}}