{"id":19235,"date":"2024-10-24T11:16:41","date_gmt":"2024-10-24T09:16:41","guid":{"rendered":"http:\/\/billigtrikots.com\/?post_type=product&#038;p=19235"},"modified":"2025-06-09T04:41:39","modified_gmt":"2025-06-09T02:41:39","slug":"bestseller-fussballtrikot-arsenal-2024-25-drittes-trikot-personalisierbar","status":"publish","type":"product","link":"https:\/\/www.billigtrikotde.com\/fr\/bestseller-fussballtrikot-arsenal-2024-25-drittes-trikot-personalisierbar\/","title":{"rendered":"Meilleure vente Maillot de foot Arsenal 2024-25 Troisi\u00e8me Maillot Personnalisable"},"content":{"rendered":"<p>Le troisi\u00e8me maillot de football d'Arsenal 24-25 a une couleur principale aqua, associ\u00e9e au Light Purple et au Navy Blue. Le logo Trefoil, qui n'avait plus \u00e9t\u00e9 utilis\u00e9 sur un maillot d'Arsenal depuis 1992, fait son retour sur le maillot Arsenal 24-25. Le design du troisi\u00e8me maillot Arsenal-FC 2024-25 est, contrairement au logo Trefoil classique, moderne. Il pr\u00e9sente un design de d\u00e9grad\u00e9 de couleurs moderne \u00e9voquant les aurores bor\u00e9ales.<\/p>\n<p>Conseils pour l'impression : Si le nom et le num\u00e9ro figurant sur l'image correspondent exactement \u00e0 ce que vous souhaitez, vous ne devez pas les saisir \u00e0 nouveau. Si ce n'est pas le cas, vous devez saisir le nom et le num\u00e9ro que vous souhaitez.<\/p>\n<p>Conseils pour le lavage : Il est recommand\u00e9 de laver les maillots de football \u00e0 la main. Si vous souhaitez utiliser la machine \u00e0 laver, pensez \u00e0 retourner les maillots de football avant de les laver. Remplissez la machine avec de l'eau froide et utilisez un cycle de lavage d\u00e9licat pour mieux prot\u00e9ger les couleurs.<\/p>","protected":false},"excerpt":{"rendered":"<p>Das dritte Fu\u00dfballtrikot von Arsenal 24-25 hat eine aquafarbene Hauptfarbe, die mit Light Purple und Navy Blue kombiniert wird. Das Trefoil Logo, das seit 1992 nicht mehr auf einem Arsenal Trikot verwendet wurde, feiert auf dem Arsenal 24-25 Trikot ein Comeback. Das Design des dritten Arsenal-FC 2024-25 Fu\u00dfballtrikots ist im Gegensatz zum klassischen Trefoil-Logo modern. [&hellip;]<\/p>","protected":false},"featured_media":19279,"comment_status":"open","ping_status":"closed","template":"","meta":[],"product_brand":[],"product_cat":[55],"product_tag":[609,610,1007,21,23,24],"class_list":{"0":"post-19235","1":"product","2":"type-product","3":"status-publish","4":"has-post-thumbnail","6":"product_cat-arsenal","7":"product_tag-arsenal-fussballtrikot","8":"product_tag-arsenal-trikot","9":"product_tag-arsenal-trikot-2024","10":"product_tag-fussballtrikot-fuer-herren","11":"product_tag-fussballtrikot-kurzarm","12":"product_tag-guenstiges-fussballtrikot","14":"first","15":"instock","16":"shipping-taxable","17":"purchasable","18":"product-type-variable"},"_links":{"self":[{"href":"https:\/\/www.billigtrikotde.com\/fr\/wp-json\/wp\/v2\/product\/19235","targetHints":{"allow":["GET"]}}],"collection":[{"href":"https:\/\/www.billigtrikotde.com\/fr\/wp-json\/wp\/v2\/product"}],"about":[{"href":"https:\/\/www.billigtrikotde.com\/fr\/wp-json\/wp\/v2\/types\/product"}],"replies":[{"embeddable":true,"href":"https:\/\/www.billigtrikotde.com\/fr\/wp-json\/wp\/v2\/comments?post=19235"}],"wp:featuredmedia":[{"embeddable":true,"href":"https:\/\/www.billigtrikotde.com\/fr\/wp-json\/wp\/v2\/media\/19279"}],"wp:attachment":[{"href":"https:\/\/www.billigtrikotde.com\/fr\/wp-json\/wp\/v2\/media?parent=19235"}],"wp:term":[{"taxonomy":"product_brand","embeddable":true,"href":"https:\/\/www.billigtrikotde.com\/fr\/wp-json\/wp\/v2\/product_brand?post=19235"},{"taxonomy":"product_cat","embeddable":true,"href":"https:\/\/www.billigtrikotde.com\/fr\/wp-json\/wp\/v2\/product_cat?post=19235"},{"taxonomy":"product_tag","embeddable":true,"href":"https:\/\/www.billigtrikotde.com\/fr\/wp-json\/wp\/v2\/product_tag?post=19235"}],"curies":[{"name":"wp","href":"https:\/\/api.w.org\/{rel}","templated":true}]}}