{"id":19222,"date":"2024-10-24T11:16:01","date_gmt":"2024-10-24T09:16:01","guid":{"rendered":"http:\/\/billigtrikots.com\/?post_type=product&#038;p=19222"},"modified":"2025-06-09T04:41:40","modified_gmt":"2025-06-09T02:41:40","slug":"fussball-trikots-kaufen-arsenal-2024-25-schwarz-auswaertstrikot-declan-rice-41","status":"publish","type":"product","link":"https:\/\/www.billigtrikotde.com\/fr\/fussball-trikots-kaufen-arsenal-2024-25-schwarz-auswaertstrikot-declan-rice-41\/","title":{"rendered":"Acheter des maillots de football Arsenal 2024-25 noir maillot ext\u00e9rieur Declan Rice 41"},"content":{"rendered":"<p>Le maillot ext\u00e9rieur 2024-25 d'Arsenal a \u00e9t\u00e9 con\u00e7u en collaboration avec la soci\u00e9t\u00e9 londonienne Labrum. Il rend hommage aux anciens joueurs d'Arsenal David Rocastle et Ian Wright avec un fond noir et des touches de rouge et de vert.<\/p>\n<p>Conseils pour l'impression : Si le nom et le num\u00e9ro figurant sur l'image correspondent exactement \u00e0 ce que vous souhaitez, vous ne devez pas les saisir \u00e0 nouveau. Si ce n'est pas le cas, vous devez saisir le nom et le num\u00e9ro que vous souhaitez.<\/p>\n<p>Conseils pour le lavage : Il est recommand\u00e9 de laver les maillots de football \u00e0 la main. Si vous souhaitez utiliser la machine \u00e0 laver, pensez \u00e0 retourner les maillots de football avant de les laver. Remplissez la machine avec de l'eau froide et utilisez un cycle de lavage d\u00e9licat pour mieux prot\u00e9ger les couleurs.<\/p>","protected":false},"excerpt":{"rendered":"<p>L\u2019\u00e9quipement ext\u00e9rieur Arsenal 2024-25 a \u00e9t\u00e9 con\u00e7u en collaboration avec l\u2019entreprise londienne Labrum. C\u2019est un hommage aux anciens joueurs d\u2019Arsenal, David Rocastle et Ian Wright, avec une base noire et des accents en rouge et vert. Conseils d\u2019impression : si le nom et le num\u00e9ro sur l\u2019image correspondent exactement \u00e0 vos souhaits, vous devez les (\u2026)<\/p>","protected":false},"featured_media":19268,"comment_status":"open","ping_status":"closed","template":"","meta":[],"product_brand":[],"product_cat":[55],"product_tag":[609,610,1007,1287,21,23,24],"class_list":{"0":"post-19222","1":"product","2":"type-product","3":"status-publish","4":"has-post-thumbnail","6":"product_cat-arsenal","7":"product_tag-arsenal-fussballtrikot","8":"product_tag-arsenal-trikot","9":"product_tag-arsenal-trikot-2024","10":"product_tag-declan-rice-trikots","11":"product_tag-fussballtrikot-fuer-herren","12":"product_tag-fussballtrikot-kurzarm","13":"product_tag-guenstiges-fussballtrikot","15":"first","16":"instock","17":"shipping-taxable","18":"purchasable","19":"product-type-variable"},"_links":{"self":[{"href":"https:\/\/www.billigtrikotde.com\/fr\/wp-json\/wp\/v2\/product\/19222","targetHints":{"allow":["GET"]}}],"collection":[{"href":"https:\/\/www.billigtrikotde.com\/fr\/wp-json\/wp\/v2\/product"}],"about":[{"href":"https:\/\/www.billigtrikotde.com\/fr\/wp-json\/wp\/v2\/types\/product"}],"replies":[{"embeddable":true,"href":"https:\/\/www.billigtrikotde.com\/fr\/wp-json\/wp\/v2\/comments?post=19222"}],"wp:featuredmedia":[{"embeddable":true,"href":"https:\/\/www.billigtrikotde.com\/fr\/wp-json\/wp\/v2\/media\/19268"}],"wp:attachment":[{"href":"https:\/\/www.billigtrikotde.com\/fr\/wp-json\/wp\/v2\/media?parent=19222"}],"wp:term":[{"taxonomy":"product_brand","embeddable":true,"href":"https:\/\/www.billigtrikotde.com\/fr\/wp-json\/wp\/v2\/product_brand?post=19222"},{"taxonomy":"product_cat","embeddable":true,"href":"https:\/\/www.billigtrikotde.com\/fr\/wp-json\/wp\/v2\/product_cat?post=19222"},{"taxonomy":"product_tag","embeddable":true,"href":"https:\/\/www.billigtrikotde.com\/fr\/wp-json\/wp\/v2\/product_tag?post=19222"}],"curies":[{"name":"wp","href":"https:\/\/api.w.org\/{rel}","templated":true}]}}