{"id":19213,"date":"2024-10-24T11:15:28","date_gmt":"2024-10-24T09:15:28","guid":{"rendered":"http:\/\/billigtrikots.com\/?post_type=product&#038;p=19213"},"modified":"2025-05-30T15:25:42","modified_gmt":"2025-05-30T13:25:42","slug":"guenstiges-fussballtrikot-chelsea-heimtrikot-2024-25-blau-kurzarm","status":"publish","type":"product","link":"https:\/\/www.billigtrikotde.com\/fr\/guenstiges-fussballtrikot-chelsea-heimtrikot-2024-25-blau-kurzarm\/","title":{"rendered":"Maillot de foot pas cher Chelsea domicile 2024-25 bleu manches courtes"},"content":{"rendered":"<p>Le maillot Chelsea FC 24-25 est une premi\u00e8re dans l'histoire du club. Il combine le bleu traditionnel et le blanc-orange. Les logos du maillot domicile Chelsea 24-25 sont bleu clair et bord\u00e9s de \"Team Orange\". Tous deux ont un effet 3D. Ce qui attire l'attention, c'est un design en forme de vague qui rappelle un peu l'effet d'une vague de mousse.<\/p>\n<p>Conseils pour l'impression : Si le nom et le num\u00e9ro figurant sur l'image correspondent exactement \u00e0 ce que vous souhaitez, vous ne devez pas les saisir \u00e0 nouveau. Si ce n'est pas le cas, vous devez saisir le nom et le num\u00e9ro que vous souhaitez.<\/p>\n<p>Conseils pour le lavage : Il est recommand\u00e9 de laver les maillots de football \u00e0 la main. Si vous souhaitez utiliser la machine \u00e0 laver, pensez \u00e0 retourner les maillots de football avant de les laver. Remplissez la machine avec de l'eau froide et utilisez un cycle de lavage d\u00e9licat pour mieux prot\u00e9ger les couleurs.<\/p>","protected":false},"excerpt":{"rendered":"<p>Le maillot Chelsea FC 24-25 repr\u00e9sente une premi\u00e8re dans l'histoire du club. Il combine le bleu traditionnel et le blanc-orange. Les logos du maillot domicile Chelsea 24-25 sont bleu clair et entour\u00e9s de \u00ab Team Orange \u00bb. Les deux ont un effet 3D. Ce qui frappe, c'est un design ondul\u00e9, qui rappelle un peu l'effet d'une vague en mousse. Conseils pour [\u2026]<\/p>","protected":false},"featured_media":19251,"comment_status":"open","ping_status":"closed","template":"","meta":[],"product_brand":[],"product_cat":[72],"product_tag":[20,1280,831,832,163,24,94],"class_list":{"0":"post-19213","1":"product","2":"type-product","3":"status-publish","4":"has-post-thumbnail","6":"product_cat-chelsea","7":"product_tag-coole-fussballtrikots","8":"product_tag-chelsea-fc-24-25-trikot","9":"product_tag-chelsea-fussballtrikots-kinder","10":"product_tag-chelsea-trikot-fuer-kinder","11":"product_tag-chelsea-trikotsatz-fuer-kinder","12":"product_tag-guenstiges-fussballtrikot","13":"product_tag-kinder-fussball-trikotsatz","15":"first","16":"instock","17":"shipping-taxable","18":"purchasable","19":"product-type-variable"},"_links":{"self":[{"href":"https:\/\/www.billigtrikotde.com\/fr\/wp-json\/wp\/v2\/product\/19213","targetHints":{"allow":["GET"]}}],"collection":[{"href":"https:\/\/www.billigtrikotde.com\/fr\/wp-json\/wp\/v2\/product"}],"about":[{"href":"https:\/\/www.billigtrikotde.com\/fr\/wp-json\/wp\/v2\/types\/product"}],"replies":[{"embeddable":true,"href":"https:\/\/www.billigtrikotde.com\/fr\/wp-json\/wp\/v2\/comments?post=19213"}],"wp:featuredmedia":[{"embeddable":true,"href":"https:\/\/www.billigtrikotde.com\/fr\/wp-json\/wp\/v2\/media\/19251"}],"wp:attachment":[{"href":"https:\/\/www.billigtrikotde.com\/fr\/wp-json\/wp\/v2\/media?parent=19213"}],"wp:term":[{"taxonomy":"product_brand","embeddable":true,"href":"https:\/\/www.billigtrikotde.com\/fr\/wp-json\/wp\/v2\/product_brand?post=19213"},{"taxonomy":"product_cat","embeddable":true,"href":"https:\/\/www.billigtrikotde.com\/fr\/wp-json\/wp\/v2\/product_cat?post=19213"},{"taxonomy":"product_tag","embeddable":true,"href":"https:\/\/www.billigtrikotde.com\/fr\/wp-json\/wp\/v2\/product_tag?post=19213"}],"curies":[{"name":"wp","href":"https:\/\/api.w.org\/{rel}","templated":true}]}}