{"id":19172,"date":"2024-10-24T11:13:06","date_gmt":"2024-10-24T09:13:06","guid":{"rendered":"http:\/\/billigtrikots.com\/?post_type=product&#038;p=19172"},"modified":"2024-10-24T11:15:55","modified_gmt":"2024-10-24T09:15:55","slug":"fussballtrikot-kinder-sale-athletic-bilbao-auswaertstrikot-2024-25-blau-trikotsatz","status":"publish","type":"product","link":"https:\/\/www.billigtrikotde.com\/fr\/fussballtrikot-kinder-sale-athletic-bilbao-auswaertstrikot-2024-25-blau-trikotsatz\/","title":{"rendered":"maillot de football pour enfants en solde Athletic Bilbao maillot ext\u00e9rieur 2024-25 bleu ensemble maillots"},"content":{"rendered":"<p>Le maillot ext\u00e9rieur Castore Athletic Bilbao 24-25 arbore une couleur principale bleu roi (\u00ab Bilbao-bleu \u00bb \u2013 \u00ab Gabarra-bleu \u00bb), assortie \u00e0 un col gris avec un bord rouge. Les c\u00f4t\u00e9s du maillot sont \u00e9galement gris et rouges. La derni\u00e8re fois que Bilbao a utilis\u00e9 le bleu roi pour son maillot ext\u00e9rieur remonte \u00e0 la saison 2018-19. Sur le devant, il y a une impression discr\u00e8te et \u00e0 l'arri\u00e8re, un drapeau basque en forme de t\u00eate de lion, \u00e9voquant le club \u00ab Made in Euskal Herria \u00bb.<\/p>\n<p>Conseils pour l'impression : Si le nom et le num\u00e9ro figurant sur l'image correspondent exactement \u00e0 ce que vous souhaitez, vous ne devez pas les saisir \u00e0 nouveau. Si ce n'est pas le cas, vous devez saisir le nom et le num\u00e9ro que vous souhaitez.<\/p>\n<p>Conseils pour le lavage : Il est recommand\u00e9 de laver les maillots de football \u00e0 la main. Si vous souhaitez utiliser la machine \u00e0 laver, pensez \u00e0 retourner les maillots de football avant de les laver. Remplissez la machine avec de l'eau froide et utilisez un cycle de lavage d\u00e9licat pour mieux prot\u00e9ger les couleurs.<\/p>","protected":false},"excerpt":{"rendered":"<p>Le maillot ext\u00e9rieur Castore Athletic Bilbao 24-25 est bleu roi (\u00ab Bilbao-Bleu \u00bb \u2013 \u00ab Gabarra-Bleu \u00bb) couleur principale, associ\u00e9 \u00e0 un col gris avec une bordure rouge. Les c\u00f4t\u00e9s du maillot sont \u00e9galement gris et rouges. La derni\u00e8re fois que Bilbao a utilis\u00e9 le bleu roi pour son maillot ext\u00e9rieur, c'\u00e9tait lors de la saison 2018-19, Sur le devant il y a une impression discr\u00e8te et sur le [\u2026]<\/p>","protected":false},"featured_media":19218,"comment_status":"open","ping_status":"closed","template":"","meta":[],"product_brand":[],"product_cat":[1025],"product_tag":[1279,1278,1026,1027,20,574,23,24,94],"class_list":{"0":"post-19172","1":"product","2":"type-product","3":"status-publish","4":"has-post-thumbnail","6":"product_cat-athletic-bilbao-kindertrikot","7":"product_tag-athletic-bilbao-24-25-auswaertstrikot","8":"product_tag-athletic-bilbao-24-25-trikot","9":"product_tag-athletic-bilbao-fussballtrikots-kinder","10":"product_tag-athletic-bilbao-trikot-fuer-kinder","11":"product_tag-coole-fussballtrikots","12":"product_tag-fussballtrikot-deutschland","13":"product_tag-fussballtrikot-kurzarm","14":"product_tag-guenstiges-fussballtrikot","15":"product_tag-kinder-fussball-trikotsatz","17":"first","18":"instock","19":"shipping-taxable","20":"purchasable","21":"product-type-variable"},"_links":{"self":[{"href":"https:\/\/www.billigtrikotde.com\/fr\/wp-json\/wp\/v2\/product\/19172","targetHints":{"allow":["GET"]}}],"collection":[{"href":"https:\/\/www.billigtrikotde.com\/fr\/wp-json\/wp\/v2\/product"}],"about":[{"href":"https:\/\/www.billigtrikotde.com\/fr\/wp-json\/wp\/v2\/types\/product"}],"replies":[{"embeddable":true,"href":"https:\/\/www.billigtrikotde.com\/fr\/wp-json\/wp\/v2\/comments?post=19172"}],"wp:featuredmedia":[{"embeddable":true,"href":"https:\/\/www.billigtrikotde.com\/fr\/wp-json\/wp\/v2\/media\/19218"}],"wp:attachment":[{"href":"https:\/\/www.billigtrikotde.com\/fr\/wp-json\/wp\/v2\/media?parent=19172"}],"wp:term":[{"taxonomy":"product_brand","embeddable":true,"href":"https:\/\/www.billigtrikotde.com\/fr\/wp-json\/wp\/v2\/product_brand?post=19172"},{"taxonomy":"product_cat","embeddable":true,"href":"https:\/\/www.billigtrikotde.com\/fr\/wp-json\/wp\/v2\/product_cat?post=19172"},{"taxonomy":"product_tag","embeddable":true,"href":"https:\/\/www.billigtrikotde.com\/fr\/wp-json\/wp\/v2\/product_tag?post=19172"}],"curies":[{"name":"wp","href":"https:\/\/api.w.org\/{rel}","templated":true}]}}