{"id":19150,"date":"2024-10-24T11:11:57","date_gmt":"2024-10-24T09:11:57","guid":{"rendered":"http:\/\/billigtrikots.com\/?post_type=product&#038;p=19150"},"modified":"2024-10-24T11:15:17","modified_gmt":"2024-10-24T09:15:17","slug":"fussballtrikots-kaufen-kinder-fc-barcelona-2024-25-heimtrikot-robert-lewandowski-9","status":"publish","type":"product","link":"https:\/\/www.billigtrikotde.com\/fr\/fussballtrikots-kaufen-kinder-fc-barcelona-2024-25-heimtrikot-robert-lewandowski-9\/","title":{"rendered":"Acheter maillots de foot enfants FC Barcelone 2024-25 Maillot domicile Robert Lewandowski 9"},"content":{"rendered":"<p>Le maillot FC Barcelone 2024-25 pr\u00e9sente une combinaison de couleurs et un design prometteurs. Le maillot Barcelone 2024-25 combine le bleu roi, le bleu marine et le rouge avec des logos dor\u00e9s.En ce qui concerne le design, le maillot Barcelone 24-25 a un look moiti\u00e9-moiti\u00e9 en bleu et en marron. Le swoosh et les logos Spotify sont dor\u00e9s, tandis que l'\u00e9cusson est dans les couleurs standard. Le col et les poignets sont bleu marine. La combinaison de couleurs et le design rappellent le maillot du centenaire de Barcelone.<\/p>\n<p>Conseils pour l'impression : Si le nom et le num\u00e9ro figurant sur l'image correspondent exactement \u00e0 ce que vous souhaitez, vous ne devez pas les saisir \u00e0 nouveau. Si ce n'est pas le cas, vous devez saisir le nom et le num\u00e9ro que vous souhaitez.<\/p>\n<p>Conseils pour le lavage : Il est recommand\u00e9 de laver les maillots de football \u00e0 la main. Si vous souhaitez utiliser la machine \u00e0 laver, pensez \u00e0 retourner les maillots de football avant de les laver. Remplissez la machine avec de l'eau froide et utilisez un cycle de lavage d\u00e9licat pour mieux prot\u00e9ger les couleurs.<\/p>","protected":false},"excerpt":{"rendered":"<p>Das FC Barcelona 2024-25 Trikot hat eine vielversprechende Farbkombination und Design. Das Barcelona 2024-25 Trikot kombiniert K\u00f6nigsblau, Marineblau und Rot mit goldenen Logos.Was das Design angeht, so hat das Barcelona 24-25 Trikot einen Halb-und-Halb-Look in Blau und Kastanienbraun. Der Swoosh und die Spotify-Logos sind goldfarben, w\u00e4hrend das Wappen in den Standardfarben gehalten ist. Der Kragen [&hellip;]<\/p>","protected":false},"featured_media":19198,"comment_status":"open","ping_status":"closed","template":"","meta":[],"product_brand":[],"product_cat":[146],"product_tag":[20,1261,22,24,1276],"class_list":{"0":"post-19150","1":"product","2":"type-product","3":"status-publish","4":"has-post-thumbnail","6":"product_cat-barcelona-kindertrikot","7":"product_tag-coole-fussballtrikots","8":"product_tag-fussballtrikot-fuer-kinder","9":"product_tag-fussballtrikot-guenstig-kaufen","10":"product_tag-guenstiges-fussballtrikot","11":"product_tag-robert-lewandowski-trikots","13":"first","14":"instock","15":"shipping-taxable","16":"purchasable","17":"product-type-variable"},"_links":{"self":[{"href":"https:\/\/www.billigtrikotde.com\/fr\/wp-json\/wp\/v2\/product\/19150","targetHints":{"allow":["GET"]}}],"collection":[{"href":"https:\/\/www.billigtrikotde.com\/fr\/wp-json\/wp\/v2\/product"}],"about":[{"href":"https:\/\/www.billigtrikotde.com\/fr\/wp-json\/wp\/v2\/types\/product"}],"replies":[{"embeddable":true,"href":"https:\/\/www.billigtrikotde.com\/fr\/wp-json\/wp\/v2\/comments?post=19150"}],"wp:featuredmedia":[{"embeddable":true,"href":"https:\/\/www.billigtrikotde.com\/fr\/wp-json\/wp\/v2\/media\/19198"}],"wp:attachment":[{"href":"https:\/\/www.billigtrikotde.com\/fr\/wp-json\/wp\/v2\/media?parent=19150"}],"wp:term":[{"taxonomy":"product_brand","embeddable":true,"href":"https:\/\/www.billigtrikotde.com\/fr\/wp-json\/wp\/v2\/product_brand?post=19150"},{"taxonomy":"product_cat","embeddable":true,"href":"https:\/\/www.billigtrikotde.com\/fr\/wp-json\/wp\/v2\/product_cat?post=19150"},{"taxonomy":"product_tag","embeddable":true,"href":"https:\/\/www.billigtrikotde.com\/fr\/wp-json\/wp\/v2\/product_tag?post=19150"}],"curies":[{"name":"wp","href":"https:\/\/api.w.org\/{rel}","templated":true}]}}