{"id":1912,"date":"2024-10-23T13:51:32","date_gmt":"2024-10-23T11:51:32","guid":{"rendered":"http:\/\/billigtrikots.com\/?post_type=product&#038;p=1912"},"modified":"2024-10-23T13:53:08","modified_gmt":"2024-10-23T11:53:08","slug":"bvb-reyna-32-trikotsatz-borussia-dortmund-herren-heimtrikot-2022-gelb-schwarz","status":"publish","type":"product","link":"https:\/\/www.billigtrikotde.com\/fr\/bvb-reyna-32-trikotsatz-borussia-dortmund-herren-heimtrikot-2022-gelb-schwarz\/","title":{"rendered":"BVB Reyna 32 Jeu de maillots Borussia Dortmund Hommes domicile 2022 Jaune Noir"},"content":{"rendered":"<p>Donnez tout avec le maillot domicile P-uma Borussia Dortmund 21\/22, qui offre une coupe l\u00e9g\u00e8rement plus d\u00e9contract\u00e9e sp\u00e9cialement con\u00e7ue pour les fans.<br \/>\nInspir\u00e9 du triomphe l\u00e9gendaire de l'\u00e9quipe en Ligue des Champions en 1997, le maillot domicile P-uma Borussia Dortmund 21\/22 incarne l'esprit outsider de Karl-Heinz Riedle et ses co\u00e9quipiers avec des \u00e9paules noires et des manches ray\u00e9es, qui imitent le maillot et les chaussettes de la finale de 1997.<\/p>\n<p>La version standard du maillot a \u00e9t\u00e9 con\u00e7ue pour le confort sur et en dehors du terrain et dispose de la derni\u00e8re technologie respirante qui vous maintient au frais. La coupe plus d\u00e9contract\u00e9e le rend \u00e9galement id\u00e9al pour les loisirs.<\/p>\n<p>Conseils pour l'impression : Si le nom et le num\u00e9ro figurant sur l'image correspondent exactement \u00e0 ce que vous souhaitez, vous ne devez pas les saisir \u00e0 nouveau. Si ce n'est pas le cas, vous devez saisir le nom et le num\u00e9ro que vous souhaitez.<\/p>\n<p>Conseils pour le lavage : Il est recommand\u00e9 de laver les maillots de football \u00e0 la main. Si vous souhaitez utiliser la machine \u00e0 laver, pensez \u00e0 retourner les maillots de football avant de les laver. Remplissez la machine avec de l'eau froide et utilisez un cycle de lavage d\u00e9licat pour mieux prot\u00e9ger les couleurs.<\/p>","protected":false},"excerpt":{"rendered":"<p>Gib alles mit dem P-uma Borussia Dortmund 21\/22 Heimtrikot, das eine etwas lockerere Passform hat die speziell f\u00fcr Fans entwickelt wurde. Inspiriert vom ber\u00fchmten Champions-League-Triumph des Vereins im Jahr 1997 verk\u00f6rpert das P-uma Borussia Dortmund 21\/22 Heimtrikot den Au\u00dfenseitergeist von Karl-Heinz Riedle und Co. mit schwarzen Schulterpartien und gestreiften \u00c4rmeln, die das Trikot und die [&hellip;]<\/p>","protected":false},"featured_media":1944,"comment_status":"open","ping_status":"closed","template":"","meta":[],"product_brand":[],"product_cat":[63],"product_tag":[20,65,66,67,21,22,23,24],"class_list":{"0":"post-1912","1":"product","2":"type-product","3":"status-publish","4":"has-post-thumbnail","6":"product_cat-borussia-dortmund","7":"product_tag-coole-fussballtrikots","8":"product_tag-borussia-dortmund-trikots","9":"product_tag-bvb-trikots","10":"product_tag-fussball-trikotsatz","11":"product_tag-fussballtrikot-fuer-herren","12":"product_tag-fussballtrikot-guenstig-kaufen","13":"product_tag-fussballtrikot-kurzarm","14":"product_tag-guenstiges-fussballtrikot","16":"first","17":"instock","18":"shipping-taxable","19":"purchasable","20":"product-type-variable"},"_links":{"self":[{"href":"https:\/\/www.billigtrikotde.com\/fr\/wp-json\/wp\/v2\/product\/1912","targetHints":{"allow":["GET"]}}],"collection":[{"href":"https:\/\/www.billigtrikotde.com\/fr\/wp-json\/wp\/v2\/product"}],"about":[{"href":"https:\/\/www.billigtrikotde.com\/fr\/wp-json\/wp\/v2\/types\/product"}],"replies":[{"embeddable":true,"href":"https:\/\/www.billigtrikotde.com\/fr\/wp-json\/wp\/v2\/comments?post=1912"}],"wp:featuredmedia":[{"embeddable":true,"href":"https:\/\/www.billigtrikotde.com\/fr\/wp-json\/wp\/v2\/media\/1944"}],"wp:attachment":[{"href":"https:\/\/www.billigtrikotde.com\/fr\/wp-json\/wp\/v2\/media?parent=1912"}],"wp:term":[{"taxonomy":"product_brand","embeddable":true,"href":"https:\/\/www.billigtrikotde.com\/fr\/wp-json\/wp\/v2\/product_brand?post=1912"},{"taxonomy":"product_cat","embeddable":true,"href":"https:\/\/www.billigtrikotde.com\/fr\/wp-json\/wp\/v2\/product_cat?post=1912"},{"taxonomy":"product_tag","embeddable":true,"href":"https:\/\/www.billigtrikotde.com\/fr\/wp-json\/wp\/v2\/product_tag?post=1912"}],"curies":[{"name":"wp","href":"https:\/\/api.w.org\/{rel}","templated":true}]}}