{"id":19114,"date":"2024-10-24T11:10:09","date_gmt":"2024-10-24T09:10:09","guid":{"rendered":"http:\/\/billigtrikots.com\/?post_type=product&#038;p=19114"},"modified":"2024-10-24T11:13:31","modified_gmt":"2024-10-24T09:13:31","slug":"kaufen-billig-fussballtrikots-nordirland-auswaertstrikots-2024-weiss","status":"publish","type":"product","link":"https:\/\/www.billigtrikotde.com\/fr\/kaufen-billig-fussballtrikots-nordirland-auswaertstrikots-2024-weiss\/","title":{"rendered":"Acheter pas cher Maillots de foot Irlande du Nord ext\u00e9rieur 2024 blanc"},"content":{"rendered":"<p>Le maillot ext\u00e9rieur de l'Irlande du Nord 2024 est majoritairement blanc avec des accents bleu roi et vert menthe.<\/p>\n<p>L'\u00e9l\u00e9ment phare du maillot ext\u00e9rieur 2024 de l'Irlande du Nord est le motif crois\u00e9 qui traverse l\u2019embl\u00e8me du football nord-irlandais.<\/p>\n<p>Conseils pour l'impression : Si le nom et le num\u00e9ro figurant sur l'image correspondent exactement \u00e0 ce que vous souhaitez, vous ne devez pas les saisir \u00e0 nouveau. Si ce n'est pas le cas, vous devez saisir le nom et le num\u00e9ro que vous souhaitez.<\/p>\n<p>Conseils pour le lavage : Il est recommand\u00e9 de laver les maillots de football \u00e0 la main. Si vous souhaitez utiliser la machine \u00e0 laver, pensez \u00e0 retourner les maillots de football avant de les laver. Remplissez la machine avec de l'eau froide et utilisez un cycle de lavage d\u00e9licat pour mieux prot\u00e9ger les couleurs.<\/p>","protected":false},"excerpt":{"rendered":"<p>Das Nordirland 2024 Ausw\u00e4rtstrikot ist \u00fcberwiegend wei\u00df mit k\u00f6nigsblauen und mintfarbenen Akzenten. Das Highlight des Nordirland 2024 Ausw\u00e4rtstrikots ist das Kreuzmuster, das sich durch das nordirische Fu\u00dfballwappen zieht. Tipps zum Drucken: Wenn der Name und die Nummer auf dem Bild genau Ihren W\u00fcnschen entsprechen, m\u00fcssen Sie sie nicht erneut eingeben. Wenn nicht, sollten Sie Ihren [&hellip;]<\/p>","protected":false},"featured_media":19167,"comment_status":"open","ping_status":"closed","template":"","meta":[],"product_brand":[],"product_cat":[1266],"product_tag":[20,22,23,24,1267,1268,1269,1270],"class_list":{"0":"post-19114","1":"product","2":"type-product","3":"status-publish","4":"has-post-thumbnail","6":"product_cat-nordirland-trikots","7":"product_tag-coole-fussballtrikots","8":"product_tag-fussballtrikot-guenstig-kaufen","9":"product_tag-fussballtrikot-kurzarm","10":"product_tag-guenstiges-fussballtrikot","11":"product_tag-nordirland-2024-auswaertstrikot","12":"product_tag-nordirland-auswaerts-2024","13":"product_tag-nordirland-fussballtrikots","14":"product_tag-nordirland-heim-2024","16":"first","17":"instock","18":"shipping-taxable","19":"purchasable","20":"product-type-variable"},"_links":{"self":[{"href":"https:\/\/www.billigtrikotde.com\/fr\/wp-json\/wp\/v2\/product\/19114","targetHints":{"allow":["GET"]}}],"collection":[{"href":"https:\/\/www.billigtrikotde.com\/fr\/wp-json\/wp\/v2\/product"}],"about":[{"href":"https:\/\/www.billigtrikotde.com\/fr\/wp-json\/wp\/v2\/types\/product"}],"replies":[{"embeddable":true,"href":"https:\/\/www.billigtrikotde.com\/fr\/wp-json\/wp\/v2\/comments?post=19114"}],"wp:featuredmedia":[{"embeddable":true,"href":"https:\/\/www.billigtrikotde.com\/fr\/wp-json\/wp\/v2\/media\/19167"}],"wp:attachment":[{"href":"https:\/\/www.billigtrikotde.com\/fr\/wp-json\/wp\/v2\/media?parent=19114"}],"wp:term":[{"taxonomy":"product_brand","embeddable":true,"href":"https:\/\/www.billigtrikotde.com\/fr\/wp-json\/wp\/v2\/product_brand?post=19114"},{"taxonomy":"product_cat","embeddable":true,"href":"https:\/\/www.billigtrikotde.com\/fr\/wp-json\/wp\/v2\/product_cat?post=19114"},{"taxonomy":"product_tag","embeddable":true,"href":"https:\/\/www.billigtrikotde.com\/fr\/wp-json\/wp\/v2\/product_tag?post=19114"}],"curies":[{"name":"wp","href":"https:\/\/api.w.org\/{rel}","templated":true}]}}