{"id":19100,"date":"2024-10-24T11:09:31","date_gmt":"2024-10-24T09:09:31","guid":{"rendered":"http:\/\/billigtrikots.com\/?post_type=product&#038;p=19100"},"modified":"2024-10-24T11:12:23","modified_gmt":"2024-10-24T09:12:23","slug":"kinder-fussball-trikot-set-ac-mailand-heimtrikot-2024-2025","status":"publish","type":"product","link":"https:\/\/www.billigtrikotde.com\/fr\/kinder-fussball-trikot-set-ac-mailand-heimtrikot-2024-2025\/","title":{"rendered":"Enfants Football Maillot set AC Milan domicile 2024 2025"},"content":{"rendered":"<p>Le nouveau maillot de Milan 24-25 revient \u00e0 un design classique, apr\u00e8s que le maillot de la saison derni\u00e8re ait adopt\u00e9 un style exp\u00e9rimental. Il pr\u00e9sente les rayures rouges et noires du club combin\u00e9es \u00e0 des logos blancs. \u00c0 l'int\u00e9rieur des rayures rouges se trouve un design tr\u00e8s discret, probablement li\u00e9 au 125e anniversaire du club. Milan a \u00e9t\u00e9 fond\u00e9 en 1899, donc il y a 125 ans aujourd'hui. \u00c0 l'int\u00e9rieur du col se trouve un badge sp\u00e9cial comm\u00e9moratif avec le texte \u00ab Social Club Institution \u00bb et un graphique ADN. Le col arri\u00e8re du maillot est orn\u00e9 d'un motif sp\u00e9cial \u00ab 125 Years A.C. Milan \u00bb pour c\u00e9l\u00e9brer le 125e anniversaire du club.<\/p>\n<p>Conseils pour l'impression : Si le nom et le num\u00e9ro figurant sur l'image correspondent exactement \u00e0 ce que vous souhaitez, vous ne devez pas les saisir \u00e0 nouveau. Si ce n'est pas le cas, vous devez saisir le nom et le num\u00e9ro que vous souhaitez.<\/p>\n<p>Conseils pour le lavage : Il est recommand\u00e9 de laver les maillots de football \u00e0 la main. Si vous souhaitez utiliser la machine \u00e0 laver, pensez \u00e0 retourner les maillots de football avant de les laver. Remplissez la machine avec de l'eau froide et utilisez un cycle de lavage d\u00e9licat pour mieux prot\u00e9ger les couleurs.<\/p>","protected":false},"excerpt":{"rendered":"<p>Das neue Milan Trikot 24-25 kehrt zu einem klassischen Design zur\u00fcck, nachdem das Trikot der letzten Saison einen experimentellen Stil hatte. Es zeigt die roten und schwarzen Streifen des Vereins in Kombination mit wei\u00dfen Logos.Innerhalb der roten Streifen befindet sich ein sehr dezentes Design, das wahrscheinlich mit dem 125-j\u00e4hrigen Jubil\u00e4um des Vereins zusammenh\u00e4ngt. Milan wurde [&hellip;]<\/p>","protected":false},"featured_media":19153,"comment_status":"open","ping_status":"closed","template":"","meta":[],"product_brand":[],"product_cat":[92],"product_tag":[630,25,631,93,20,574,23,24,94,1264],"class_list":{"0":"post-19100","1":"product","2":"type-product","3":"status-publish","4":"has-post-thumbnail","6":"product_cat-ac-mailand-kindertrikot","7":"product_tag-ac-milan-fussballtrikots-kinder","8":"product_tag-ac-milan-heimtrikot","9":"product_tag-ac-milan-trikot-fuer-kinder","10":"product_tag-ac-milan-trikotsatz-fuer-kinder","11":"product_tag-coole-fussballtrikots","12":"product_tag-fussballtrikot-deutschland","13":"product_tag-fussballtrikot-kurzarm","14":"product_tag-guenstiges-fussballtrikot","15":"product_tag-kinder-fussball-trikotsatz","16":"product_tag-milan-24-25-trikot","18":"first","19":"instock","20":"shipping-taxable","21":"purchasable","22":"product-type-variable"},"_links":{"self":[{"href":"https:\/\/www.billigtrikotde.com\/fr\/wp-json\/wp\/v2\/product\/19100","targetHints":{"allow":["GET"]}}],"collection":[{"href":"https:\/\/www.billigtrikotde.com\/fr\/wp-json\/wp\/v2\/product"}],"about":[{"href":"https:\/\/www.billigtrikotde.com\/fr\/wp-json\/wp\/v2\/types\/product"}],"replies":[{"embeddable":true,"href":"https:\/\/www.billigtrikotde.com\/fr\/wp-json\/wp\/v2\/comments?post=19100"}],"wp:featuredmedia":[{"embeddable":true,"href":"https:\/\/www.billigtrikotde.com\/fr\/wp-json\/wp\/v2\/media\/19153"}],"wp:attachment":[{"href":"https:\/\/www.billigtrikotde.com\/fr\/wp-json\/wp\/v2\/media?parent=19100"}],"wp:term":[{"taxonomy":"product_brand","embeddable":true,"href":"https:\/\/www.billigtrikotde.com\/fr\/wp-json\/wp\/v2\/product_brand?post=19100"},{"taxonomy":"product_cat","embeddable":true,"href":"https:\/\/www.billigtrikotde.com\/fr\/wp-json\/wp\/v2\/product_cat?post=19100"},{"taxonomy":"product_tag","embeddable":true,"href":"https:\/\/www.billigtrikotde.com\/fr\/wp-json\/wp\/v2\/product_tag?post=19100"}],"curies":[{"name":"wp","href":"https:\/\/api.w.org\/{rel}","templated":true}]}}