{"id":19098,"date":"2024-10-24T11:09:29","date_gmt":"2024-10-24T09:09:29","guid":{"rendered":"http:\/\/billigtrikots.com\/?post_type=product&#038;p=19098"},"modified":"2025-04-26T09:57:12","modified_gmt":"2025-04-26T07:57:12","slug":"neue-fussballtrikot-atletico-madrid-heimtrikot-2024-25-fuer-kinder","status":"publish","type":"product","link":"https:\/\/www.billigtrikotde.com\/fr\/neue-fussballtrikot-atletico-madrid-heimtrikot-2024-25-fuer-kinder\/","title":{"rendered":"Nouveau maillot de football Atl\u00e9tico Madrid domicile 2024-25 pour enfants"},"content":{"rendered":"<p>Le nouveau maillot de football Atl\u00e9tico de Madrid 2024-25 propose une interpr\u00e9tation unique des rayures rouges et blanches classiques du club. Le maillot 24-25 d'Atl\u00e9tico Madrid est principalement rouge avec des rayures blanches uniques et une bordure bleue sur l'ext\u00e9rieur. \u00c0 l'int\u00e9rieur des rayures, il y a des lignes bleues et rouges altern\u00e9es avec un effet de d\u00e9grad\u00e9, pour un look unique [\u2026]<\/p>\n<p>Conseils pour l'impression : Si le nom et le num\u00e9ro figurant sur l'image correspondent exactement \u00e0 ce que vous souhaitez, vous ne devez pas les saisir \u00e0 nouveau. Si ce n'est pas le cas, vous devez saisir le nom et le num\u00e9ro que vous souhaitez.<\/p>\n<p>Conseils pour le lavage : Il est recommand\u00e9 de laver les maillots de football \u00e0 la main. Si vous souhaitez utiliser la machine \u00e0 laver, pensez \u00e0 retourner les maillots de football avant de les laver. Remplissez la machine avec de l'eau froide et utilisez un cycle de lavage d\u00e9licat pour mieux prot\u00e9ger les couleurs.<\/p>","protected":false},"excerpt":{"rendered":"<p>Le nouveau maillot de football Atl\u00e9tico de Madrid 2024-25 propose une interpr\u00e9tation unique des rayures rouges et blanches classiques du club. Le maillot 24-25 d'Atl\u00e9tico Madrid est principalement rouge avec des rayures blanches uniques et une bordure bleue sur l'ext\u00e9rieur. \u00c0 l'int\u00e9rieur des rayures, il y a des lignes bleues et rouges altern\u00e9es avec un effet de d\u00e9grad\u00e9, pour un look unique [\u2026]<\/p>","protected":false},"featured_media":19151,"comment_status":"open","ping_status":"closed","template":"","meta":[],"product_brand":[],"product_cat":[157],"product_tag":[868,869,158,20,215,94],"class_list":{"0":"post-19098","1":"product","2":"type-product","3":"status-publish","4":"has-post-thumbnail","6":"product_cat-atletico-madrid-kindertrikot","7":"product_tag-atletico-madrid-fussballtrikots-kinder","8":"product_tag-atletico-madrid-trikot-fuer-kinder","9":"product_tag-atletico-madrid-trikotsatz-fuer-kinder","10":"product_tag-coole-fussballtrikots","11":"product_tag-fussball-trikot-kurzarm","12":"product_tag-kinder-fussball-trikotsatz","14":"first","15":"instock","16":"shipping-taxable","17":"purchasable","18":"product-type-variable"},"_links":{"self":[{"href":"https:\/\/www.billigtrikotde.com\/fr\/wp-json\/wp\/v2\/product\/19098","targetHints":{"allow":["GET"]}}],"collection":[{"href":"https:\/\/www.billigtrikotde.com\/fr\/wp-json\/wp\/v2\/product"}],"about":[{"href":"https:\/\/www.billigtrikotde.com\/fr\/wp-json\/wp\/v2\/types\/product"}],"replies":[{"embeddable":true,"href":"https:\/\/www.billigtrikotde.com\/fr\/wp-json\/wp\/v2\/comments?post=19098"}],"wp:featuredmedia":[{"embeddable":true,"href":"https:\/\/www.billigtrikotde.com\/fr\/wp-json\/wp\/v2\/media\/19151"}],"wp:attachment":[{"href":"https:\/\/www.billigtrikotde.com\/fr\/wp-json\/wp\/v2\/media?parent=19098"}],"wp:term":[{"taxonomy":"product_brand","embeddable":true,"href":"https:\/\/www.billigtrikotde.com\/fr\/wp-json\/wp\/v2\/product_brand?post=19098"},{"taxonomy":"product_cat","embeddable":true,"href":"https:\/\/www.billigtrikotde.com\/fr\/wp-json\/wp\/v2\/product_cat?post=19098"},{"taxonomy":"product_tag","embeddable":true,"href":"https:\/\/www.billigtrikotde.com\/fr\/wp-json\/wp\/v2\/product_tag?post=19098"}],"curies":[{"name":"wp","href":"https:\/\/api.w.org\/{rel}","templated":true}]}}