{"id":19056,"date":"2024-10-24T11:07:35","date_gmt":"2024-10-24T09:07:35","guid":{"rendered":"http:\/\/billigtrikots.com\/?post_type=product&#038;p=19056"},"modified":"2024-10-24T11:09:58","modified_gmt":"2024-10-24T09:09:58","slug":"kindertrikots-trikotsatz-england-heimtrikot-em-2024-cole-palmer-24","status":"publish","type":"product","link":"https:\/\/www.billigtrikotde.com\/fr\/kindertrikots-trikotsatz-england-heimtrikot-em-2024-cole-palmer-24\/","title":{"rendered":"Maillots enfants maillot Angleterre domicile EM 2024 Cole Palmer 24"},"content":{"rendered":"<p>Le maillot de l'Angleterre Euro 2024 est un changement important par rapport aux maillots pr\u00e9c\u00e9dents de l'Angleterre \u00e0 domicile. Le maillot de football Angleterre 2024 combine le blanc classique du pays avec un bleu marine fonc\u00e9 et des d\u00e9tails marron\/rouge clair.It utilise un col sp\u00e9cialement con\u00e7u qui est une combinaison d'un col en V classique et un col polo.Les poignets du maillot Angleterre 2024 \u00e0 domicile sont dot\u00e9s d'\u00e9l\u00e9gantes bandes bleu marine\/rouge clair\/marron.<\/p>\n<p>Conseils pour l'impression : Si le nom et le num\u00e9ro figurant sur l'image correspondent exactement \u00e0 ce que vous souhaitez, vous ne devez pas les saisir \u00e0 nouveau. Si ce n'est pas le cas, vous devez saisir le nom et le num\u00e9ro que vous souhaitez.<\/p>\n<p>Conseils pour le lavage : Il est recommand\u00e9 de laver les maillots de football \u00e0 la main. Si vous souhaitez utiliser la machine \u00e0 laver, pensez \u00e0 retourner les maillots de football avant de les laver. Remplissez la machine avec de l'eau froide et utilisez un cycle de lavage d\u00e9licat pour mieux prot\u00e9ger les couleurs.<\/p>","protected":false},"excerpt":{"rendered":"<p>Das England Euro 2024 Trikot ist eine starke Ver\u00e4nderung gegen\u00fcber den bisherigen England Heimtrikots. Das England 2024 Fu\u00dfballtrikot kombiniert das klassische Wei\u00df des Landes mit einem dunklen Marineblau und kastanienbraunen\/hellroten Details.It verwendet einen speziell konstruierten Kragen, der eine Kombination aus einem klassischen V-Kragen und einem Polokragen ist.Die \u00c4rmelb\u00fcndchen des England 2024 Heimtrikots sind mit eleganten [&hellip;]<\/p>","protected":false},"featured_media":19095,"comment_status":"open","ping_status":"closed","template":"","meta":[],"product_brand":[],"product_cat":[1096],"product_tag":[20,1234,1221,1076,1235,22,23,1236,24],"class_list":{"0":"post-19056","1":"product","2":"type-product","3":"status-publish","4":"has-post-thumbnail","6":"product_cat-em-2024-england","7":"product_tag-coole-fussballtrikots","8":"product_tag-cole-palmer-trikot-kinder-kaufen","9":"product_tag-cole-palmer-trikots","10":"product_tag-em-2024-trikot","11":"product_tag-england-em-2024-trikot-kinder-kaufen","12":"product_tag-fussballtrikot-guenstig-kaufen","13":"product_tag-fussballtrikot-kurzarm","14":"product_tag-guenstige-cole-palmer-trikot-kinder","15":"product_tag-guenstiges-fussballtrikot","17":"first","18":"instock","19":"shipping-taxable","20":"purchasable","21":"product-type-variable"},"_links":{"self":[{"href":"https:\/\/www.billigtrikotde.com\/fr\/wp-json\/wp\/v2\/product\/19056","targetHints":{"allow":["GET"]}}],"collection":[{"href":"https:\/\/www.billigtrikotde.com\/fr\/wp-json\/wp\/v2\/product"}],"about":[{"href":"https:\/\/www.billigtrikotde.com\/fr\/wp-json\/wp\/v2\/types\/product"}],"replies":[{"embeddable":true,"href":"https:\/\/www.billigtrikotde.com\/fr\/wp-json\/wp\/v2\/comments?post=19056"}],"wp:featuredmedia":[{"embeddable":true,"href":"https:\/\/www.billigtrikotde.com\/fr\/wp-json\/wp\/v2\/media\/19095"}],"wp:attachment":[{"href":"https:\/\/www.billigtrikotde.com\/fr\/wp-json\/wp\/v2\/media?parent=19056"}],"wp:term":[{"taxonomy":"product_brand","embeddable":true,"href":"https:\/\/www.billigtrikotde.com\/fr\/wp-json\/wp\/v2\/product_brand?post=19056"},{"taxonomy":"product_cat","embeddable":true,"href":"https:\/\/www.billigtrikotde.com\/fr\/wp-json\/wp\/v2\/product_cat?post=19056"},{"taxonomy":"product_tag","embeddable":true,"href":"https:\/\/www.billigtrikotde.com\/fr\/wp-json\/wp\/v2\/product_tag?post=19056"}],"curies":[{"name":"wp","href":"https:\/\/api.w.org\/{rel}","templated":true}]}}