{"id":19024,"date":"2024-10-24T11:06:38","date_gmt":"2024-10-24T09:06:38","guid":{"rendered":"http:\/\/billigtrikots.com\/?post_type=product&#038;p=19024"},"modified":"2024-10-24T11:07:58","modified_gmt":"2024-10-24T09:07:58","slug":"kinder-fussballtrikot-set-manchester-city-heimtrikotsatz-2024-25-erling-haaland-9","status":"publish","type":"product","link":"https:\/\/www.billigtrikotde.com\/fr\/kinder-fussballtrikot-set-manchester-city-heimtrikotsatz-2024-25-erling-haaland-9\/","title":{"rendered":"Jeu de maillots de football enfants Manchester City domicile 2024-25 Erling Haaland 9"},"content":{"rendered":"<p>Le nouveau maillot Man City 2024-25 combine la couleur bleu ciel classique avec des applications bleu marine et des logos blancs. Ce qui distingue particuli\u00e8rement le maillot Manchester City 24-25, c'est le col et les poignets des manches. Tous deux sont orn\u00e9s d'un graphique unique inspir\u00e9 du graffiti 0161, en hommage \u00e0 la zone 0161 de Manchester. L'indicatif t\u00e9l\u00e9phonique 0161 couvre une grande partie de la r\u00e9gion m\u00e9tropolitaine de Manchester.<\/p>\n<p>Conseils pour l'impression : Si le nom et le num\u00e9ro figurant sur l'image correspondent exactement \u00e0 ce que vous souhaitez, vous ne devez pas les saisir \u00e0 nouveau. Si ce n'est pas le cas, vous devez saisir le nom et le num\u00e9ro que vous souhaitez.<\/p>\n<p>Conseils pour le lavage : Il est recommand\u00e9 de laver les maillots de football \u00e0 la main. Si vous souhaitez utiliser la machine \u00e0 laver, pensez \u00e0 retourner les maillots de football avant de les laver. Remplissez la machine avec de l'eau froide et utilisez un cycle de lavage d\u00e9licat pour mieux prot\u00e9ger les couleurs.<\/p>","protected":false},"excerpt":{"rendered":"<p>Das neue Man City 2024-25 Trikot hat die klassische himmelblaue Farbe kombiniert mit navyfarbenen Applikationen und wei\u00dfen Logos.Was das Manchester City 24-25 Trikot besonders auszeichnet, sind der Kragen und die \u00c4rmelb\u00fcndchen. Beide sind mit einer einzigartigen, von Graffiti inspirierten 0161-Grafik versehen, die eine Hommage an den 0161-Bereich von Manchester ist. Die Telefonvorwahl 0161 deckt einen [&hellip;]<\/p>","protected":false},"featured_media":19040,"comment_status":"closed","ping_status":"closed","template":"","meta":[],"product_brand":[],"product_cat":[144],"product_tag":[20,1233,22,23,24],"class_list":{"0":"post-19024","1":"product","2":"type-product","3":"status-publish","4":"has-post-thumbnail","6":"product_cat-manchester-city-kindertrikot","7":"product_tag-coole-fussballtrikots","8":"product_tag-erling-haaland-trikots","9":"product_tag-fussballtrikot-guenstig-kaufen","10":"product_tag-fussballtrikot-kurzarm","11":"product_tag-guenstiges-fussballtrikot","13":"first","14":"instock","15":"purchasable","16":"product-type-variable"},"_links":{"self":[{"href":"https:\/\/www.billigtrikotde.com\/fr\/wp-json\/wp\/v2\/product\/19024","targetHints":{"allow":["GET"]}}],"collection":[{"href":"https:\/\/www.billigtrikotde.com\/fr\/wp-json\/wp\/v2\/product"}],"about":[{"href":"https:\/\/www.billigtrikotde.com\/fr\/wp-json\/wp\/v2\/types\/product"}],"replies":[{"embeddable":true,"href":"https:\/\/www.billigtrikotde.com\/fr\/wp-json\/wp\/v2\/comments?post=19024"}],"wp:featuredmedia":[{"embeddable":true,"href":"https:\/\/www.billigtrikotde.com\/fr\/wp-json\/wp\/v2\/media\/19040"}],"wp:attachment":[{"href":"https:\/\/www.billigtrikotde.com\/fr\/wp-json\/wp\/v2\/media?parent=19024"}],"wp:term":[{"taxonomy":"product_brand","embeddable":true,"href":"https:\/\/www.billigtrikotde.com\/fr\/wp-json\/wp\/v2\/product_brand?post=19024"},{"taxonomy":"product_cat","embeddable":true,"href":"https:\/\/www.billigtrikotde.com\/fr\/wp-json\/wp\/v2\/product_cat?post=19024"},{"taxonomy":"product_tag","embeddable":true,"href":"https:\/\/www.billigtrikotde.com\/fr\/wp-json\/wp\/v2\/product_tag?post=19024"}],"curies":[{"name":"wp","href":"https:\/\/api.w.org\/{rel}","templated":true}]}}