{"id":18933,"date":"2024-10-24T11:02:59","date_gmt":"2024-10-24T09:02:59","guid":{"rendered":"http:\/\/billigtrikots.com\/?post_type=product&#038;p=18933"},"modified":"2024-10-24T11:04:21","modified_gmt":"2024-10-24T09:04:21","slug":"fussballtrikot-outlet-kinder-spanien-auswaerts-trikotsatzt-em-2024-pedri-gonzalez-20","status":"publish","type":"product","link":"https:\/\/www.billigtrikotde.com\/fr\/fussballtrikot-outlet-kinder-spanien-auswaerts-trikotsatzt-em-2024-pedri-gonzalez-20\/","title":{"rendered":"Maillot de football Outlet Enfants Espagne Jeu de maillot ext\u00e9rieur Euro 2024 Pedri Gonzalez 20"},"content":{"rendered":"<p>Le maillot ext\u00e9rieur Espagne 2024 a une association de couleurs fra\u00eeche et voyante. Il est surtout d\u2019un jaune n\u00e9on p\u00e2le, peut-\u00eatre inspir\u00e9 par les dunes de sable du pays. Une caract\u00e9ristique unique des maillots ext\u00e9rieurs de l\u2019Espagne Euro 2024 sont les panneaux \u2013 les panneaux bleu clair sont orn\u00e9s d\u2019un motif de dune de sable.<\/p>\n<p>Conseils pour l'impression : Si le nom et le num\u00e9ro figurant sur l'image correspondent exactement \u00e0 ce que vous souhaitez, vous ne devez pas les saisir \u00e0 nouveau. Si ce n'est pas le cas, vous devez saisir le nom et le num\u00e9ro que vous souhaitez.<\/p>\n<p>Conseils pour le lavage : Il est recommand\u00e9 de laver les maillots de football \u00e0 la main. Si vous souhaitez utiliser la machine \u00e0 laver, pensez \u00e0 retourner les maillots de football avant de les laver. Remplissez la machine avec de l'eau froide et utilisez un cycle de lavage d\u00e9licat pour mieux prot\u00e9ger les couleurs.<\/p>","protected":false},"excerpt":{"rendered":"<p>Le maillot ext\u00e9rieur de l'Espagne 2024 pr\u00e9sente une combinaison de couleurs fra\u00eeche et frappante. Il est surtout d'un jaune n\u00e9on p\u00e2le, peut-\u00eatre inspir\u00e9 par les dunes de sable du pays. Une caract\u00e9ristique unique du maillot ext\u00e9rieur de l\u2019Espagne Euro 2024 est les panneaux \u2013 les panneaux bleu clair sont orn\u00e9s d\u2019un motif de dunes de sable. Conseils d\u2019impression : lorsque le nom et le num\u00e9ro sur l\u2019image sont exacts [\u2026]<\/p>","protected":false},"featured_media":18949,"comment_status":"closed","ping_status":"closed","template":"","meta":[],"product_brand":[],"product_cat":[1079],"product_tag":[20,1076,22,23,24,1227],"class_list":{"0":"post-18933","1":"product","2":"type-product","3":"status-publish","4":"has-post-thumbnail","6":"product_cat-em-2024-spanien","7":"product_tag-coole-fussballtrikots","8":"product_tag-em-2024-trikot","9":"product_tag-fussballtrikot-guenstig-kaufen","10":"product_tag-fussballtrikot-kurzarm","11":"product_tag-guenstiges-fussballtrikot","12":"product_tag-pedri-gonzalez-trikots","14":"first","15":"instock","16":"purchasable","17":"product-type-variable"},"_links":{"self":[{"href":"https:\/\/www.billigtrikotde.com\/fr\/wp-json\/wp\/v2\/product\/18933","targetHints":{"allow":["GET"]}}],"collection":[{"href":"https:\/\/www.billigtrikotde.com\/fr\/wp-json\/wp\/v2\/product"}],"about":[{"href":"https:\/\/www.billigtrikotde.com\/fr\/wp-json\/wp\/v2\/types\/product"}],"replies":[{"embeddable":true,"href":"https:\/\/www.billigtrikotde.com\/fr\/wp-json\/wp\/v2\/comments?post=18933"}],"wp:featuredmedia":[{"embeddable":true,"href":"https:\/\/www.billigtrikotde.com\/fr\/wp-json\/wp\/v2\/media\/18949"}],"wp:attachment":[{"href":"https:\/\/www.billigtrikotde.com\/fr\/wp-json\/wp\/v2\/media?parent=18933"}],"wp:term":[{"taxonomy":"product_brand","embeddable":true,"href":"https:\/\/www.billigtrikotde.com\/fr\/wp-json\/wp\/v2\/product_brand?post=18933"},{"taxonomy":"product_cat","embeddable":true,"href":"https:\/\/www.billigtrikotde.com\/fr\/wp-json\/wp\/v2\/product_cat?post=18933"},{"taxonomy":"product_tag","embeddable":true,"href":"https:\/\/www.billigtrikotde.com\/fr\/wp-json\/wp\/v2\/product_tag?post=18933"}],"curies":[{"name":"wp","href":"https:\/\/api.w.org\/{rel}","templated":true}]}}