{"id":18875,"date":"2024-10-24T11:00:12","date_gmt":"2024-10-24T09:00:12","guid":{"rendered":"http:\/\/billigtrikots.com\/?post_type=product&#038;p=18875"},"modified":"2024-10-24T11:02:03","modified_gmt":"2024-10-24T09:02:03","slug":"fussballtrikot-set-fuer-kinder-england-euro-2024-auswaertstrikot-cole-palmer-24","status":"publish","type":"product","link":"https:\/\/www.billigtrikotde.com\/fr\/fussballtrikot-set-fuer-kinder-england-euro-2024-auswaertstrikot-cole-palmer-24\/","title":{"rendered":"Jeu de maillots de football pour enfants Angleterre Euro 2024 Maillot ext\u00e9rieur Cole Palmer 24"},"content":{"rendered":"<p>Laway du maillot ext\u00e9rieur de l\u2019Angleterre pour l\u2019Euro 2024 montre un brun noisette fonc\u00e9 et clair, appel\u00e9 \u00ab Dark Raisin \u00bb, combin\u00e9 avec \u00ab Sesame \u00bb pour les logos, ce qui est une teinte dor\u00e9e. Ce qui rend le maillot ext\u00e9rieur de l\u2019Angleterre 2024 si sp\u00e9cial, c\u2019est le design multicolore des deux c\u00f4t\u00e9s. \u00c0 l\u2019int\u00e9rieur du col se trouve la croix de Saint-Georges, con\u00e7ue dans les m\u00eames couleurs que les bandes lat\u00e9rales est.<\/p>\n<p>Conseils pour l'impression : Si le nom et le num\u00e9ro figurant sur l'image correspondent exactement \u00e0 ce que vous souhaitez, vous ne devez pas les saisir \u00e0 nouveau. Si ce n'est pas le cas, vous devez saisir le nom et le num\u00e9ro que vous souhaitez.<\/p>\n<p>Conseils pour le lavage : Il est recommand\u00e9 de laver les maillots de football \u00e0 la main. Si vous souhaitez utiliser la machine \u00e0 laver, pensez \u00e0 retourner les maillots de football avant de les laver. Remplissez la machine avec de l'eau froide et utilisez un cycle de lavage d\u00e9licat pour mieux prot\u00e9ger les couleurs.<\/p>","protected":false},"excerpt":{"rendered":"<p>Laway du maillot ext\u00e9rieur de l\u2019Angleterre pour l\u2019Euro 2024 montre un brun noisette fonc\u00e9 et clair, appel\u00e9 \u00ab Dark Raisin \u00bb, combin\u00e9 avec \u00ab Sesame \u00bb pour les logos, ce qui est une teinte dor\u00e9e. Ce qui rend le maillot ext\u00e9rieur de l\u2019Angleterre 2024 si sp\u00e9cial, c\u2019est le design multicolore des deux c\u00f4t\u00e9s. \u00c0 l\u2019int\u00e9rieur du col se trouve la croix de Saint-Georges, con\u00e7ue dans les m\u00eames couleurs que les bandes lat\u00e9rales est.<\/p>","protected":false},"featured_media":18910,"comment_status":"closed","ping_status":"closed","template":"","meta":[],"product_brand":[],"product_cat":[1096],"product_tag":[20,1221,1076,22,23,24],"class_list":{"0":"post-18875","1":"product","2":"type-product","3":"status-publish","4":"has-post-thumbnail","6":"product_cat-em-2024-england","7":"product_tag-coole-fussballtrikots","8":"product_tag-cole-palmer-trikots","9":"product_tag-em-2024-trikot","10":"product_tag-fussballtrikot-guenstig-kaufen","11":"product_tag-fussballtrikot-kurzarm","12":"product_tag-guenstiges-fussballtrikot","14":"first","15":"instock","16":"purchasable","17":"product-type-variable"},"_links":{"self":[{"href":"https:\/\/www.billigtrikotde.com\/fr\/wp-json\/wp\/v2\/product\/18875","targetHints":{"allow":["GET"]}}],"collection":[{"href":"https:\/\/www.billigtrikotde.com\/fr\/wp-json\/wp\/v2\/product"}],"about":[{"href":"https:\/\/www.billigtrikotde.com\/fr\/wp-json\/wp\/v2\/types\/product"}],"replies":[{"embeddable":true,"href":"https:\/\/www.billigtrikotde.com\/fr\/wp-json\/wp\/v2\/comments?post=18875"}],"wp:featuredmedia":[{"embeddable":true,"href":"https:\/\/www.billigtrikotde.com\/fr\/wp-json\/wp\/v2\/media\/18910"}],"wp:attachment":[{"href":"https:\/\/www.billigtrikotde.com\/fr\/wp-json\/wp\/v2\/media?parent=18875"}],"wp:term":[{"taxonomy":"product_brand","embeddable":true,"href":"https:\/\/www.billigtrikotde.com\/fr\/wp-json\/wp\/v2\/product_brand?post=18875"},{"taxonomy":"product_cat","embeddable":true,"href":"https:\/\/www.billigtrikotde.com\/fr\/wp-json\/wp\/v2\/product_cat?post=18875"},{"taxonomy":"product_tag","embeddable":true,"href":"https:\/\/www.billigtrikotde.com\/fr\/wp-json\/wp\/v2\/product_tag?post=18875"}],"curies":[{"name":"wp","href":"https:\/\/api.w.org\/{rel}","templated":true}]}}