{"id":18843,"date":"2024-10-24T10:58:28","date_gmt":"2024-10-24T08:58:28","guid":{"rendered":"http:\/\/billigtrikots.com\/?post_type=product&#038;p=18843"},"modified":"2024-10-24T11:00:39","modified_gmt":"2024-10-24T09:00:39","slug":"frauen-frankreichs-trikots-fuer-die-europameisterschaft-2024-auswaertstrikot-eduardo-camavinga-6","status":"publish","type":"product","link":"https:\/\/www.billigtrikotde.com\/fr\/frauen-frankreichs-trikots-fuer-die-europameisterschaft-2024-auswaertstrikot-eduardo-camavinga-6\/","title":{"rendered":"Femmes France Maillots pour l'Euro 2024 Maillot ext\u00e9rieur Eduardo Camavinga 6"},"content":{"rendered":"<p>Le maillot ext\u00e9rieur de l'Euro 2024 de la France associe une couleur blanche \u00e0 un bleu roi. Le plus frappant est le motif \u00e0 rayures fines \u2013 il passe du bleu (c\u00f4t\u00e9 droit) au rouge (c\u00f4t\u00e9 gauche). Le maillot ext\u00e9rieur de l'Euro 2024 de la France a un col bleu et des poignets bleu. Ce qui retient l'attention sur le devant est le gigantesque blason de la France enti\u00e8rement en couleurs, qui fait ses d\u00e9buts lors de l'Euro 2024 et pourrait \u00e9galement \u00eatre utilis\u00e9 au-del\u00e0 du tournoi.<\/p>\n<p>Les maillots domicile et ext\u00e9rieur de l'Euro 2024 de la France pr\u00e9senteront tous deux un nouveau blason color\u00e9 dans un format g\u00e9ant, plus grand que celui des maillots actuels de la France. La zone du blason de la France restera toutefois conforme aux r\u00e8gles de la FIFA en mati\u00e8re de maillots.<\/p>\n<p>Conseils pour l'impression : Si le nom et le num\u00e9ro figurant sur l'image correspondent exactement \u00e0 ce que vous souhaitez, vous ne devez pas les saisir \u00e0 nouveau. Si ce n'est pas le cas, vous devez saisir le nom et le num\u00e9ro que vous souhaitez.<\/p>\n<p>Conseils pour le lavage : Il est recommand\u00e9 de laver les maillots de football \u00e0 la main. Si vous souhaitez utiliser la machine \u00e0 laver, pensez \u00e0 retourner les maillots de football avant de les laver. Remplissez la machine avec de l'eau froide et utilisez un cycle de lavage d\u00e9licat pour mieux prot\u00e9ger les couleurs.<\/p>","protected":false},"excerpt":{"rendered":"<p>Das Frankreich Euro 2024 Ausw\u00e4rtstrikot kombiniert eine wei\u00dfe Grundfarbe mit einem K\u00f6nigsblau. Am auff\u00e4lligsten ist das Nadelstreifendesign \u2013 es geht von Blau (rechte Seite) zu Rot (linke Seite). Das Frankreich Euro 2024 Ausw\u00e4rtstrikot hat einen blauen Kragen und blaue \u00c4rmelb\u00fcndchen. Was auf der Vorderseite auff\u00e4llt, ist das riesige, voll farbige Frankreich-Wappen, das erstmals bei der [&hellip;]<\/p>","protected":false},"featured_media":18877,"comment_status":"closed","ping_status":"closed","template":"","meta":[],"product_brand":[],"product_cat":[1098],"product_tag":[20,1219,1076,22,23,24],"class_list":{"0":"post-18843","1":"product","2":"type-product","3":"status-publish","4":"has-post-thumbnail","6":"product_cat-em-2024-frankreich","7":"product_tag-coole-fussballtrikots","8":"product_tag-eduardo-camavinga-trikots","9":"product_tag-em-2024-trikot","10":"product_tag-fussballtrikot-guenstig-kaufen","11":"product_tag-fussballtrikot-kurzarm","12":"product_tag-guenstiges-fussballtrikot","14":"first","15":"instock","16":"purchasable","17":"product-type-variable"},"_links":{"self":[{"href":"https:\/\/www.billigtrikotde.com\/fr\/wp-json\/wp\/v2\/product\/18843","targetHints":{"allow":["GET"]}}],"collection":[{"href":"https:\/\/www.billigtrikotde.com\/fr\/wp-json\/wp\/v2\/product"}],"about":[{"href":"https:\/\/www.billigtrikotde.com\/fr\/wp-json\/wp\/v2\/types\/product"}],"replies":[{"embeddable":true,"href":"https:\/\/www.billigtrikotde.com\/fr\/wp-json\/wp\/v2\/comments?post=18843"}],"wp:featuredmedia":[{"embeddable":true,"href":"https:\/\/www.billigtrikotde.com\/fr\/wp-json\/wp\/v2\/media\/18877"}],"wp:attachment":[{"href":"https:\/\/www.billigtrikotde.com\/fr\/wp-json\/wp\/v2\/media?parent=18843"}],"wp:term":[{"taxonomy":"product_brand","embeddable":true,"href":"https:\/\/www.billigtrikotde.com\/fr\/wp-json\/wp\/v2\/product_brand?post=18843"},{"taxonomy":"product_cat","embeddable":true,"href":"https:\/\/www.billigtrikotde.com\/fr\/wp-json\/wp\/v2\/product_cat?post=18843"},{"taxonomy":"product_tag","embeddable":true,"href":"https:\/\/www.billigtrikotde.com\/fr\/wp-json\/wp\/v2\/product_tag?post=18843"}],"curies":[{"name":"wp","href":"https:\/\/api.w.org\/{rel}","templated":true}]}}