{"id":18828,"date":"2024-10-24T10:57:20","date_gmt":"2024-10-24T08:57:20","guid":{"rendered":"http:\/\/billigtrikots.com\/?post_type=product&#038;p=18828"},"modified":"2024-10-24T11:00:37","modified_gmt":"2024-10-24T09:00:37","slug":"frauen-fussballtrikots-paris-saint-germain-psg-heimtrikot-2024-25-kurzarm","status":"publish","type":"product","link":"https:\/\/www.billigtrikotde.com\/fr\/frauen-fussballtrikots-paris-saint-germain-psg-heimtrikot-2024-25-kurzarm\/","title":{"rendered":"Femmes Maillots de foot Paris Saint-Germain PSG domicile 2024-25 manches courtes"},"content":{"rendered":"<p>Le site <strong>Maillot PSG 2024-25<\/strong> revient au maillot classique du club. Le dernier maillot du Paris Saint-Germain qui comportait un maillet classique \u00e9tait le maillot 2020-21.<\/p>\n<p>Conseils pour l'impression : Si le nom et le num\u00e9ro figurant sur l'image correspondent exactement \u00e0 ce que vous souhaitez, vous ne devez pas les saisir \u00e0 nouveau. Si ce n'est pas le cas, vous devez saisir le nom et le num\u00e9ro que vous souhaitez.<\/p>\n<p>Conseils pour le lavage : Il est recommand\u00e9 de laver les maillots de football \u00e0 la main. Si vous souhaitez utiliser la machine \u00e0 laver, pensez \u00e0 retourner les maillots de football avant de les laver. Remplissez la machine avec de l'eau froide et utilisez un cycle de lavage d\u00e9licat pour mieux prot\u00e9ger les couleurs.<\/p>","protected":false},"excerpt":{"rendered":"<p>Le maillot PSG 2024-25 revient au classique motif charbon du club. Le dernier maillot du Paris Saint-Germain qui arborait un motif charbon classique \u00e9tait le maillot 2020-21. Conseils d\u2019impression : si le nom et le num\u00e9ro sur l\u2019image correspondent exactement \u00e0 vos souhaits, vous n\u2019avez pas besoin de les saisir \u00e0 nouveau. Sinon, vous devriez indiquer le nom souhait\u00e9 [\u2026]<\/p>","protected":false},"featured_media":18869,"comment_status":"closed","ping_status":"closed","template":"","meta":[],"product_brand":[],"product_cat":[536],"product_tag":[20,22,23,24,1217],"class_list":{"0":"post-18828","1":"product","2":"type-product","3":"status-publish","4":"has-post-thumbnail","6":"product_cat-paris-saint-germain-psg-damen-trikot","7":"product_tag-coole-fussballtrikots","8":"product_tag-fussballtrikot-guenstig-kaufen","9":"product_tag-fussballtrikot-kurzarm","10":"product_tag-guenstiges-fussballtrikot","11":"product_tag-psg-fussballtrikots","13":"first","14":"instock","15":"purchasable","16":"product-type-variable"},"_links":{"self":[{"href":"https:\/\/www.billigtrikotde.com\/fr\/wp-json\/wp\/v2\/product\/18828","targetHints":{"allow":["GET"]}}],"collection":[{"href":"https:\/\/www.billigtrikotde.com\/fr\/wp-json\/wp\/v2\/product"}],"about":[{"href":"https:\/\/www.billigtrikotde.com\/fr\/wp-json\/wp\/v2\/types\/product"}],"replies":[{"embeddable":true,"href":"https:\/\/www.billigtrikotde.com\/fr\/wp-json\/wp\/v2\/comments?post=18828"}],"wp:featuredmedia":[{"embeddable":true,"href":"https:\/\/www.billigtrikotde.com\/fr\/wp-json\/wp\/v2\/media\/18869"}],"wp:attachment":[{"href":"https:\/\/www.billigtrikotde.com\/fr\/wp-json\/wp\/v2\/media?parent=18828"}],"wp:term":[{"taxonomy":"product_brand","embeddable":true,"href":"https:\/\/www.billigtrikotde.com\/fr\/wp-json\/wp\/v2\/product_brand?post=18828"},{"taxonomy":"product_cat","embeddable":true,"href":"https:\/\/www.billigtrikotde.com\/fr\/wp-json\/wp\/v2\/product_cat?post=18828"},{"taxonomy":"product_tag","embeddable":true,"href":"https:\/\/www.billigtrikotde.com\/fr\/wp-json\/wp\/v2\/product_tag?post=18828"}],"curies":[{"name":"wp","href":"https:\/\/api.w.org\/{rel}","templated":true}]}}