{"id":18826,"date":"2024-10-24T10:57:18","date_gmt":"2024-10-24T08:57:18","guid":{"rendered":"http:\/\/billigtrikots.com\/?post_type=product&#038;p=18826"},"modified":"2024-10-24T11:00:02","modified_gmt":"2024-10-24T09:00:02","slug":"damen-frankreichs-trikots-fuer-die-europameisterschaft-2024-auswaertstrikot-ibrahima-konate-24","status":"publish","type":"product","link":"https:\/\/www.billigtrikotde.com\/fr\/damen-frankreichs-trikots-fuer-die-europameisterschaft-2024-auswaertstrikot-ibrahima-konate-24\/","title":{"rendered":"Femmes France maillots pour l'Euro 2024 Maillot ext\u00e9rieur Ibrahima Konate 24"},"content":{"rendered":"<p>Le site <strong>Maillot ext\u00e9rieur de l\u2019Euro 2024 de la France<\/strong> associant une couleur blanche de fond \u00e0 un bleu roi. Le motif ray\u00e9 est le plus marquant \u2013 il passe du bleu (c\u00f4t\u00e9 droit) au rouge (c\u00f4t\u00e9 gauche). Le maillot ext\u00e9rieur de l\u2019Euro 2024 pour la France a un col bleu et des poignets de manches bleus. Ce qui attire sur le devant, c\u2019est le gigantesque blason tricolore, qui fait son apparition pour la premi\u00e8re fois lors de l\u2019Euro 2024 et pourrait \u00eatre utilis\u00e9 m\u00eame au-del\u00e0 du tournoi.<\/p>\n<p>Les maillots domicile et ext\u00e9rieur de l'Euro 2024 de la France pr\u00e9senteront tous deux un nouveau blason color\u00e9 dans un format g\u00e9ant, plus grand que celui des maillots actuels de la France. La zone du blason de la France restera toutefois conforme aux r\u00e8gles de la FIFA en mati\u00e8re de maillots.<\/p>\n<p>Conseils pour l'impression : Si le nom et le num\u00e9ro figurant sur l'image correspondent exactement \u00e0 ce que vous souhaitez, vous ne devez pas les saisir \u00e0 nouveau. Si ce n'est pas le cas, vous devez saisir le nom et le num\u00e9ro que vous souhaitez.<\/p>\n<p>Conseils pour le lavage : Il est recommand\u00e9 de laver les maillots de football \u00e0 la main. Si vous souhaitez utiliser la machine \u00e0 laver, pensez \u00e0 retourner les maillots de football avant de les laver. Remplissez la machine avec de l'eau froide et utilisez un cycle de lavage d\u00e9licat pour mieux prot\u00e9ger les couleurs.<\/p>","protected":false},"excerpt":{"rendered":"<p>Le maillot ext\u00e9rieur de l\u2019Euro 2024 for France associe une couleur blanche \u00e0 un bleu royal. Le motif le plus frappant est le motif ray\u00e9 \u2013 il passe du bleu (c\u00f4t\u00e9 droit) au rouge (c\u00f4t\u00e9 gauche). Le maillot ext\u00e9rieur de l\u2019Euro 2024 pour la France pr\u00e9sente un col bleu et des poignets de manches bleus. Ce qui attire l\u2019attention sur le devant, c\u2019est le gigantesque embl\u00e8me enti\u00e8rement color\u00e9 de la France, qui appara\u00eet pour la premi\u00e8re fois \u00e0 l\u2019Euro 2024 dans [\u2026]<\/p>","protected":false},"featured_media":18867,"comment_status":"open","ping_status":"closed","template":"","meta":[],"product_brand":[],"product_cat":[1098],"product_tag":[20,1076,1214,1099,22,23,1215,24,1216],"class_list":{"0":"post-18826","1":"product","2":"type-product","3":"status-publish","4":"has-post-thumbnail","6":"product_cat-em-2024-frankreich","7":"product_tag-coole-fussballtrikots","8":"product_tag-em-2024-trikot","9":"product_tag-em-2024-trikot-damen","10":"product_tag-frankreich-trikot-em-2024","11":"product_tag-fussballtrikot-guenstig-kaufen","12":"product_tag-fussballtrikot-kurzarm","13":"product_tag-guenstige-fussballtrikots-damen","14":"product_tag-guenstiges-fussballtrikot","15":"product_tag-ibrahima-konate-trikot","17":"first","18":"instock","19":"shipping-taxable","20":"purchasable","21":"product-type-variable"},"_links":{"self":[{"href":"https:\/\/www.billigtrikotde.com\/fr\/wp-json\/wp\/v2\/product\/18826","targetHints":{"allow":["GET"]}}],"collection":[{"href":"https:\/\/www.billigtrikotde.com\/fr\/wp-json\/wp\/v2\/product"}],"about":[{"href":"https:\/\/www.billigtrikotde.com\/fr\/wp-json\/wp\/v2\/types\/product"}],"replies":[{"embeddable":true,"href":"https:\/\/www.billigtrikotde.com\/fr\/wp-json\/wp\/v2\/comments?post=18826"}],"wp:featuredmedia":[{"embeddable":true,"href":"https:\/\/www.billigtrikotde.com\/fr\/wp-json\/wp\/v2\/media\/18867"}],"wp:attachment":[{"href":"https:\/\/www.billigtrikotde.com\/fr\/wp-json\/wp\/v2\/media?parent=18826"}],"wp:term":[{"taxonomy":"product_brand","embeddable":true,"href":"https:\/\/www.billigtrikotde.com\/fr\/wp-json\/wp\/v2\/product_brand?post=18826"},{"taxonomy":"product_cat","embeddable":true,"href":"https:\/\/www.billigtrikotde.com\/fr\/wp-json\/wp\/v2\/product_cat?post=18826"},{"taxonomy":"product_tag","embeddable":true,"href":"https:\/\/www.billigtrikotde.com\/fr\/wp-json\/wp\/v2\/product_tag?post=18826"}],"curies":[{"name":"wp","href":"https:\/\/api.w.org\/{rel}","templated":true}]}}