{"id":18767,"date":"2024-10-24T10:53:28","date_gmt":"2024-10-24T08:53:28","guid":{"rendered":"http:\/\/billigtrikots.com\/?post_type=product&#038;p=18767"},"modified":"2024-10-24T10:56:38","modified_gmt":"2024-10-24T08:56:38","slug":"kinder-fussballtrikots-portugal-trikot-em-2024-auswaerts-trikotsatz-vitinha-23","status":"publish","type":"product","link":"https:\/\/www.billigtrikotde.com\/fr\/kinder-fussballtrikots-portugal-trikot-em-2024-auswaerts-trikotsatz-vitinha-23\/","title":{"rendered":"Enfants Maillots de football Portugal maillot ext\u00e9rieur Euro 2024 Jeu de maillots Vitinha 23"},"content":{"rendered":"<p>Le maillot ext\u00e9rieur Portugal 2024 pr\u00e9sente un design \u00e9troitement li\u00e9 \u00e0 l'histoire du Portugal. Le maillot pr\u00e9sente un graphisme all-over avec un motif de style azulejo qui donne un effet sale.L'azulejo est une forme de carreaux de c\u00e9ramique portugais et espagnols \u00e9maill\u00e9s \u00e0 l'\u00e9tain. Il est g\u00e9n\u00e9ralement utilis\u00e9 pour d\u00e9corer les murs et les sols et est connu pour ses couleurs vives et ses motifs compliqu\u00e9s.<\/p>\n<p>En ce qui concerne les couleurs, le sch\u00e9ma de couleurs du maillot ext\u00e9rieur pour la Coupe du monde 2022 se poursuit. Comme le maillot du Qatar, le nouveau maillot ext\u00e9rieur du Portugal 2024 est principalement compos\u00e9 de couleurs de voile.Portugal Euro 2024 Maillot ext\u00e9rieur avec bleu clair et un bleu marine tr\u00e8s fonc\u00e9, \"University Blue\" et \"Pitch Blue\".<\/p>\n<p>Conseils pour l'impression : Si le nom et le num\u00e9ro figurant sur l'image correspondent exactement \u00e0 ce que vous souhaitez, vous ne devez pas les saisir \u00e0 nouveau. Si ce n'est pas le cas, vous devez saisir le nom et le num\u00e9ro que vous souhaitez.<\/p>\n<p>Conseils pour le lavage : Il est recommand\u00e9 de laver les maillots de football \u00e0 la main. Si vous souhaitez utiliser la machine \u00e0 laver, pensez \u00e0 retourner les maillots de football avant de les laver. Remplissez la machine avec de l'eau froide et utilisez un cycle de lavage d\u00e9licat pour mieux prot\u00e9ger les couleurs.<\/p>","protected":false},"excerpt":{"rendered":"<p>Le maillot ext\u00e9rieur Portugal 2024 pr\u00e9sente un design \u00e9troitement li\u00e9 \u00e0 l'histoire du Portugal. Le maillot pr\u00e9sente un graphisme all-over avec un motif de style azulejo qui donne un effet sale.L'azulejo est une forme de carreaux de c\u00e9ramique portugais et espagnols \u00e9maill\u00e9s \u00e0 l'\u00e9tain. Il est g\u00e9n\u00e9ralement utilis\u00e9 pour d\u00e9corer les murs et les sols et est connu pour ses couleurs vives et ses motifs compliqu\u00e9s.<\/p>","protected":false},"featured_media":18806,"comment_status":"open","ping_status":"closed","template":"","meta":[],"product_brand":[],"product_cat":[1094],"product_tag":[20,1076,1077,21,22,23,24,1095],"class_list":{"0":"post-18767","1":"product","2":"type-product","3":"status-publish","4":"has-post-thumbnail","6":"product_cat-em-2024-portugal","7":"product_tag-coole-fussballtrikots","8":"product_tag-em-2024-trikot","9":"product_tag-em-2024-trikot-herren","10":"product_tag-fussballtrikot-fuer-herren","11":"product_tag-fussballtrikot-guenstig-kaufen","12":"product_tag-fussballtrikot-kurzarm","13":"product_tag-guenstiges-fussballtrikot","14":"product_tag-portugal-trikot-em-2024","16":"first","17":"instock","18":"shipping-taxable","19":"purchasable","20":"product-type-variable"},"_links":{"self":[{"href":"https:\/\/www.billigtrikotde.com\/fr\/wp-json\/wp\/v2\/product\/18767","targetHints":{"allow":["GET"]}}],"collection":[{"href":"https:\/\/www.billigtrikotde.com\/fr\/wp-json\/wp\/v2\/product"}],"about":[{"href":"https:\/\/www.billigtrikotde.com\/fr\/wp-json\/wp\/v2\/types\/product"}],"replies":[{"embeddable":true,"href":"https:\/\/www.billigtrikotde.com\/fr\/wp-json\/wp\/v2\/comments?post=18767"}],"wp:featuredmedia":[{"embeddable":true,"href":"https:\/\/www.billigtrikotde.com\/fr\/wp-json\/wp\/v2\/media\/18806"}],"wp:attachment":[{"href":"https:\/\/www.billigtrikotde.com\/fr\/wp-json\/wp\/v2\/media?parent=18767"}],"wp:term":[{"taxonomy":"product_brand","embeddable":true,"href":"https:\/\/www.billigtrikotde.com\/fr\/wp-json\/wp\/v2\/product_brand?post=18767"},{"taxonomy":"product_cat","embeddable":true,"href":"https:\/\/www.billigtrikotde.com\/fr\/wp-json\/wp\/v2\/product_cat?post=18767"},{"taxonomy":"product_tag","embeddable":true,"href":"https:\/\/www.billigtrikotde.com\/fr\/wp-json\/wp\/v2\/product_tag?post=18767"}],"curies":[{"name":"wp","href":"https:\/\/api.w.org\/{rel}","templated":true}]}}