{"id":18729,"date":"2024-10-24T10:51:11","date_gmt":"2024-10-24T08:51:11","guid":{"rendered":"http:\/\/billigtrikots.com\/?post_type=product&#038;p=18729"},"modified":"2024-10-24T10:53:53","modified_gmt":"2024-10-24T08:53:53","slug":"fussballtrikots-billig-kaufen-portugal-trikot-em-2024-heimtrikot-trikotsatz-otavinho-16","status":"publish","type":"product","link":"https:\/\/www.billigtrikotde.com\/fr\/fussballtrikots-billig-kaufen-portugal-trikot-em-2024-heimtrikot-trikotsatz-otavinho-16\/","title":{"rendered":"Maillots de foot pas cher Acheter Portugal Maillot EM 2024 domicile jeu de maillot Otavinho 16"},"content":{"rendered":"<p>Le maillot domicile du Portugal pour l'EURO 2024 montre la couleur rouge classique du pays, mais associ\u00e9e \u00e0 d'autres couleurs que ces derni\u00e8res ann\u00e9es. Il est principalement rouge, combin\u00e9 avec des applications vertes et noires, plus un beige clair pour le Sowoosh ainsi que les noms et les num\u00e9ros. Officiellement, les couleurs sont \u00ab University Red\/Pine Green\/Sail \u00bb.<\/p>\n<p>Le maillot domicile du Portugal pour l'EURO 2024 pr\u00e9sente un col noir surpiqu\u00e9 avec des d\u00e9tails verts \u2013 c'est le m\u00eame col surpiqu\u00e9 que l'on voit \u00e9galement sur le maillot domicile de la France et sur le maillot ext\u00e9rieur des Pays-Bas pour l'EURO 2024. Le noir\/vert est \u00e9galement utilis\u00e9 pour les poignets des manches et les c\u00f4t\u00e9s.<\/p>\n<p>Conseils pour l'impression : Si le nom et le num\u00e9ro figurant sur l'image correspondent exactement \u00e0 ce que vous souhaitez, vous ne devez pas les saisir \u00e0 nouveau. Si ce n'est pas le cas, vous devez saisir le nom et le num\u00e9ro que vous souhaitez.<\/p>\n<p>Conseils pour le lavage : Il est recommand\u00e9 de laver les maillots de football \u00e0 la main. Si vous souhaitez utiliser la machine \u00e0 laver, pensez \u00e0 retourner les maillots de football avant de les laver. Remplissez la machine avec de l'eau froide et utilisez un cycle de lavage d\u00e9licat pour mieux prot\u00e9ger les couleurs.<\/p>","protected":false},"excerpt":{"rendered":"<p>Le maillot domicile du Portugal pour l\u2019Euro 2024 affiche la couleur rouge traditionnelle du pays, mais associ\u00e9e \u00e0 d\u2019autres couleurs que ces derni\u00e8res ann\u00e9es. Il est principalement rouge, combin\u00e9 avec des applications vertes et noires, plus un beige clair pour le Swoosh ainsi que les noms et num\u00e9ros. Officiellement, les couleurs sont \u00ab University Red\/Pine Green\/Sail \u00bb. Le maillot domicile du Portugal pour l\u2019Euro [\u2026]<\/p>","protected":false},"featured_media":18769,"comment_status":"open","ping_status":"closed","template":"","meta":[],"product_brand":[],"product_cat":[1094],"product_tag":[20,21,22,24,1201,1200,1095],"class_list":{"0":"post-18729","1":"product","2":"type-product","3":"status-publish","4":"has-post-thumbnail","6":"product_cat-em-2024-portugal","7":"product_tag-coole-fussballtrikots","8":"product_tag-fussballtrikot-fuer-herren","9":"product_tag-fussballtrikot-guenstig-kaufen","10":"product_tag-guenstiges-fussballtrikot","11":"product_tag-portugal-em-trikot-2024-kaufen","12":"product_tag-portugal-trikot-2024","13":"product_tag-portugal-trikot-em-2024","15":"first","16":"instock","17":"shipping-taxable","18":"purchasable","19":"product-type-variable"},"_links":{"self":[{"href":"https:\/\/www.billigtrikotde.com\/fr\/wp-json\/wp\/v2\/product\/18729","targetHints":{"allow":["GET"]}}],"collection":[{"href":"https:\/\/www.billigtrikotde.com\/fr\/wp-json\/wp\/v2\/product"}],"about":[{"href":"https:\/\/www.billigtrikotde.com\/fr\/wp-json\/wp\/v2\/types\/product"}],"replies":[{"embeddable":true,"href":"https:\/\/www.billigtrikotde.com\/fr\/wp-json\/wp\/v2\/comments?post=18729"}],"wp:featuredmedia":[{"embeddable":true,"href":"https:\/\/www.billigtrikotde.com\/fr\/wp-json\/wp\/v2\/media\/18769"}],"wp:attachment":[{"href":"https:\/\/www.billigtrikotde.com\/fr\/wp-json\/wp\/v2\/media?parent=18729"}],"wp:term":[{"taxonomy":"product_brand","embeddable":true,"href":"https:\/\/www.billigtrikotde.com\/fr\/wp-json\/wp\/v2\/product_brand?post=18729"},{"taxonomy":"product_cat","embeddable":true,"href":"https:\/\/www.billigtrikotde.com\/fr\/wp-json\/wp\/v2\/product_cat?post=18729"},{"taxonomy":"product_tag","embeddable":true,"href":"https:\/\/www.billigtrikotde.com\/fr\/wp-json\/wp\/v2\/product_tag?post=18729"}],"curies":[{"name":"wp","href":"https:\/\/api.w.org\/{rel}","templated":true}]}}