{"id":18583,"date":"2024-10-24T10:42:02","date_gmt":"2024-10-24T08:42:02","guid":{"rendered":"http:\/\/billigtrikots.com\/?post_type=product&#038;p=18583"},"modified":"2025-10-16T16:01:54","modified_gmt":"2025-10-16T14:01:54","slug":"real-madrid-2024-25-heimtrikot-weiss-kurzarm-kurze-hosen-kylian-mbappe-9","status":"publish","type":"product","link":"https:\/\/www.billigtrikotde.com\/fr\/real-madrid-2024-25-heimtrikot-weiss-kurzarm-kurze-hosen-kylian-mbappe-9\/","title":{"rendered":"Real Madrid 2024-25 Maillot domicile blanc manches courtes + short Kylian Mbappe 9"},"content":{"rendered":"<p>Le maillot Real Madrid Club de F\u00fatbol 2024-25 reprend la couleur blanche traditionnelle de l'\u00e9quipe, combin\u00e9e au noir pour les trois bandes. Le maillot Real Madrid 2024-2025 \u00e9voque les souvenirs des maillots du d\u00e9but des ann\u00e9es 2000 gr\u00e2ce \u00e0 la combinaison classique des couleurs et \u00e0 la sobri\u00e9t\u00e9 du design.<\/p>\n<p>Conseils pour l'impression : Si le nom et le num\u00e9ro figurant sur l'image correspondent exactement \u00e0 ce que vous souhaitez, vous ne devez pas les saisir \u00e0 nouveau. Si ce n'est pas le cas, vous devez saisir le nom et le num\u00e9ro que vous souhaitez.<\/p>\n<p>Conseils pour le lavage : Il est recommand\u00e9 de laver les maillots de football \u00e0 la main. Si vous souhaitez utiliser la machine \u00e0 laver, pensez \u00e0 retourner les maillots de football avant de les laver. Remplissez la machine avec de l'eau froide et utilisez un cycle de lavage d\u00e9licat pour mieux prot\u00e9ger les couleurs.<\/p>","protected":false},"excerpt":{"rendered":"<p>Le maillot Real Madrid Club de F\u00fatbol 2024-25 conserve la couleur blanche traditionnelle de l'\u00e9quipe, associ\u00e9e au noir pour les trois bandes. Le maillot Real Madrid 2024-2025 \u00e9voque, gr\u00e2ce \u00e0 cette combinaison de couleurs classique et \u00e0 son design \u00e9pur\u00e9, des souvenirs des maillots du d\u00e9but des ann\u00e9es 2000. Conseils d'impression : lorsque le nom et le num\u00e9ro figurent sur le [\u2026]<\/p>","protected":false},"featured_media":18627,"comment_status":"open","ping_status":"closed","template":"","meta":[],"product_brand":[],"product_cat":[45],"product_tag":[574,21,228,24,576,1191,489,490,979,47],"class_list":{"0":"post-18583","1":"product","2":"type-product","3":"status-publish","4":"has-post-thumbnail","6":"product_cat-real-madrid","7":"product_tag-fussballtrikot-deutschland","8":"product_tag-fussballtrikot-fuer-herren","9":"product_tag-guenstige-fussballtrikot","10":"product_tag-guenstiges-fussballtrikot","11":"product_tag-kylian-mbappe-trikot","12":"product_tag-real-madrid-club-de-futbol-2024-25-trikot","13":"product_tag-real-madrid-fussballtrikot","14":"product_tag-real-madrid-trikot","15":"product_tag-real-madrid-trikot-2024","16":"product_tag-real-madrid-trikots","18":"first","19":"instock","20":"shipping-taxable","21":"purchasable","22":"product-type-variable"},"_links":{"self":[{"href":"https:\/\/www.billigtrikotde.com\/fr\/wp-json\/wp\/v2\/product\/18583","targetHints":{"allow":["GET"]}}],"collection":[{"href":"https:\/\/www.billigtrikotde.com\/fr\/wp-json\/wp\/v2\/product"}],"about":[{"href":"https:\/\/www.billigtrikotde.com\/fr\/wp-json\/wp\/v2\/types\/product"}],"replies":[{"embeddable":true,"href":"https:\/\/www.billigtrikotde.com\/fr\/wp-json\/wp\/v2\/comments?post=18583"}],"wp:featuredmedia":[{"embeddable":true,"href":"https:\/\/www.billigtrikotde.com\/fr\/wp-json\/wp\/v2\/media\/18627"}],"wp:attachment":[{"href":"https:\/\/www.billigtrikotde.com\/fr\/wp-json\/wp\/v2\/media?parent=18583"}],"wp:term":[{"taxonomy":"product_brand","embeddable":true,"href":"https:\/\/www.billigtrikotde.com\/fr\/wp-json\/wp\/v2\/product_brand?post=18583"},{"taxonomy":"product_cat","embeddable":true,"href":"https:\/\/www.billigtrikotde.com\/fr\/wp-json\/wp\/v2\/product_cat?post=18583"},{"taxonomy":"product_tag","embeddable":true,"href":"https:\/\/www.billigtrikotde.com\/fr\/wp-json\/wp\/v2\/product_tag?post=18583"}],"curies":[{"name":"wp","href":"https:\/\/api.w.org\/{rel}","templated":true}]}}