{"id":18559,"date":"2024-10-24T10:40:43","date_gmt":"2024-10-24T08:40:43","guid":{"rendered":"http:\/\/billigtrikots.com\/?post_type=product&#038;p=18559"},"modified":"2024-11-17T00:40:10","modified_gmt":"2024-11-16T23:40:10","slug":"fussballtrikots-guenstig-bayern-munich-heimtrikot-2024-2025-in-rot","status":"publish","type":"product","link":"https:\/\/www.billigtrikotde.com\/fr\/fussballtrikots-guenstig-bayern-munich-heimtrikot-2024-2025-in-rot\/","title":{"rendered":"Maillots de foot pas cher bayern soccer jersey Munich maillot domicile 2024-2025 en rouge"},"content":{"rendered":"<p>Le maillot du Bayern 2024-2025 \u00ab montre trois teintes de rouge diff\u00e9rentes pour capturer l'identit\u00e9, les \u00e9motions et le drame du match \u00bb et en hommage au tripl\u00e9 gagn\u00e9 dans l'histoire du club. Le maillot du Bayern Munich 2024-2025 respecte pleinement le surnom du club, \u00ab Die Roten \u00bb, en n'adoptant que diff\u00e9rentes teintes de rouge. Le maillot de football du FC Bayern M\u00fcnchen 2024-2025 arbore la couleur traditionnelle du club (\u00ab FC Bayern Red \u00bb) comme couleur principale, associ\u00e9e \u00e0 un rouge plus sombre pour les rayures sur l'avant (\u00ab Team Power Red \u00bb) et \u00e0 un marron tr\u00e8s, tr\u00e8s fonc\u00e9 (\u00ab Shadow Maroon \u00bb) pour les applications.<\/p>\n<p>Conseils pour l'impression : Si le nom et le num\u00e9ro figurant sur l'image correspondent exactement \u00e0 ce que vous souhaitez, vous ne devez pas les saisir \u00e0 nouveau. Si ce n'est pas le cas, vous devez saisir le nom et le num\u00e9ro que vous souhaitez.<\/p>\n<p>Conseils pour le lavage : Il est recommand\u00e9 de laver les maillots de football \u00e0 la main. Si vous souhaitez utiliser la machine \u00e0 laver, pensez \u00e0 retourner les maillots de football avant de les laver. Remplissez la machine avec de l'eau froide et utilisez un cycle de lavage d\u00e9licat pour mieux prot\u00e9ger les couleurs.<\/p>","protected":false},"excerpt":{"rendered":"<p>Das Bayern Trikot 2024-2025 &#8222;zeigt drei verschiedene Rott\u00f6ne, um die Identit\u00e4t, die Emotionen und die Dramatik des Spiels einzufangen&#8220; und als Hommage an das gewonnene Triple in der Geschichte des Vereins.Das Bayern M\u00fcnchen 2024-2025 Trikot macht dem Spitznamen des Vereins, &#8222;Die Roten&#8220;, alle Ehre, indem es nur verschiedene Rott\u00f6ne hat.Das FC Bayern M\u00fcnchen 2024-2025 Fu\u00dfballtrikot [&hellip;]<\/p>","protected":false},"featured_media":18608,"comment_status":"open","ping_status":"closed","template":"","meta":[],"product_brand":[],"product_cat":[175],"product_tag":[1189,137,604,605,20,574,21,23,24],"class_list":{"0":"post-18559","1":"product","2":"type-product","3":"status-publish","4":"has-post-thumbnail","6":"product_cat-bayern-munich","7":"product_tag-bayern-muenchen-24-25-trikot","8":"product_tag-bayern-muenchen-trikots","9":"product_tag-bayern-munich-fussballtrikot","10":"product_tag-bayern-munich-trikot","11":"product_tag-coole-fussballtrikots","12":"product_tag-fussballtrikot-deutschland","13":"product_tag-fussballtrikot-fuer-herren","14":"product_tag-fussballtrikot-kurzarm","15":"product_tag-guenstiges-fussballtrikot","17":"first","18":"instock","19":"shipping-taxable","20":"purchasable","21":"product-type-variable"},"_links":{"self":[{"href":"https:\/\/www.billigtrikotde.com\/fr\/wp-json\/wp\/v2\/product\/18559","targetHints":{"allow":["GET"]}}],"collection":[{"href":"https:\/\/www.billigtrikotde.com\/fr\/wp-json\/wp\/v2\/product"}],"about":[{"href":"https:\/\/www.billigtrikotde.com\/fr\/wp-json\/wp\/v2\/types\/product"}],"replies":[{"embeddable":true,"href":"https:\/\/www.billigtrikotde.com\/fr\/wp-json\/wp\/v2\/comments?post=18559"}],"wp:featuredmedia":[{"embeddable":true,"href":"https:\/\/www.billigtrikotde.com\/fr\/wp-json\/wp\/v2\/media\/18608"}],"wp:attachment":[{"href":"https:\/\/www.billigtrikotde.com\/fr\/wp-json\/wp\/v2\/media?parent=18559"}],"wp:term":[{"taxonomy":"product_brand","embeddable":true,"href":"https:\/\/www.billigtrikotde.com\/fr\/wp-json\/wp\/v2\/product_brand?post=18559"},{"taxonomy":"product_cat","embeddable":true,"href":"https:\/\/www.billigtrikotde.com\/fr\/wp-json\/wp\/v2\/product_cat?post=18559"},{"taxonomy":"product_tag","embeddable":true,"href":"https:\/\/www.billigtrikotde.com\/fr\/wp-json\/wp\/v2\/product_tag?post=18559"}],"curies":[{"name":"wp","href":"https:\/\/api.w.org\/{rel}","templated":true}]}}