{"id":18557,"date":"2024-10-24T10:40:41","date_gmt":"2024-10-24T08:40:41","guid":{"rendered":"http:\/\/billigtrikots.com\/?post_type=product&#038;p=18557"},"modified":"2025-03-13T01:06:23","modified_gmt":"2025-03-13T00:06:23","slug":"fussball-trikot-outlet-manchester-city-heimtrikot-2024-25-kurzarm-kurze-hosen","status":"publish","type":"product","link":"https:\/\/www.billigtrikotde.com\/fr\/fussball-trikot-outlet-manchester-city-heimtrikot-2024-25-kurzarm-kurze-hosen\/","title":{"rendered":"Maillot de foot outlet Manchester City Maillot domicile 2024-25 manches courtes + short"},"content":{"rendered":"<p>Le nouveau maillot de Manchester City 2024-25 combine la couleur bleu ciel classique avec des applications bleu marine et des logos blancs. Ce qui distingue particuli\u00e8rement le maillot Manchester City 24-25, ce sont le col et les poignets des manches. Tous deux sont orn\u00e9s d'un graphique unique inspir\u00e9 du graffiti 0161.<\/p>\n<p>Conseils pour l'impression : Si le nom et le num\u00e9ro figurant sur l'image correspondent exactement \u00e0 ce que vous souhaitez, vous ne devez pas les saisir \u00e0 nouveau. Si ce n'est pas le cas, vous devez saisir le nom et le num\u00e9ro que vous souhaitez.<\/p>\n<p>Conseils pour le lavage : Il est recommand\u00e9 de laver les maillots de football \u00e0 la main. Si vous souhaitez utiliser la machine \u00e0 laver, pensez \u00e0 retourner les maillots de football avant de les laver. Remplissez la machine avec de l'eau froide et utilisez un cycle de lavage d\u00e9licat pour mieux prot\u00e9ger les couleurs.<\/p>","protected":false},"excerpt":{"rendered":"<p>Das neue Man City 2024-25 Trikot hat die klassische himmelblaue Farbe kombiniert mit navyfarbenen Applikationen und wei\u00dfen Logos.Was das Manchester City 24-25 Trikot besonders auszeichnet, sind der Kragen und die \u00c4rmelb\u00fcndchen. Beide sind mit einer einzigartigen, von Graffiti inspirierten 0161-Grafik versehen. Tipps zum Drucken: Wenn der Name und die Nummer auf dem Bild genau Ihren [&hellip;]<\/p>","protected":false},"featured_media":18607,"comment_status":"open","ping_status":"closed","template":"","meta":[],"product_brand":[],"product_cat":[82],"product_tag":[20,574,21,22,24,1187,1188,84],"class_list":{"0":"post-18557","1":"product","2":"type-product","3":"status-publish","4":"has-post-thumbnail","6":"product_cat-manchester-city","7":"product_tag-coole-fussballtrikots","8":"product_tag-fussballtrikot-deutschland","9":"product_tag-fussballtrikot-fuer-herren","10":"product_tag-fussballtrikot-guenstig-kaufen","11":"product_tag-guenstiges-fussballtrikot","12":"product_tag-manchester-city-auswaertstrikot-2024-25","13":"product_tag-manchester-city-trikot-24-25","14":"product_tag-manchester-city-trikots","16":"first","17":"instock","18":"shipping-taxable","19":"purchasable","20":"product-type-variable"},"_links":{"self":[{"href":"https:\/\/www.billigtrikotde.com\/fr\/wp-json\/wp\/v2\/product\/18557","targetHints":{"allow":["GET"]}}],"collection":[{"href":"https:\/\/www.billigtrikotde.com\/fr\/wp-json\/wp\/v2\/product"}],"about":[{"href":"https:\/\/www.billigtrikotde.com\/fr\/wp-json\/wp\/v2\/types\/product"}],"replies":[{"embeddable":true,"href":"https:\/\/www.billigtrikotde.com\/fr\/wp-json\/wp\/v2\/comments?post=18557"}],"wp:featuredmedia":[{"embeddable":true,"href":"https:\/\/www.billigtrikotde.com\/fr\/wp-json\/wp\/v2\/media\/18607"}],"wp:attachment":[{"href":"https:\/\/www.billigtrikotde.com\/fr\/wp-json\/wp\/v2\/media?parent=18557"}],"wp:term":[{"taxonomy":"product_brand","embeddable":true,"href":"https:\/\/www.billigtrikotde.com\/fr\/wp-json\/wp\/v2\/product_brand?post=18557"},{"taxonomy":"product_cat","embeddable":true,"href":"https:\/\/www.billigtrikotde.com\/fr\/wp-json\/wp\/v2\/product_cat?post=18557"},{"taxonomy":"product_tag","embeddable":true,"href":"https:\/\/www.billigtrikotde.com\/fr\/wp-json\/wp\/v2\/product_tag?post=18557"}],"curies":[{"name":"wp","href":"https:\/\/api.w.org\/{rel}","templated":true}]}}