{"id":1853,"date":"2024-10-23T13:48:50","date_gmt":"2024-10-23T11:48:50","guid":{"rendered":"http:\/\/billigtrikots.com\/?post_type=product&#038;p=1853"},"modified":"2024-10-23T13:50:23","modified_gmt":"2024-10-23T11:50:23","slug":"fussball-trikots-von-bvb-borussia-dortmund-heimtrikot-2022-herren-gelb-mit-aufdruck-raschl-37","status":"publish","type":"product","link":"https:\/\/www.billigtrikotde.com\/fr\/fussball-trikots-von-bvb-borussia-dortmund-heimtrikot-2022-herren-gelb-mit-aufdruck-raschl-37\/","title":{"rendered":"Maillots de football de BVB Borussia Dortmund Maillot domicile 2022 pour hommes jaune avec impression Raschl 37"},"content":{"rendered":"<p>Aucun fan du club exceptionnel Borussia Dortmund ne devrait devoir vivre sans ce maillot de football authentique. Il dispose d'un col en V, de manches raglan avec insert d'\u00e9paule en mesh et d'une structure jacquard \u00e0 l'arri\u00e8re pour une respirabilit\u00e9 optimale. De plus, il offre la technologie innovante dryCELL de PUMA, qui \u00e9vacue l'humidit\u00e9 du corps. Et bien s\u00fbr, le logo 09 fi\u00e8rement affich\u00e9 sur la poitrine ne doit pas manquer.<\/p>\n<p>Conseils pour l'impression : Si le nom et le num\u00e9ro figurant sur l'image correspondent exactement \u00e0 ce que vous souhaitez, vous ne devez pas les saisir \u00e0 nouveau. Si ce n'est pas le cas, vous devez saisir le nom et le num\u00e9ro que vous souhaitez.<\/p>\n<p>Conseils pour le lavage : Il est recommand\u00e9 de laver les maillots de football \u00e0 la main. Si vous souhaitez utiliser la machine \u00e0 laver, pensez \u00e0 retourner les maillots de football avant de les laver. Remplissez la machine avec de l'eau froide et utilisez un cycle de lavage d\u00e9licat pour mieux prot\u00e9ger les couleurs.<\/p>","protected":false},"excerpt":{"rendered":"<p>Aucun fan du club exceptionnel Borussia Dortmund ne devrait vivre sans ce maillot de football authentique. Il dispose d'un col en V, de manches raglan avec insert d'\u00e9paule en mesh et d'une structure jacquard \u00e0 l'arri\u00e8re pour une respirabilit\u00e9 optimale. De plus, il offre la technologie innovante dryCELL de PUMA, qui \u00e9vacue l'humidit\u00e9 du corps. Et bien s\u00fbr, il ne faut pas oublier le logo fi\u00e8rement affich\u00e9 sur la poitrine [\u2026]<\/p>","protected":false},"featured_media":1884,"comment_status":"open","ping_status":"closed","template":"","meta":[],"product_brand":[],"product_cat":[63],"product_tag":[20,65,66,21,22,23,24],"class_list":{"0":"post-1853","1":"product","2":"type-product","3":"status-publish","4":"has-post-thumbnail","6":"product_cat-borussia-dortmund","7":"product_tag-coole-fussballtrikots","8":"product_tag-borussia-dortmund-trikots","9":"product_tag-bvb-trikots","10":"product_tag-fussballtrikot-fuer-herren","11":"product_tag-fussballtrikot-guenstig-kaufen","12":"product_tag-fussballtrikot-kurzarm","13":"product_tag-guenstiges-fussballtrikot","15":"first","16":"instock","17":"shipping-taxable","18":"purchasable","19":"product-type-variable"},"_links":{"self":[{"href":"https:\/\/www.billigtrikotde.com\/fr\/wp-json\/wp\/v2\/product\/1853","targetHints":{"allow":["GET"]}}],"collection":[{"href":"https:\/\/www.billigtrikotde.com\/fr\/wp-json\/wp\/v2\/product"}],"about":[{"href":"https:\/\/www.billigtrikotde.com\/fr\/wp-json\/wp\/v2\/types\/product"}],"replies":[{"embeddable":true,"href":"https:\/\/www.billigtrikotde.com\/fr\/wp-json\/wp\/v2\/comments?post=1853"}],"wp:featuredmedia":[{"embeddable":true,"href":"https:\/\/www.billigtrikotde.com\/fr\/wp-json\/wp\/v2\/media\/1884"}],"wp:attachment":[{"href":"https:\/\/www.billigtrikotde.com\/fr\/wp-json\/wp\/v2\/media?parent=1853"}],"wp:term":[{"taxonomy":"product_brand","embeddable":true,"href":"https:\/\/www.billigtrikotde.com\/fr\/wp-json\/wp\/v2\/product_brand?post=1853"},{"taxonomy":"product_cat","embeddable":true,"href":"https:\/\/www.billigtrikotde.com\/fr\/wp-json\/wp\/v2\/product_cat?post=1853"},{"taxonomy":"product_tag","embeddable":true,"href":"https:\/\/www.billigtrikotde.com\/fr\/wp-json\/wp\/v2\/product_tag?post=1853"}],"curies":[{"name":"wp","href":"https:\/\/api.w.org\/{rel}","templated":true}]}}