{"id":18358,"date":"2024-10-24T10:29:26","date_gmt":"2024-10-24T08:29:26","guid":{"rendered":"http:\/\/billigtrikots.com\/?post_type=product&#038;p=18358"},"modified":"2024-10-24T10:32:32","modified_gmt":"2024-10-24T08:32:32","slug":"guenstige-fussballtrikots-herren-argentinien-auswaertstrikot-2024-25-mit-aufdruck-lionel-messi","status":"publish","type":"product","link":"https:\/\/www.billigtrikotde.com\/fr\/guenstige-fussballtrikots-herren-argentinien-auswaertstrikot-2024-25-mit-aufdruck-lionel-messi\/","title":{"rendered":"Maillots de football pas cher hommes Argentine maillot ext\u00e9rieur 2024-25 avec impression Lionel Messi"},"content":{"rendered":"<p>Maillots de football pas chers pour hommes Argentin Maillot ext\u00e9rieur 2024-25 en ligne. Le maillot ext\u00e9rieur Argentin 2024 associe une couleur bleu roi \u00e0 celles du drapeau argentin, blanc et bleu ciel. Les Three Stripes sont probablement bleu clair, l\u2019embl\u00e8me AFA est bleu ciel et blanc. La couleur bleue du maillot ext\u00e9rieur Argentin 2024 ressemble \u00e0 celle des maillots ext\u00e9rieurs argentins jusqu\u2019\u00e0 la fin des ann\u00e9es 90, avant que le bleu marine ne devienne le choix ordinaire. L\u2019embl\u00e8me de la f\u00e9d\u00e9ration sera bicolore en bleu ciel et blanc. Ce qui rend le maillot ext\u00e9rieur Argentin 2024 unique est un d\u00e9tail qui \u00e9voque le Mondial 2006 \u2013 la page pr\u00e9sente un panneau esprit d\u2019\u00e9quipe aux couleurs bleu ciel et blanc du drapeau argentin. Le maillot ext\u00e9rieur Argentin 2006 a \u00e9t\u00e9 port\u00e9 par Messi lors de ses d\u00e9buts en Coupe du monde, et le maillot ext\u00e9rieur 2024 est un hommage clair \u00e0 ce design.<\/p>\n<p>Conseils pour l'impression : Si le nom et le num\u00e9ro figurant sur l'image correspondent exactement \u00e0 ce que vous souhaitez, vous ne devez pas les saisir \u00e0 nouveau. Si ce n'est pas le cas, vous devez saisir le nom et le num\u00e9ro que vous souhaitez.<\/p>\n<p>Conseils pour le lavage : Il est recommand\u00e9 de laver les maillots de football \u00e0 la main. Si vous souhaitez utiliser la machine \u00e0 laver, pensez \u00e0 retourner les maillots de football avant de les laver. Remplissez la machine avec de l'eau froide et utilisez un cycle de lavage d\u00e9licat pour mieux prot\u00e9ger les couleurs.<\/p>","protected":false},"excerpt":{"rendered":"<p>G\u00fcnstige Fu\u00dfballtrikots Herren Argentinien Ausw\u00e4rtstrikot 2024-25 mit Aufdruck Lionel Messi.Das Argentinien 2024 Ausw\u00e4rtstrikot kombiniert eine k\u00f6nigsblaue Grundfarbe mit den Farben der argentinischen Flagge, Wei\u00df und Himmelblau. Die Three Stripes sind wahrscheinlich hellblau, das AFA-Wappen ist himmelblau und wei\u00df.Die blaue Farbe des Argentinien 2024-Ausw\u00e4rtstrikots \u00e4hnelt der Farbe der argentinischen Ausw\u00e4rtstrikots bis Ende der 90er Jahre, bevor [&hellip;]<\/p>","protected":false},"featured_media":18403,"comment_status":"open","ping_status":"closed","template":"","meta":[],"product_brand":[],"product_cat":[325],"product_tag":[1186,1119,20,21,22,24],"class_list":{"0":"post-18358","1":"product","2":"type-product","3":"status-publish","4":"has-post-thumbnail","6":"product_cat-argentinien-trikots","7":"product_tag-argentinien-2024-25-trikots","8":"product_tag-argentinien-fussballtrikots","9":"product_tag-coole-fussballtrikots","10":"product_tag-fussballtrikot-fuer-herren","11":"product_tag-fussballtrikot-guenstig-kaufen","12":"product_tag-guenstiges-fussballtrikot","14":"first","15":"instock","16":"shipping-taxable","17":"purchasable","18":"product-type-variable"},"_links":{"self":[{"href":"https:\/\/www.billigtrikotde.com\/fr\/wp-json\/wp\/v2\/product\/18358","targetHints":{"allow":["GET"]}}],"collection":[{"href":"https:\/\/www.billigtrikotde.com\/fr\/wp-json\/wp\/v2\/product"}],"about":[{"href":"https:\/\/www.billigtrikotde.com\/fr\/wp-json\/wp\/v2\/types\/product"}],"replies":[{"embeddable":true,"href":"https:\/\/www.billigtrikotde.com\/fr\/wp-json\/wp\/v2\/comments?post=18358"}],"wp:featuredmedia":[{"embeddable":true,"href":"https:\/\/www.billigtrikotde.com\/fr\/wp-json\/wp\/v2\/media\/18403"}],"wp:attachment":[{"href":"https:\/\/www.billigtrikotde.com\/fr\/wp-json\/wp\/v2\/media?parent=18358"}],"wp:term":[{"taxonomy":"product_brand","embeddable":true,"href":"https:\/\/www.billigtrikotde.com\/fr\/wp-json\/wp\/v2\/product_brand?post=18358"},{"taxonomy":"product_cat","embeddable":true,"href":"https:\/\/www.billigtrikotde.com\/fr\/wp-json\/wp\/v2\/product_cat?post=18358"},{"taxonomy":"product_tag","embeddable":true,"href":"https:\/\/www.billigtrikotde.com\/fr\/wp-json\/wp\/v2\/product_tag?post=18358"}],"curies":[{"name":"wp","href":"https:\/\/api.w.org\/{rel}","templated":true}]}}