{"id":18311,"date":"2024-10-24T10:27:10","date_gmt":"2024-10-24T08:27:10","guid":{"rendered":"http:\/\/billigtrikots.com\/?post_type=product&#038;p=18311"},"modified":"2024-10-24T10:29:49","modified_gmt":"2024-10-24T08:29:49","slug":"billige-usa-heimtrikot-copa-america-2024-kurzarm-fuer-herren","status":"publish","type":"product","link":"https:\/\/www.billigtrikotde.com\/fr\/billige-usa-heimtrikot-copa-america-2024-kurzarm-fuer-herren\/","title":{"rendered":"Maillot domicile pas cher USA Copa Am\u00e9rica 2024 manches courtes pour hommes"},"content":{"rendered":"<p>Le site <strong>Maillot de football USA 2024<\/strong> a un design classique et pourtant unique. Il combine une couleur de fond blanche avec bleu marine et rouge. L\u2019\u00e9l\u00e9ment sp\u00e9cial du maillot de l\u2019ann\u00e9e 2024 est le col et les poignets des manches. Le col est orn\u00e9 d\u2019un motif moiti\u00e9 et moiti\u00e9 qui montre le drapeau am\u00e9ricain et se poursuit \u00e9galement sur les bords des manches.<\/p>","protected":false},"excerpt":{"rendered":"<p>a un design classique et pourtant unique. Il combine une couleur de fond blanche avec bleu marine et rouge. L\u2019\u00e9l\u00e9ment sp\u00e9cial du maillot de l\u2019ann\u00e9e 2024 est le col et les poignets des manches. Le col est orn\u00e9 d\u2019un motif moiti\u00e9 et moiti\u00e9 qui montre le drapeau am\u00e9ricain et se poursuit \u00e9galement sur les bords des manches.<\/p>","protected":false},"featured_media":18361,"comment_status":"open","ping_status":"closed","template":"","meta":[],"product_brand":[],"product_cat":[245],"product_tag":[20,21,22,24,1174,1175,1176,1177],"class_list":{"0":"post-18311","1":"product","2":"type-product","3":"status-publish","4":"has-post-thumbnail","6":"product_cat-usa-trikots","7":"product_tag-coole-fussballtrikots","8":"product_tag-fussballtrikot-fuer-herren","9":"product_tag-fussballtrikot-guenstig-kaufen","10":"product_tag-guenstiges-fussballtrikot","11":"product_tag-usa-auswaerts-2024","12":"product_tag-usa-copa-america-2024","13":"product_tag-usa-fussballtrikots","14":"product_tag-usa-heim-2024","16":"first","17":"instock","18":"shipping-taxable","19":"purchasable","20":"product-type-variable"},"_links":{"self":[{"href":"https:\/\/www.billigtrikotde.com\/fr\/wp-json\/wp\/v2\/product\/18311","targetHints":{"allow":["GET"]}}],"collection":[{"href":"https:\/\/www.billigtrikotde.com\/fr\/wp-json\/wp\/v2\/product"}],"about":[{"href":"https:\/\/www.billigtrikotde.com\/fr\/wp-json\/wp\/v2\/types\/product"}],"replies":[{"embeddable":true,"href":"https:\/\/www.billigtrikotde.com\/fr\/wp-json\/wp\/v2\/comments?post=18311"}],"wp:featuredmedia":[{"embeddable":true,"href":"https:\/\/www.billigtrikotde.com\/fr\/wp-json\/wp\/v2\/media\/18361"}],"wp:attachment":[{"href":"https:\/\/www.billigtrikotde.com\/fr\/wp-json\/wp\/v2\/media?parent=18311"}],"wp:term":[{"taxonomy":"product_brand","embeddable":true,"href":"https:\/\/www.billigtrikotde.com\/fr\/wp-json\/wp\/v2\/product_brand?post=18311"},{"taxonomy":"product_cat","embeddable":true,"href":"https:\/\/www.billigtrikotde.com\/fr\/wp-json\/wp\/v2\/product_cat?post=18311"},{"taxonomy":"product_tag","embeddable":true,"href":"https:\/\/www.billigtrikotde.com\/fr\/wp-json\/wp\/v2\/product_tag?post=18311"}],"curies":[{"name":"wp","href":"https:\/\/api.w.org\/{rel}","templated":true}]}}