{"id":18236,"date":"2024-10-24T10:23:12","date_gmt":"2024-10-24T08:23:12","guid":{"rendered":"http:\/\/billigtrikots.com\/?post_type=product&#038;p=18236"},"modified":"2024-10-24T10:26:27","modified_gmt":"2024-10-24T08:26:27","slug":"billige-argentinien-heimtrikot-copa-america-2024-mit-aufdruck-di-maria-11","status":"publish","type":"product","link":"https:\/\/www.billigtrikotde.com\/fr\/billige-argentinien-heimtrikot-copa-america-2024-mit-aufdruck-di-maria-11\/","title":{"rendered":"Maillot domicile pas cher Argentine Copa Am\u00e9rica 2024 avec impression Di Mar\u00eda 11"},"content":{"rendered":"<p>Le maillot Argentine 2024 pr\u00e9sente les traditionnelles bandes blanches et bleu ciel du pays, combin\u00e9es \u00e0 des logos dor\u00e9s, des applications et une \u00e9criture dor\u00e9e.L'Argentine a remport\u00e9 \u00e0 la fois la Copa Am\u00e9rica 2021 et la Coupe du monde 2022, les \u00e9l\u00e9ments dor\u00e9s sont donc un hommage appropri\u00e9.Les bandes du maillot Argentine 2024 sont classiques, avec une bande bleue au centre et les bandes blanches avec le logo AFA.L'Argentine utilise un logo \u00e0 trois \u00e9toiles l\u00e9g\u00e8rement actualis\u00e9, la troisi\u00e8me \u00e9toile \u00e9tant plac\u00e9e l\u00e9g\u00e8rement plus haut que les deux des premi\u00e8res Coupes du monde.<\/p>","protected":false},"excerpt":{"rendered":"<p>Das Argentinien 2024 Trikot zeigt die traditionellen wei\u00dfen und himmelblauen Streifen des Landes, kombiniert mit goldenen Logos, Applikationen und einer goldenen Schrift.Argentinien hat sowohl die Copa Am\u00e9rica 2021 als auch die Weltmeisterschaft 2022 gewonnen, daher sind die goldenen Elemente eine passende Hommage.Die Streifen des Argentinien-Trikots 2024 sind klassisch, mit einem blauen Streifen in der Mitte [&hellip;]<\/p>","protected":false},"featured_media":18289,"comment_status":"open","ping_status":"closed","template":"","meta":[],"product_brand":[],"product_cat":[325],"product_tag":[1124,1125,1126,1127,1128,1118,1119,20,21,22,24],"class_list":{"0":"post-18236","1":"product","2":"type-product","3":"status-publish","4":"has-post-thumbnail","6":"product_cat-argentinien-trikots","7":"product_tag-angel-di-maria-auswaerts-2024","8":"product_tag-angel-di-maria-copa-america-2024","9":"product_tag-angel-di-maria-fussballtrikots","10":"product_tag-angel-di-maria-heim-2024","11":"product_tag-angel-di-maria-kinder","12":"product_tag-argentinien-copa-america-2024","13":"product_tag-argentinien-fussballtrikots","14":"product_tag-coole-fussballtrikots","15":"product_tag-fussballtrikot-fuer-herren","16":"product_tag-fussballtrikot-guenstig-kaufen","17":"product_tag-guenstiges-fussballtrikot","19":"first","20":"instock","21":"shipping-taxable","22":"purchasable","23":"product-type-variable"},"_links":{"self":[{"href":"https:\/\/www.billigtrikotde.com\/fr\/wp-json\/wp\/v2\/product\/18236","targetHints":{"allow":["GET"]}}],"collection":[{"href":"https:\/\/www.billigtrikotde.com\/fr\/wp-json\/wp\/v2\/product"}],"about":[{"href":"https:\/\/www.billigtrikotde.com\/fr\/wp-json\/wp\/v2\/types\/product"}],"replies":[{"embeddable":true,"href":"https:\/\/www.billigtrikotde.com\/fr\/wp-json\/wp\/v2\/comments?post=18236"}],"wp:featuredmedia":[{"embeddable":true,"href":"https:\/\/www.billigtrikotde.com\/fr\/wp-json\/wp\/v2\/media\/18289"}],"wp:attachment":[{"href":"https:\/\/www.billigtrikotde.com\/fr\/wp-json\/wp\/v2\/media?parent=18236"}],"wp:term":[{"taxonomy":"product_brand","embeddable":true,"href":"https:\/\/www.billigtrikotde.com\/fr\/wp-json\/wp\/v2\/product_brand?post=18236"},{"taxonomy":"product_cat","embeddable":true,"href":"https:\/\/www.billigtrikotde.com\/fr\/wp-json\/wp\/v2\/product_cat?post=18236"},{"taxonomy":"product_tag","embeddable":true,"href":"https:\/\/www.billigtrikotde.com\/fr\/wp-json\/wp\/v2\/product_tag?post=18236"}],"curies":[{"name":"wp","href":"https:\/\/api.w.org\/{rel}","templated":true}]}}