{"id":18184,"date":"2024-10-24T10:20:48","date_gmt":"2024-10-24T08:20:48","guid":{"rendered":"http:\/\/billigtrikots.com\/?post_type=product&#038;p=18184"},"modified":"2024-10-24T10:23:36","modified_gmt":"2024-10-24T08:23:36","slug":"billige-schottland-euro-2024-auswaertstrikot-em-24-25-kurzarm","status":"publish","type":"product","link":"https:\/\/www.billigtrikotde.com\/fr\/billige-schottland-euro-2024-auswaertstrikot-em-24-25-kurzarm\/","title":{"rendered":"\u00c9cosse pas cher Euro 2024 Maillot ext\u00e9rieur EM 24-25 manches courtes"},"content":{"rendered":"<p>Le maillot ext\u00e9rieur de l'Ecosse pour l'Euro 2024 associe une couleur de base bleu menthe clair \u00e0 des logos et d\u00e9tails violets, dont un \u00e9cusson \u00e9cossais uni sur la poitrine.Un d\u00e9tail int\u00e9ressant du maillot ext\u00e9rieur de l'Ecosse pour l'Euro 2024 est le graphisme des bandes sur les panneaux lat\u00e9raux.<\/p>","protected":false},"excerpt":{"rendered":"<p>Le maillot ext\u00e9rieur de l'Ecosse pour l'Euro 2024 associe une couleur de base bleu menthe clair \u00e0 des logos et d\u00e9tails violets, dont un \u00e9cusson \u00e9cossais uni sur la poitrine.Un d\u00e9tail int\u00e9ressant du maillot ext\u00e9rieur de l'Ecosse pour l'Euro 2024 est le graphisme des bandes sur les panneaux lat\u00e9raux.<\/p>","protected":false},"featured_media":18237,"comment_status":"open","ping_status":"closed","template":"","meta":[],"product_brand":[],"product_cat":[1072,1107],"product_tag":[20,1076,1077,21,22,23,24,1108],"class_list":{"0":"post-18184","1":"product","2":"type-product","3":"status-publish","4":"has-post-thumbnail","6":"product_cat-em-2024-trikots","7":"product_cat-schottland-trikots","8":"product_tag-coole-fussballtrikots","9":"product_tag-em-2024-trikot","10":"product_tag-em-2024-trikot-herren","11":"product_tag-fussballtrikot-fuer-herren","12":"product_tag-fussballtrikot-guenstig-kaufen","13":"product_tag-fussballtrikot-kurzarm","14":"product_tag-guenstiges-fussballtrikot","15":"product_tag-schottland-trikot-em-2024","17":"first","18":"instock","19":"shipping-taxable","20":"purchasable","21":"product-type-variable"},"_links":{"self":[{"href":"https:\/\/www.billigtrikotde.com\/fr\/wp-json\/wp\/v2\/product\/18184","targetHints":{"allow":["GET"]}}],"collection":[{"href":"https:\/\/www.billigtrikotde.com\/fr\/wp-json\/wp\/v2\/product"}],"about":[{"href":"https:\/\/www.billigtrikotde.com\/fr\/wp-json\/wp\/v2\/types\/product"}],"replies":[{"embeddable":true,"href":"https:\/\/www.billigtrikotde.com\/fr\/wp-json\/wp\/v2\/comments?post=18184"}],"wp:featuredmedia":[{"embeddable":true,"href":"https:\/\/www.billigtrikotde.com\/fr\/wp-json\/wp\/v2\/media\/18237"}],"wp:attachment":[{"href":"https:\/\/www.billigtrikotde.com\/fr\/wp-json\/wp\/v2\/media?parent=18184"}],"wp:term":[{"taxonomy":"product_brand","embeddable":true,"href":"https:\/\/www.billigtrikotde.com\/fr\/wp-json\/wp\/v2\/product_brand?post=18184"},{"taxonomy":"product_cat","embeddable":true,"href":"https:\/\/www.billigtrikotde.com\/fr\/wp-json\/wp\/v2\/product_cat?post=18184"},{"taxonomy":"product_tag","embeddable":true,"href":"https:\/\/www.billigtrikotde.com\/fr\/wp-json\/wp\/v2\/product_tag?post=18184"}],"curies":[{"name":"wp","href":"https:\/\/api.w.org\/{rel}","templated":true}]}}