{"id":18174,"date":"2024-10-24T10:20:15","date_gmt":"2024-10-24T08:20:15","guid":{"rendered":"http:\/\/billigtrikots.com\/?post_type=product&#038;p=18174"},"modified":"2024-10-24T10:23:01","modified_gmt":"2024-10-24T08:23:01","slug":"polen-euro-2024-auswaertstrikots-em-24-25-rot-kurzarm","status":"publish","type":"product","link":"https:\/\/www.billigtrikotde.com\/fr\/polen-euro-2024-auswaertstrikots-em-24-25-rot-kurzarm\/","title":{"rendered":"Pologne Euro 2024 Maillots ext\u00e9rieur EM 24-25 rouge manches courtes"},"content":{"rendered":"<p>Le maillot ext\u00e9rieur Pologne 2024 est beaucoup plus moderne que le maillot.Le maillot ext\u00e9rieur Pologne 2024 est rouge avec un \u00e9trange d\u00e9grad\u00e9 de diff\u00e9rentes nuances d'orange, de marron et de rouge. Le d\u00e9grad\u00e9 est compos\u00e9 d'une croix.<\/p>","protected":false},"excerpt":{"rendered":"<p>Le maillot ext\u00e9rieur Pologne 2024 est beaucoup plus moderne que le maillot.Le maillot ext\u00e9rieur Pologne 2024 est rouge avec un \u00e9trange d\u00e9grad\u00e9 de diff\u00e9rentes nuances d'orange, de marron et de rouge. Le d\u00e9grad\u00e9 est compos\u00e9 d'une croix.<\/p>","protected":false},"featured_media":18227,"comment_status":"open","ping_status":"closed","template":"","meta":[],"product_brand":[],"product_cat":[1072,415],"product_tag":[20,1076,1077,21,22,23,24,1106],"class_list":{"0":"post-18174","1":"product","2":"type-product","3":"status-publish","4":"has-post-thumbnail","6":"product_cat-em-2024-trikots","7":"product_cat-polen-trikots","8":"product_tag-coole-fussballtrikots","9":"product_tag-em-2024-trikot","10":"product_tag-em-2024-trikot-herren","11":"product_tag-fussballtrikot-fuer-herren","12":"product_tag-fussballtrikot-guenstig-kaufen","13":"product_tag-fussballtrikot-kurzarm","14":"product_tag-guenstiges-fussballtrikot","15":"product_tag-polen-trikot-em-2024","17":"first","18":"instock","19":"shipping-taxable","20":"purchasable","21":"product-type-variable"},"_links":{"self":[{"href":"https:\/\/www.billigtrikotde.com\/fr\/wp-json\/wp\/v2\/product\/18174","targetHints":{"allow":["GET"]}}],"collection":[{"href":"https:\/\/www.billigtrikotde.com\/fr\/wp-json\/wp\/v2\/product"}],"about":[{"href":"https:\/\/www.billigtrikotde.com\/fr\/wp-json\/wp\/v2\/types\/product"}],"replies":[{"embeddable":true,"href":"https:\/\/www.billigtrikotde.com\/fr\/wp-json\/wp\/v2\/comments?post=18174"}],"wp:featuredmedia":[{"embeddable":true,"href":"https:\/\/www.billigtrikotde.com\/fr\/wp-json\/wp\/v2\/media\/18227"}],"wp:attachment":[{"href":"https:\/\/www.billigtrikotde.com\/fr\/wp-json\/wp\/v2\/media?parent=18174"}],"wp:term":[{"taxonomy":"product_brand","embeddable":true,"href":"https:\/\/www.billigtrikotde.com\/fr\/wp-json\/wp\/v2\/product_brand?post=18174"},{"taxonomy":"product_cat","embeddable":true,"href":"https:\/\/www.billigtrikotde.com\/fr\/wp-json\/wp\/v2\/product_cat?post=18174"},{"taxonomy":"product_tag","embeddable":true,"href":"https:\/\/www.billigtrikotde.com\/fr\/wp-json\/wp\/v2\/product_tag?post=18174"}],"curies":[{"name":"wp","href":"https:\/\/api.w.org\/{rel}","templated":true}]}}