{"id":18162,"date":"2024-10-24T10:19:40","date_gmt":"2024-10-24T08:19:40","guid":{"rendered":"http:\/\/billigtrikots.com\/?post_type=product&#038;p=18162"},"modified":"2024-10-24T10:22:26","modified_gmt":"2024-10-24T08:22:26","slug":"niederlande-euro-2024-heimtrikot-em-24-25-orange-kurzarm","status":"publish","type":"product","link":"https:\/\/www.billigtrikotde.com\/fr\/niederlande-euro-2024-heimtrikot-em-24-25-orange-kurzarm\/","title":{"rendered":"Pays-Bas Euro 2024 Maillot domicile EM 24-25 orange manches courtes"},"content":{"rendered":"<p>Le maillot des Pays-Bas 2024 est principalement \"Safety Orange\", combin\u00e9 avec du bleu marine (\"Blue Void\") et du bleu marine (\"Copa\"). Le design du maillot des Pays-Bas Euro 2024 est simple et moderne (contrairement au maillot ext\u00e9rieur). Il est d\u00e9pourvu de motifs et est de couleur orange unie. Seules les applications en bleu marine et sarcelle font la diff\u00e9rence.<\/p>","protected":false},"excerpt":{"rendered":"<p>Le maillot des Pays-Bas 2024 est principalement \"Safety Orange\", combin\u00e9 avec du bleu marine (\"Blue Void\") et du bleu marine (\"Copa\"). Le design du maillot des Pays-Bas Euro 2024 est simple et moderne (contrairement au maillot ext\u00e9rieur). Il est d\u00e9pourvu de motifs et est de couleur orange unie. Seules les applications en bleu marine et sarcelle font la diff\u00e9rence.<\/p>","protected":false},"featured_media":18215,"comment_status":"open","ping_status":"closed","template":"","meta":[],"product_brand":[],"product_cat":[1102,1072],"product_tag":[20,1076,1077,21,22,23,24,1103],"class_list":{"0":"post-18162","1":"product","2":"type-product","3":"status-publish","4":"has-post-thumbnail","6":"product_cat-em-2024-niederlande","7":"product_cat-em-2024-trikots","8":"product_tag-coole-fussballtrikots","9":"product_tag-em-2024-trikot","10":"product_tag-em-2024-trikot-herren","11":"product_tag-fussballtrikot-fuer-herren","12":"product_tag-fussballtrikot-guenstig-kaufen","13":"product_tag-fussballtrikot-kurzarm","14":"product_tag-guenstiges-fussballtrikot","15":"product_tag-niederlande-trikot-em-2024","17":"first","18":"instock","19":"shipping-taxable","20":"purchasable","21":"product-type-variable"},"_links":{"self":[{"href":"https:\/\/www.billigtrikotde.com\/fr\/wp-json\/wp\/v2\/product\/18162","targetHints":{"allow":["GET"]}}],"collection":[{"href":"https:\/\/www.billigtrikotde.com\/fr\/wp-json\/wp\/v2\/product"}],"about":[{"href":"https:\/\/www.billigtrikotde.com\/fr\/wp-json\/wp\/v2\/types\/product"}],"replies":[{"embeddable":true,"href":"https:\/\/www.billigtrikotde.com\/fr\/wp-json\/wp\/v2\/comments?post=18162"}],"wp:featuredmedia":[{"embeddable":true,"href":"https:\/\/www.billigtrikotde.com\/fr\/wp-json\/wp\/v2\/media\/18215"}],"wp:attachment":[{"href":"https:\/\/www.billigtrikotde.com\/fr\/wp-json\/wp\/v2\/media?parent=18162"}],"wp:term":[{"taxonomy":"product_brand","embeddable":true,"href":"https:\/\/www.billigtrikotde.com\/fr\/wp-json\/wp\/v2\/product_brand?post=18162"},{"taxonomy":"product_cat","embeddable":true,"href":"https:\/\/www.billigtrikotde.com\/fr\/wp-json\/wp\/v2\/product_cat?post=18162"},{"taxonomy":"product_tag","embeddable":true,"href":"https:\/\/www.billigtrikotde.com\/fr\/wp-json\/wp\/v2\/product_tag?post=18162"}],"curies":[{"name":"wp","href":"https:\/\/api.w.org\/{rel}","templated":true}]}}