{"id":18149,"date":"2024-10-24T10:19:04","date_gmt":"2024-10-24T08:19:04","guid":{"rendered":"http:\/\/billigtrikots.com\/?post_type=product&#038;p=18149"},"modified":"2024-10-24T10:21:50","modified_gmt":"2024-10-24T08:21:50","slug":"kroatien-euro-2024-auswaertstrikot-em-24-25-kurzarm","status":"publish","type":"product","link":"https:\/\/www.billigtrikotde.com\/fr\/kroatien-euro-2024-auswaertstrikot-em-24-25-kurzarm\/","title":{"rendered":"Croatie EURO 2024 Maillot ext\u00e9rieur EM 24-25 manches courtes"},"content":{"rendered":"<p>Le maillot ext\u00e9rieur de la Croatie 2024 a un look bien moins controvers\u00e9. Il est bleu marine avec des damiers diagonaux qui pr\u00e9sentent aussi de jolis d\u00e9tails rouges. Le Swoosh du maillot ext\u00e9rieur de la Croatie 2024 est blanc.<\/p>","protected":false},"excerpt":{"rendered":"<p>Le maillot ext\u00e9rieur de la Croatie 2024 a un look bien moins controvers\u00e9. Il est bleu marine avec des damiers diagonaux qui pr\u00e9sentent aussi de jolis d\u00e9tails rouges. Le Swoosh du maillot ext\u00e9rieur de la Croatie 2024 est blanc.<\/p>","protected":false},"featured_media":18201,"comment_status":"open","ping_status":"closed","template":"","meta":[],"product_brand":[],"product_cat":[1100,1072],"product_tag":[20,1076,1077,21,22,23,24,1101],"class_list":{"0":"post-18149","1":"product","2":"type-product","3":"status-publish","4":"has-post-thumbnail","6":"product_cat-em-2024-kroatien","7":"product_cat-em-2024-trikots","8":"product_tag-coole-fussballtrikots","9":"product_tag-em-2024-trikot","10":"product_tag-em-2024-trikot-herren","11":"product_tag-fussballtrikot-fuer-herren","12":"product_tag-fussballtrikot-guenstig-kaufen","13":"product_tag-fussballtrikot-kurzarm","14":"product_tag-guenstiges-fussballtrikot","15":"product_tag-kroatien-trikot-em-2024","17":"first","18":"instock","19":"shipping-taxable","20":"purchasable","21":"product-type-variable"},"_links":{"self":[{"href":"https:\/\/www.billigtrikotde.com\/fr\/wp-json\/wp\/v2\/product\/18149","targetHints":{"allow":["GET"]}}],"collection":[{"href":"https:\/\/www.billigtrikotde.com\/fr\/wp-json\/wp\/v2\/product"}],"about":[{"href":"https:\/\/www.billigtrikotde.com\/fr\/wp-json\/wp\/v2\/types\/product"}],"replies":[{"embeddable":true,"href":"https:\/\/www.billigtrikotde.com\/fr\/wp-json\/wp\/v2\/comments?post=18149"}],"wp:featuredmedia":[{"embeddable":true,"href":"https:\/\/www.billigtrikotde.com\/fr\/wp-json\/wp\/v2\/media\/18201"}],"wp:attachment":[{"href":"https:\/\/www.billigtrikotde.com\/fr\/wp-json\/wp\/v2\/media?parent=18149"}],"wp:term":[{"taxonomy":"product_brand","embeddable":true,"href":"https:\/\/www.billigtrikotde.com\/fr\/wp-json\/wp\/v2\/product_brand?post=18149"},{"taxonomy":"product_cat","embeddable":true,"href":"https:\/\/www.billigtrikotde.com\/fr\/wp-json\/wp\/v2\/product_cat?post=18149"},{"taxonomy":"product_tag","embeddable":true,"href":"https:\/\/www.billigtrikotde.com\/fr\/wp-json\/wp\/v2\/product_tag?post=18149"}],"curies":[{"name":"wp","href":"https:\/\/api.w.org\/{rel}","templated":true}]}}